{"id":8080,"date":"2022-02-21T20:44:19","date_gmt":"2022-02-21T20:44:19","guid":{"rendered":"https:\/\/strim.si\/trgovina\/?page_id=8080"},"modified":"2022-04-08T17:14:59","modified_gmt":"2022-04-08T16:14:59","slug":"sofinanciranje-projekta","status":"publish","type":"page","link":"https:\/\/strim.si\/trgovina\/sofinanciranje-projekta\/","title":{"rendered":"Sofinanciranje projekta"},"content":{"rendered":"<section class=\"l-section wpb_row height_custom\"><div class=\"l-section-h i-cf\"><div class=\"g-cols vc_row via_grid cols_1 laptops-cols_inherit tablets-cols_inherit mobiles-cols_1 valign_top type_default\"><div class=\"wpb_column vc_column_container\"><div class=\"vc_column-inner\"><div class=\"wpb_text_column\"><div class=\"wpb_wrapper\"><p>Nalo\u017ebo za izdelavo spletne trgovine, spletne rezervacijske platforme in spletne strani sofinancirata Republika Slovenija in Evropska unija iz Evropskega sklada za regionalni razvoj. Povezava na spletno stran EKP v Sloveniji: <a href=\"http:\/\/www.eu-skladi.si\/\">www.eu-skladi.si<\/a><\/p>\n<p>Podjetje Strim plus d.o.o. je na javnem razpisu za \u00bbVav\u010der za digitalni marketing\u00ab uspe\u0161no pridobilo sofinanciranje za projekt operacije \u00bbSpletna stran, spletne trgovina in rezervacijska platforma\u00ab. Operacija je sofinancirana prek Vav\u010derja za digitalni marketing. Nalo\u017ebo VAV\u010cER ZA DIGITALNI MARKETING (izdelavo spletne strani, spletne trgovine in rezervacijske platforme ) sofinancirata Republika Slovenija in Evropska unija iz Evropskega sklada za regionalni razvoj.<\/p>\n<\/div><\/div><\/div><\/div><\/div><\/div><\/section><section class=\"l-section wpb_row us_custom_dcc76fa7 height_auto\"><div class=\"l-section-h i-cf\"><div class=\"g-cols vc_row via_grid cols_3 laptops-cols_inherit tablets-cols_inherit mobiles-cols_1 valign_top type_default\"><div class=\"wpb_column vc_column_container\"><div class=\"vc_column-inner\"><div class=\"w-image align_center\"><div class=\"w-image-h\"><img decoding=\"async\" width=\"320\" height=\"80\" src=\"https:\/\/strim.si\/trgovina\/wp-content\/uploads\/2022\/02\/RSLogo.png\" class=\"attachment-large size-large\" alt=\"\" srcset=\"https:\/\/strim.si\/trgovina\/wp-content\/uploads\/2022\/02\/RSLogo.png 320w, https:\/\/strim.si\/trgovina\/wp-content\/uploads\/2022\/02\/RSLogo-300x75.png 300w\" sizes=\"(max-width: 320px) 100vw, 320px\" \/><\/div><\/div><\/div><\/div><div class=\"wpb_column vc_column_container\"><div class=\"vc_column-inner\"><div class=\"w-image align_center\"><div class=\"w-image-h\"><img decoding=\"async\" width=\"320\" height=\"80\" src=\"https:\/\/strim.si\/trgovina\/wp-content\/uploads\/2022\/02\/SPSLogo.png\" class=\"attachment-large size-large\" alt=\"\" srcset=\"https:\/\/strim.si\/trgovina\/wp-content\/uploads\/2022\/02\/SPSLogo.png 320w, https:\/\/strim.si\/trgovina\/wp-content\/uploads\/2022\/02\/SPSLogo-300x75.png 300w\" sizes=\"(max-width: 320px) 100vw, 320px\" \/><\/div><\/div><\/div><\/div><div class=\"wpb_column vc_column_container\"><div class=\"vc_column-inner\"><div class=\"w-image align_center\"><div class=\"w-image-h\"><img decoding=\"async\" width=\"320\" height=\"80\" src=\"https:\/\/strim.si\/trgovina\/wp-content\/uploads\/2022\/02\/EvropaLogo.png\" class=\"attachment-large size-large\" alt=\"\" srcset=\"https:\/\/strim.si\/trgovina\/wp-content\/uploads\/2022\/02\/EvropaLogo.png 320w, https:\/\/strim.si\/trgovina\/wp-content\/uploads\/2022\/02\/EvropaLogo-300x75.png 300w\" sizes=\"(max-width: 320px) 100vw, 320px\" \/><\/div><\/div><\/div><\/div><\/div><\/div><\/section>\n","protected":false},"excerpt":{"rendered":"Nalo\u017ebo za izdelavo spletne trgovine, spletne rezervacijske platforme in spletne strani sofinancirata Republika Slovenija in Evropska unija iz Evropskega sklada za regionalni razvoj. Povezava na spletno stran EKP v Sloveniji: www.eu-skladi.si Podjetje Strim plus d.o.o. je na javnem razpisu za \u00bbVav\u010der za digitalni marketing\u00ab uspe\u0161no pridobilo sofinanciranje za projekt operacije \u00bbSpletna stran, spletne trgovina in...","protected":false},"author":1,"featured_media":0,"parent":0,"menu_order":0,"comment_status":"closed","ping_status":"closed","template":"","meta":{"_acf_changed":false,"footnotes":""},"class_list":["post-8080","page","type-page","status-publish","hentry"],"acf":[],"yoast_head":"<!-- This site is optimized with the Yoast SEO plugin v22.3 - https:\/\/yoast.com\/wordpress\/plugins\/seo\/ -->\n<title>Sofinanciranje projekta - Strim plus<\/title>\n<meta name=\"robots\" content=\"index, follow, max-snippet:-1, max-image-preview:large, max-video-preview:-1\" \/>\n<link rel=\"canonical\" href=\"https:\/\/strim.si\/trgovina\/sofinanciranje-projekta\/\" \/>\n<meta property=\"og:locale\" content=\"sl_SI\" \/>\n<meta property=\"og:type\" content=\"article\" \/>\n<meta property=\"og:title\" content=\"Sofinanciranje projekta - Strim plus\" \/>\n<meta property=\"og:url\" content=\"https:\/\/strim.si\/trgovina\/sofinanciranje-projekta\/\" \/>\n<meta property=\"og:site_name\" content=\"Strim plus\" \/>\n<meta property=\"article:modified_time\" content=\"2022-04-08T16:14:59+00:00\" \/>\n<meta name=\"twitter:card\" content=\"summary_large_image\" \/>\n<meta name=\"twitter:label1\" content=\"Est. reading time\" \/>\n\t<meta name=\"twitter:data1\" content=\"1 minuta\" \/>\n<script type=\"application\/ld+json\" class=\"yoast-schema-graph\">{\"@context\":\"https:\/\/schema.org\",\"@graph\":[{\"@type\":\"WebPage\",\"@id\":\"https:\/\/strim.si\/trgovina\/sofinanciranje-projekta\/\",\"url\":\"https:\/\/strim.si\/trgovina\/sofinanciranje-projekta\/\",\"name\":\"Sofinanciranje projekta - Strim plus\",\"isPartOf\":{\"@id\":\"https:\/\/strim.si\/trgovina\/#website\"},\"datePublished\":\"2022-02-21T20:44:19+00:00\",\"dateModified\":\"2022-04-08T16:14:59+00:00\",\"breadcrumb\":{\"@id\":\"https:\/\/strim.si\/trgovina\/sofinanciranje-projekta\/#breadcrumb\"},\"inLanguage\":\"sl-SI\",\"potentialAction\":[{\"@type\":\"ReadAction\",\"target\":[\"https:\/\/strim.si\/trgovina\/sofinanciranje-projekta\/\"]}]},{\"@type\":\"BreadcrumbList\",\"@id\":\"https:\/\/strim.si\/trgovina\/sofinanciranje-projekta\/#breadcrumb\",\"itemListElement\":[{\"@type\":\"ListItem\",\"position\":1,\"name\":\"Home\",\"item\":\"https:\/\/strim.si\/trgovina\/\"},{\"@type\":\"ListItem\",\"position\":2,\"name\":\"Sofinanciranje projekta\"}]},{\"@type\":\"WebSite\",\"@id\":\"https:\/\/strim.si\/trgovina\/#website\",\"url\":\"https:\/\/strim.si\/trgovina\/\",\"name\":\"Strim plus\",\"description\":\"spletna trgovina\",\"potentialAction\":[{\"@type\":\"SearchAction\",\"target\":{\"@type\":\"EntryPoint\",\"urlTemplate\":\"https:\/\/strim.si\/trgovina\/?s={search_term_string}\"},\"query-input\":\"required name=search_term_string\"}],\"inLanguage\":\"sl-SI\"}]}<\/script>\n<!-- \/ Yoast SEO plugin. -->","yoast_head_json":{"title":"Sofinanciranje projekta - Strim plus","robots":{"index":"index","follow":"follow","max-snippet":"max-snippet:-1","max-image-preview":"max-image-preview:large","max-video-preview":"max-video-preview:-1"},"canonical":"https:\/\/strim.si\/trgovina\/sofinanciranje-projekta\/","og_locale":"sl_SI","og_type":"article","og_title":"Sofinanciranje projekta - Strim plus","og_url":"https:\/\/strim.si\/trgovina\/sofinanciranje-projekta\/","og_site_name":"Strim plus","article_modified_time":"2022-04-08T16:14:59+00:00","twitter_card":"summary_large_image","twitter_misc":{"Est. reading time":"1 minuta"},"schema":{"@context":"https:\/\/schema.org","@graph":[{"@type":"WebPage","@id":"https:\/\/strim.si\/trgovina\/sofinanciranje-projekta\/","url":"https:\/\/strim.si\/trgovina\/sofinanciranje-projekta\/","name":"Sofinanciranje projekta - Strim plus","isPartOf":{"@id":"https:\/\/strim.si\/trgovina\/#website"},"datePublished":"2022-02-21T20:44:19+00:00","dateModified":"2022-04-08T16:14:59+00:00","breadcrumb":{"@id":"https:\/\/strim.si\/trgovina\/sofinanciranje-projekta\/#breadcrumb"},"inLanguage":"sl-SI","potentialAction":[{"@type":"ReadAction","target":["https:\/\/strim.si\/trgovina\/sofinanciranje-projekta\/"]}]},{"@type":"BreadcrumbList","@id":"https:\/\/strim.si\/trgovina\/sofinanciranje-projekta\/#breadcrumb","itemListElement":[{"@type":"ListItem","position":1,"name":"Home","item":"https:\/\/strim.si\/trgovina\/"},{"@type":"ListItem","position":2,"name":"Sofinanciranje projekta"}]},{"@type":"WebSite","@id":"https:\/\/strim.si\/trgovina\/#website","url":"https:\/\/strim.si\/trgovina\/","name":"Strim plus","description":"spletna trgovina","potentialAction":[{"@type":"SearchAction","target":{"@type":"EntryPoint","urlTemplate":"https:\/\/strim.si\/trgovina\/?s={search_term_string}"},"query-input":"required name=search_term_string"}],"inLanguage":"sl-SI"}]}},"_links":{"self":[{"href":"https:\/\/strim.si\/trgovina\/wp-json\/wp\/v2\/pages\/8080","targetHints":{"allow":["GET"]}}],"collection":[{"href":"https:\/\/strim.si\/trgovina\/wp-json\/wp\/v2\/pages"}],"about":[{"href":"https:\/\/strim.si\/trgovina\/wp-json\/wp\/v2\/types\/page"}],"author":[{"embeddable":true,"href":"https:\/\/strim.si\/trgovina\/wp-json\/wp\/v2\/users\/1"}],"replies":[{"embeddable":true,"href":"https:\/\/strim.si\/trgovina\/wp-json\/wp\/v2\/comments?post=8080"}],"version-history":[{"count":4,"href":"https:\/\/strim.si\/trgovina\/wp-json\/wp\/v2\/pages\/8080\/revisions"}],"predecessor-version":[{"id":8648,"href":"https:\/\/strim.si\/trgovina\/wp-json\/wp\/v2\/pages\/8080\/revisions\/8648"}],"wp:attachment":[{"href":"https:\/\/strim.si\/trgovina\/wp-json\/wp\/v2\/media?parent=8080"}],"curies":[{"name":"wp","href":"https:\/\/api.w.org\/{rel}","templated":true}]}}