{"id":8193,"date":"2022-03-06T20:15:44","date_gmt":"2022-03-06T20:15:44","guid":{"rendered":"https:\/\/strim.si\/trgovina\/?page_id=8193"},"modified":"2022-03-10T21:26:03","modified_gmt":"2022-03-10T21:26:03","slug":"piskotki","status":"publish","type":"page","link":"https:\/\/strim.si\/trgovina\/piskotki\/","title":{"rendered":"Pi\u0161kotki"},"content":{"rendered":"<section class=\"l-section wpb_row height_custom\"><div class=\"l-section-h i-cf\"><div class=\"g-cols vc_row via_grid cols_1 laptops-cols_inherit tablets-cols_inherit mobiles-cols_1 valign_top type_default\"><div class=\"wpb_column vc_column_container\"><div class=\"vc_column-inner\"><div class=\"wpb_text_column\"><div class=\"wpb_wrapper\"><p>To obvestilo je podano v skladu z Zakonom o elektronskih komunikacijah (ZEKom-1), ki ureja pravila glede uporabe pi\u0161kotkov in podobnih tehnologij za shranjevanje podatkov ali dostop do podatkov, shranjenih na va\u0161em ra\u010dunalniku ali mobilni napravi.<\/p>\n<h2>KAJ SO PI\u0160KOTKI<\/h2>\n<p>Pi\u0161kotki so majhne tekstovne datoteke, ki se ob obisku spletne strani prenesejo na va\u0161 ra\u010dunalnik ali mobilno napravo. Pi\u0161kotki obi\u010dajno vsebujejo ime stre\u017enika, s katerega je bil poslan pi\u0161kotek; \u017eivljenjsko dobo pi\u0161kotka in vrednost, ki je obi\u010dajno neko naklju\u010dno generirano edinstveno \u0161tevilo.<\/p>\n<p>Pi\u0161kotki na spletni strani https:\/\/strim.si\/trgovina skrbijo za bolj\u0161o uporabni\u0161ko izku\u0161njo in vam omogo\u010dajo uporabo spletne strani ter funkcionalnosti na strani (prijava v poslovalnico, ogled videov, deljenje vsebin na dru\u017ebenih omre\u017ejih) ter zbirajo agregirane informacije o uporabi na\u0161e spletne strani.<\/p>\n<p>Pi\u0161kotki sami po sebi ne omogo\u010dajo va\u0161e identifikacije in samo z njimi ni mogo\u010de ugotoviti, kdo konkretno ste.<\/p>\n<h2>VRSTE PI\u0160KOTKOV, KI JIH UPORABLJAMO<\/h2>\n<h3>Skupina 1 \u2013 nujno potrebni pi\u0161kotki<\/h3>\n<p>Med nujno potrebne pi\u0161kotke uvr\u0161\u010damo pi\u0161kotke, ki vam omogo\u010dajo dostop do spletne strani in so klju\u010dni za delovanje posameznih funkcionalnosti spletne strani, zato jih na va\u0161o napravo vedno namestimo. Nastavijo se, ko opravite kakr\u0161no koli interakcijo s spletno stranjo in hkrati ne zbirajo analiti\u010dnih ali drugih podatkov o va\u0161em obisku.<\/p>\n<p>Spodnja tabela prikazuje pi\u0161kotke, ki jih uporabljamo na spletni strani:<\/p>\n<table class=\"table table-stripped\" cellspacing=\"0\" cellpadding=\"0\">\n<thead>\n<tr>\n<td><strong>STORITEV<\/strong><\/td>\n<td><strong>\u010cAS SHRANJEVANJA PI\u0160KOTKA<\/strong><\/td>\n<td><strong>NAME\u0160\u010cA IN UPRAVLJA S PODATKI<\/strong><\/td>\n<td><strong>NAMEN OBDELAVE S PI\u0160KOTKOM ZBRANIH PODATKOV<\/strong><\/td>\n<\/tr>\n<\/thead>\n<tbody>\n<tr>\n<td>moove_gdpr_popup<\/td>\n<td>1 leto<\/td>\n<td>https:\/\/strim.si\/trgovina<\/td>\n<td>S pomo\u010djo tega pi\u0161kotka si zapomnimo va\u0161o izbiro glede name\u0161\u010danja pi\u0161kotkov. Podatki zbrani s pomo\u010djo pi\u0161kotka se ne delijo s tretjimi osebami.<\/td>\n<\/tr>\n<\/tbody>\n<\/table>\n<h3>Skupina 2 \u2013 lastni analiti\u010dni pi\u0161kotki<\/h3>\n<p>Sem spadajo analiti\u010dni in funkcijski pi\u0161kotki, s katerimi analiziramo promet na spletni strani.<\/p>\n<p>Na\u0161i lastni analiti\u010dni pi\u0161kotki se na va\u0161o napravo namestijo takoj, ko prispete na na\u0161o spletno stran, in se name\u0161\u010dajo vedno, razen v primeru, da v nastavitvah name\u0161\u010danja pi\u0161kotkov izberete mo\u017enost \u00bbSe ne strinjam\u201d.<\/p>\n<p>Lastni analiti\u010dni pi\u0161kotki ne zbirajo podatkov, ki bi omogo\u010dali va\u0161o identifikacijo. Varovanje va\u0161e zasebnosti zagotavljamo s kodiranjem va\u0161ega IP naslova, tako da va\u0161e naprave na podlagi zbranih podatkov ni mogo\u010de izslediti. Prav tako podatkov, zbranih prek na\u0161ih lastnih analiti\u010dnih pi\u0161kotkov ne delimo s tretjimi osebami.<\/p>\n<p>Spodnja tabela prikazuje pi\u0161kotke, ki jih uporabljamo na spletni strani:<\/p>\n<table class=\"table table-stripped\" cellspacing=\"0\" cellpadding=\"0\">\n<tbody>\n<tr>\n<td><strong>STORITEV<\/strong><\/td>\n<td><strong>\u010cAS SHRANJEVANJA PI\u0160KOTKA<\/strong><\/td>\n<td><strong>NAME\u0160\u010cA IN UPRAVLJA S PODATKI<\/strong><\/td>\n<td><strong>NAMEN OBDELAVE S PI\u0160KOTKOM ZBRANIH PODATKOV<\/strong><\/td>\n<\/tr>\n<tr>\n<td>_ga<\/td>\n<td>2 leti<\/td>\n<td><a href=\"http:\/\/www.google.com\/about\/company\/\">Google Inc.<\/a><\/td>\n<td>Pi\u0161kotki servisa Google Analytics, za analizo obiska na\u0161e spletne strani. Sledijo vam anonimno in ne prepoznajo va\u0161ih osebnih podatkov, zgolj aktivnosti na na\u0161i spletni strani. Dostop do podatkov, zbranih prek teh pi\u0161kotkov, ni na voljo tretjim osebam.<\/td>\n<\/tr>\n<tr>\n<td>_gat<\/td>\n<td>Do konca seje<\/td>\n<td><a href=\"http:\/\/www.google.com\/about\/company\/\">Google Inc.<\/a><\/td>\n<td>Pi\u0161kotki servisa Google Analytics, za analizo obiska na\u0161e spletne strani. Sledijo vam anonimno in ne prepoznajo va\u0161ih osebnih podatkov, zgolj aktivnosti na na\u0161i spletni strani. Dostop do podatkov, zbranih prek teh pi\u0161kotkov, ni na voljo tretjim osebam.<\/td>\n<\/tr>\n<tr>\n<td>_gid<\/td>\n<td>Do konca seje<\/td>\n<td><a href=\"http:\/\/www.google.com\/about\/company\/\">Google Inc.<\/a><\/td>\n<td>Pi\u0161kotki servisa Google Analytics, za analizo obiska na\u0161e spletne strani. Sledijo vam anonimno in ne prepoznajo va\u0161ih osebnih podatkov, zgolj aktivnosti na na\u0161i spletni strani. Dostop do podatkov, zbranih prek teh pi\u0161kotkov, ni na voljo tretjim osebam.<\/td>\n<\/tr>\n<\/tbody>\n<\/table>\n<h3>Skupina 3 \u2013 pi\u0161kotki partnerskih storitev<\/h3>\n<p>Sem spadajo pi\u0161kotki na\u0161ih partnerskih storitev, kot so Facebook, LinkedIn, Google idr. Ti pi\u0161kotki omogo\u010dajo uporabo vti\u010dnikov in funkcij na spletni strani, ki so povezane z njihovimi dru\u017ebenimi omre\u017eji in drugimi platformami ter za sledenje va\u0161i uporabi njihovih storitev. Z uporabo spletne strani se strinjate z namestitvijo. \u010ce se s tem ne strinjate, izberite \u201d Ne sogla\u0161am z uporabo\u201d in teh pi\u0161kotkov ne bomo namestili. Lahko se zgodi, da vam v tem primeru nekatere zanimive funkcije spletne strani ne bodo na voljo.<\/p>\n<p>Pi\u0161kotki tretjih oseb se name\u0161\u010dajo le, kadar to izrecno dovolite z izbiro mo\u017enosti \u00bbStrinjam se\u00ab v nastavitvah name\u0161\u010danja pi\u0161kotkov na na\u0161i spletni strani. V okviru pi\u0161kotkov tretjih oseb ponujamo bolj\u0161o uporabni\u0161ko izku\u0161njo, deljenje vsebin skozi razli\u010dna socialna omre\u017eja kot tudi prilagajanje ponudbe glede na va\u0161e \u017eelje in potrebe, zbrane skozi predhodno brskanje po spletu spletu.<\/p>\n<p><em>Teh pi\u0161kotkov trenutno na strani ne uporabljamo.<\/em><\/p>\n<h2>VA\u0160E NASTAVITVE ZA NAME\u0160\u010cANJE PI\u0160KOTKOV NA NA\u0160I SPLETNI STRANI<\/h2>\n<p>Va\u0161e nastavitve glede pi\u0161kotkov lahko kadarkoli spremenite s klikom\u00a0<a href=\"https:\/\/strim.si\/piskotki\/#gdpr_cookie_modal\">tukaj<\/a>.<\/p>\n<\/div><\/div><\/div><\/div><\/div><\/div><\/section>\n","protected":false},"excerpt":{"rendered":"To obvestilo je podano v skladu z Zakonom o elektronskih komunikacijah (ZEKom-1), ki ureja pravila glede uporabe pi\u0161kotkov in podobnih tehnologij za shranjevanje podatkov ali dostop do podatkov, shranjenih na va\u0161em ra\u010dunalniku ali mobilni napravi. KAJ SO PI\u0160KOTKI Pi\u0161kotki so majhne tekstovne datoteke, ki se ob obisku spletne strani prenesejo na va\u0161 ra\u010dunalnik ali mobilno...","protected":false},"author":1,"featured_media":0,"parent":0,"menu_order":0,"comment_status":"closed","ping_status":"closed","template":"","meta":{"_acf_changed":false,"footnotes":""},"class_list":["post-8193","page","type-page","status-publish","hentry"],"acf":[],"yoast_head":"<!-- This site is optimized with the Yoast SEO plugin v22.3 - https:\/\/yoast.com\/wordpress\/plugins\/seo\/ -->\n<title>Pi\u0161kotki - Strim plus<\/title>\n<meta name=\"robots\" content=\"index, follow, max-snippet:-1, max-image-preview:large, max-video-preview:-1\" \/>\n<link rel=\"canonical\" href=\"https:\/\/strim.si\/trgovina\/piskotki\/\" \/>\n<meta property=\"og:locale\" content=\"sl_SI\" \/>\n<meta property=\"og:type\" content=\"article\" \/>\n<meta property=\"og:title\" content=\"Pi\u0161kotki - Strim plus\" \/>\n<meta property=\"og:url\" content=\"https:\/\/strim.si\/trgovina\/piskotki\/\" \/>\n<meta property=\"og:site_name\" content=\"Strim plus\" \/>\n<meta property=\"article:modified_time\" content=\"2022-03-10T21:26:03+00:00\" \/>\n<meta name=\"twitter:card\" content=\"summary_large_image\" \/>\n<meta name=\"twitter:label1\" content=\"Est. reading time\" \/>\n\t<meta name=\"twitter:data1\" content=\"4 minute\" \/>\n<script type=\"application\/ld+json\" class=\"yoast-schema-graph\">{\"@context\":\"https:\/\/schema.org\",\"@graph\":[{\"@type\":\"WebPage\",\"@id\":\"https:\/\/strim.si\/trgovina\/piskotki\/\",\"url\":\"https:\/\/strim.si\/trgovina\/piskotki\/\",\"name\":\"Pi\u0161kotki - Strim plus\",\"isPartOf\":{\"@id\":\"https:\/\/strim.si\/trgovina\/#website\"},\"datePublished\":\"2022-03-06T20:15:44+00:00\",\"dateModified\":\"2022-03-10T21:26:03+00:00\",\"breadcrumb\":{\"@id\":\"https:\/\/strim.si\/trgovina\/piskotki\/#breadcrumb\"},\"inLanguage\":\"sl-SI\",\"potentialAction\":[{\"@type\":\"ReadAction\",\"target\":[\"https:\/\/strim.si\/trgovina\/piskotki\/\"]}]},{\"@type\":\"BreadcrumbList\",\"@id\":\"https:\/\/strim.si\/trgovina\/piskotki\/#breadcrumb\",\"itemListElement\":[{\"@type\":\"ListItem\",\"position\":1,\"name\":\"Home\",\"item\":\"https:\/\/strim.si\/trgovina\/\"},{\"@type\":\"ListItem\",\"position\":2,\"name\":\"Pi\u0161kotki\"}]},{\"@type\":\"WebSite\",\"@id\":\"https:\/\/strim.si\/trgovina\/#website\",\"url\":\"https:\/\/strim.si\/trgovina\/\",\"name\":\"Strim plus\",\"description\":\"spletna trgovina\",\"potentialAction\":[{\"@type\":\"SearchAction\",\"target\":{\"@type\":\"EntryPoint\",\"urlTemplate\":\"https:\/\/strim.si\/trgovina\/?s={search_term_string}\"},\"query-input\":\"required name=search_term_string\"}],\"inLanguage\":\"sl-SI\"}]}<\/script>\n<!-- \/ Yoast SEO plugin. -->","yoast_head_json":{"title":"Pi\u0161kotki - Strim plus","robots":{"index":"index","follow":"follow","max-snippet":"max-snippet:-1","max-image-preview":"max-image-preview:large","max-video-preview":"max-video-preview:-1"},"canonical":"https:\/\/strim.si\/trgovina\/piskotki\/","og_locale":"sl_SI","og_type":"article","og_title":"Pi\u0161kotki - Strim plus","og_url":"https:\/\/strim.si\/trgovina\/piskotki\/","og_site_name":"Strim plus","article_modified_time":"2022-03-10T21:26:03+00:00","twitter_card":"summary_large_image","twitter_misc":{"Est. reading time":"4 minute"},"schema":{"@context":"https:\/\/schema.org","@graph":[{"@type":"WebPage","@id":"https:\/\/strim.si\/trgovina\/piskotki\/","url":"https:\/\/strim.si\/trgovina\/piskotki\/","name":"Pi\u0161kotki - Strim plus","isPartOf":{"@id":"https:\/\/strim.si\/trgovina\/#website"},"datePublished":"2022-03-06T20:15:44+00:00","dateModified":"2022-03-10T21:26:03+00:00","breadcrumb":{"@id":"https:\/\/strim.si\/trgovina\/piskotki\/#breadcrumb"},"inLanguage":"sl-SI","potentialAction":[{"@type":"ReadAction","target":["https:\/\/strim.si\/trgovina\/piskotki\/"]}]},{"@type":"BreadcrumbList","@id":"https:\/\/strim.si\/trgovina\/piskotki\/#breadcrumb","itemListElement":[{"@type":"ListItem","position":1,"name":"Home","item":"https:\/\/strim.si\/trgovina\/"},{"@type":"ListItem","position":2,"name":"Pi\u0161kotki"}]},{"@type":"WebSite","@id":"https:\/\/strim.si\/trgovina\/#website","url":"https:\/\/strim.si\/trgovina\/","name":"Strim plus","description":"spletna trgovina","potentialAction":[{"@type":"SearchAction","target":{"@type":"EntryPoint","urlTemplate":"https:\/\/strim.si\/trgovina\/?s={search_term_string}"},"query-input":"required name=search_term_string"}],"inLanguage":"sl-SI"}]}},"_links":{"self":[{"href":"https:\/\/strim.si\/trgovina\/wp-json\/wp\/v2\/pages\/8193","targetHints":{"allow":["GET"]}}],"collection":[{"href":"https:\/\/strim.si\/trgovina\/wp-json\/wp\/v2\/pages"}],"about":[{"href":"https:\/\/strim.si\/trgovina\/wp-json\/wp\/v2\/types\/page"}],"author":[{"embeddable":true,"href":"https:\/\/strim.si\/trgovina\/wp-json\/wp\/v2\/users\/1"}],"replies":[{"embeddable":true,"href":"https:\/\/strim.si\/trgovina\/wp-json\/wp\/v2\/comments?post=8193"}],"version-history":[{"count":8,"href":"https:\/\/strim.si\/trgovina\/wp-json\/wp\/v2\/pages\/8193\/revisions"}],"predecessor-version":[{"id":8598,"href":"https:\/\/strim.si\/trgovina\/wp-json\/wp\/v2\/pages\/8193\/revisions\/8598"}],"wp:attachment":[{"href":"https:\/\/strim.si\/trgovina\/wp-json\/wp\/v2\/media?parent=8193"}],"curies":[{"name":"wp","href":"https:\/\/api.w.org\/{rel}","templated":true}]}}