{"id":8529,"date":"2022-03-09T19:22:45","date_gmt":"2022-03-09T19:22:45","guid":{"rendered":"https:\/\/strim.si\/trgovina\/?page_id=8529"},"modified":"2022-03-09T19:26:25","modified_gmt":"2022-03-09T19:26:25","slug":"pravno-obvestilo","status":"publish","type":"page","link":"https:\/\/strim.si\/trgovina\/pravno-obvestilo\/","title":{"rendered":"Pravno obvestilo"},"content":{"rendered":"<section class=\"l-section wpb_row height_custom\"><div class=\"l-section-h i-cf\"><div class=\"g-cols vc_row via_grid cols_1 laptops-cols_inherit tablets-cols_inherit mobiles-cols_1 valign_top type_default\"><div class=\"wpb_column vc_column_container\"><div class=\"vc_column-inner\"><div class=\"wpb_text_column\"><div class=\"wpb_wrapper\"><p>Vsebine na teh spletnih straneh omogo\u010dajo splo\u0161ne informacije o podjetju Strim plus d.o.o. in njegovih storitvah.<\/p>\n<p>Podjetje Strim plus d.o.o. se bo na svojih straneh z vso potrebno skrbnostjo trudilo zagotavljati to\u010dnost ter a\u017eurnost podatkov. Podatki na teh spletnih straneh so zgolj informativne narave, zato v podjetju Strim plus d.o.o. ne prevzemamo nikakr\u0161ne odgovornosti za katerekoli vsebinske napake ter za napake pri pravilnosti in to\u010dnosti objavljenih podatkov. Vsi uporabniki objavljeno vsebino uporabljajo na lastno odgovornost. Niti podjetje Strim plus d.o.o., niti katerakoli druga pravna ali fizi\u010dna oseba, ki je sodelovala pri nastanku in vsebinskem urejanju spletne strani, ne odgovarja za nobeno \u0161kodo, ki bi izhajala iz dostopa, uporabe ali nezmo\u017enosti uporabe informacij na teh spletnih straneh, ali za kakr\u0161nekoli napake ali pomanjkljivosti v njihovi vsebini.<\/p>\n<p>V podjetju Strim plus d.o.o. nismo odgovorni za morebitne te\u017eave pri delovanju spletne strani. Pridru\u017eujemo si pravico do morebitnih napak in sprememb na spletni strani. V podjetju Strim plus d.o.o. ne prevzemamo nobene odgovornosti za morebitne viruse, ki bi se uporabnikom prenesli s te spletne strani, in priporo\u010damo, da se uporabniki pred nevarnostjo virusov ustrezno zavarujejo \u0161e pred prenosom informacij s te spletne strani. V podjetju Strim plus d.o.o. si pridr\u017eujemo pravico, da uporabnike napotimo na druge strani svetovnega spleta in ne prevzemamo nikakr\u0161ne odgovornosti za njihovo vsebino.<\/p>\n<\/div><\/div><\/div><\/div><\/div><\/div><\/section>\n","protected":false},"excerpt":{"rendered":"Vsebine na teh spletnih straneh omogo\u010dajo splo\u0161ne informacije o podjetju Strim plus d.o.o. in njegovih storitvah. Podjetje Strim plus d.o.o. se bo na svojih straneh z vso potrebno skrbnostjo trudilo zagotavljati to\u010dnost ter a\u017eurnost podatkov. Podatki na teh spletnih straneh so zgolj informativne narave, zato v podjetju Strim plus d.o.o. ne prevzemamo nikakr\u0161ne odgovornosti za...","protected":false},"author":1,"featured_media":0,"parent":0,"menu_order":0,"comment_status":"closed","ping_status":"closed","template":"","meta":{"_acf_changed":false,"footnotes":""},"class_list":["post-8529","page","type-page","status-publish","hentry"],"acf":[],"yoast_head":"<!-- This site is optimized with the Yoast SEO plugin v22.3 - https:\/\/yoast.com\/wordpress\/plugins\/seo\/ -->\n<title>Pravno obvestilo - Strim plus<\/title>\n<meta name=\"robots\" content=\"index, follow, max-snippet:-1, max-image-preview:large, max-video-preview:-1\" \/>\n<link rel=\"canonical\" href=\"https:\/\/strim.si\/trgovina\/pravno-obvestilo\/\" \/>\n<meta property=\"og:locale\" content=\"sl_SI\" \/>\n<meta property=\"og:type\" content=\"article\" \/>\n<meta property=\"og:title\" content=\"Pravno obvestilo - Strim plus\" \/>\n<meta property=\"og:url\" content=\"https:\/\/strim.si\/trgovina\/pravno-obvestilo\/\" \/>\n<meta property=\"og:site_name\" content=\"Strim plus\" \/>\n<meta property=\"article:modified_time\" content=\"2022-03-09T19:26:25+00:00\" \/>\n<meta name=\"twitter:card\" content=\"summary_large_image\" \/>\n<meta name=\"twitter:label1\" content=\"Est. reading time\" \/>\n\t<meta name=\"twitter:data1\" content=\"1 minuta\" \/>\n<script type=\"application\/ld+json\" class=\"yoast-schema-graph\">{\"@context\":\"https:\/\/schema.org\",\"@graph\":[{\"@type\":\"WebPage\",\"@id\":\"https:\/\/strim.si\/trgovina\/pravno-obvestilo\/\",\"url\":\"https:\/\/strim.si\/trgovina\/pravno-obvestilo\/\",\"name\":\"Pravno obvestilo - Strim plus\",\"isPartOf\":{\"@id\":\"https:\/\/strim.si\/trgovina\/#website\"},\"datePublished\":\"2022-03-09T19:22:45+00:00\",\"dateModified\":\"2022-03-09T19:26:25+00:00\",\"breadcrumb\":{\"@id\":\"https:\/\/strim.si\/trgovina\/pravno-obvestilo\/#breadcrumb\"},\"inLanguage\":\"sl-SI\",\"potentialAction\":[{\"@type\":\"ReadAction\",\"target\":[\"https:\/\/strim.si\/trgovina\/pravno-obvestilo\/\"]}]},{\"@type\":\"BreadcrumbList\",\"@id\":\"https:\/\/strim.si\/trgovina\/pravno-obvestilo\/#breadcrumb\",\"itemListElement\":[{\"@type\":\"ListItem\",\"position\":1,\"name\":\"Home\",\"item\":\"https:\/\/strim.si\/trgovina\/\"},{\"@type\":\"ListItem\",\"position\":2,\"name\":\"Pravno obvestilo\"}]},{\"@type\":\"WebSite\",\"@id\":\"https:\/\/strim.si\/trgovina\/#website\",\"url\":\"https:\/\/strim.si\/trgovina\/\",\"name\":\"Strim plus\",\"description\":\"spletna trgovina\",\"potentialAction\":[{\"@type\":\"SearchAction\",\"target\":{\"@type\":\"EntryPoint\",\"urlTemplate\":\"https:\/\/strim.si\/trgovina\/?s={search_term_string}\"},\"query-input\":\"required name=search_term_string\"}],\"inLanguage\":\"sl-SI\"}]}<\/script>\n<!-- \/ Yoast SEO plugin. -->","yoast_head_json":{"title":"Pravno obvestilo - Strim plus","robots":{"index":"index","follow":"follow","max-snippet":"max-snippet:-1","max-image-preview":"max-image-preview:large","max-video-preview":"max-video-preview:-1"},"canonical":"https:\/\/strim.si\/trgovina\/pravno-obvestilo\/","og_locale":"sl_SI","og_type":"article","og_title":"Pravno obvestilo - Strim plus","og_url":"https:\/\/strim.si\/trgovina\/pravno-obvestilo\/","og_site_name":"Strim plus","article_modified_time":"2022-03-09T19:26:25+00:00","twitter_card":"summary_large_image","twitter_misc":{"Est. reading time":"1 minuta"},"schema":{"@context":"https:\/\/schema.org","@graph":[{"@type":"WebPage","@id":"https:\/\/strim.si\/trgovina\/pravno-obvestilo\/","url":"https:\/\/strim.si\/trgovina\/pravno-obvestilo\/","name":"Pravno obvestilo - Strim plus","isPartOf":{"@id":"https:\/\/strim.si\/trgovina\/#website"},"datePublished":"2022-03-09T19:22:45+00:00","dateModified":"2022-03-09T19:26:25+00:00","breadcrumb":{"@id":"https:\/\/strim.si\/trgovina\/pravno-obvestilo\/#breadcrumb"},"inLanguage":"sl-SI","potentialAction":[{"@type":"ReadAction","target":["https:\/\/strim.si\/trgovina\/pravno-obvestilo\/"]}]},{"@type":"BreadcrumbList","@id":"https:\/\/strim.si\/trgovina\/pravno-obvestilo\/#breadcrumb","itemListElement":[{"@type":"ListItem","position":1,"name":"Home","item":"https:\/\/strim.si\/trgovina\/"},{"@type":"ListItem","position":2,"name":"Pravno obvestilo"}]},{"@type":"WebSite","@id":"https:\/\/strim.si\/trgovina\/#website","url":"https:\/\/strim.si\/trgovina\/","name":"Strim plus","description":"spletna trgovina","potentialAction":[{"@type":"SearchAction","target":{"@type":"EntryPoint","urlTemplate":"https:\/\/strim.si\/trgovina\/?s={search_term_string}"},"query-input":"required name=search_term_string"}],"inLanguage":"sl-SI"}]}},"_links":{"self":[{"href":"https:\/\/strim.si\/trgovina\/wp-json\/wp\/v2\/pages\/8529","targetHints":{"allow":["GET"]}}],"collection":[{"href":"https:\/\/strim.si\/trgovina\/wp-json\/wp\/v2\/pages"}],"about":[{"href":"https:\/\/strim.si\/trgovina\/wp-json\/wp\/v2\/types\/page"}],"author":[{"embeddable":true,"href":"https:\/\/strim.si\/trgovina\/wp-json\/wp\/v2\/users\/1"}],"replies":[{"embeddable":true,"href":"https:\/\/strim.si\/trgovina\/wp-json\/wp\/v2\/comments?post=8529"}],"version-history":[{"count":4,"href":"https:\/\/strim.si\/trgovina\/wp-json\/wp\/v2\/pages\/8529\/revisions"}],"predecessor-version":[{"id":8533,"href":"https:\/\/strim.si\/trgovina\/wp-json\/wp\/v2\/pages\/8529\/revisions\/8533"}],"wp:attachment":[{"href":"https:\/\/strim.si\/trgovina\/wp-json\/wp\/v2\/media?parent=8529"}],"curies":[{"name":"wp","href":"https:\/\/api.w.org\/{rel}","templated":true}]}}