{"id":8534,"date":"2022-03-09T19:27:55","date_gmt":"2022-03-09T19:27:55","guid":{"rendered":"https:\/\/strim.si\/trgovina\/?page_id=8534"},"modified":"2022-03-09T19:27:55","modified_gmt":"2022-03-09T19:27:55","slug":"varovanje-osebnih-podatkov","status":"publish","type":"page","link":"https:\/\/strim.si\/trgovina\/varovanje-osebnih-podatkov\/","title":{"rendered":"Varovanje osebnih podatkov"},"content":{"rendered":"<section class=\"l-section wpb_row height_custom\"><div class=\"l-section-h i-cf\"><div class=\"g-cols vc_row via_grid cols_1 laptops-cols_inherit tablets-cols_inherit mobiles-cols_1 valign_top type_default\"><div class=\"wpb_column vc_column_container\"><div class=\"vc_column-inner\"><div class=\"wpb_text_column\"><div class=\"wpb_wrapper\"><p>Na spletni stran podjetja Strim plus d.o.o. je kontaktni obrazec. <\/p>\n<p>Kontaktne podatke, ki nam jih posredujete ob izpolnitvi oz. oddaji kontaktnega obrazca potrebujemo za obdelavo va\u0161ega naro\u010dila in za komunikacijo z vami. Strim plus d.o.o. spo\u0161tuje va\u0161o zasebnost in je zavezana, da pri zbiranju, hrambi in obdelavi osebnih podatkov ravna skrbno in v skladu z veljavnimi predpisi o varstvu osebnih podatkov. <\/p>\n<p>V vseh primerih bomo poskrbeli za ustrezne za\u0161\u010ditne ukrepe ter da bomo osebne podatke obdelovali zgolj v okviru zakonitih pravnih podlag in izbranih namenov.<\/p>\n<\/div><\/div><\/div><\/div><\/div><\/div><\/section>\n","protected":false},"excerpt":{"rendered":"Na spletni stran podjetja Strim plus d.o.o. je kontaktni obrazec. Kontaktne podatke, ki nam jih posredujete ob izpolnitvi oz. oddaji kontaktnega obrazca potrebujemo za obdelavo va\u0161ega naro\u010dila in za komunikacijo z vami. Strim plus d.o.o. spo\u0161tuje va\u0161o zasebnost in je zavezana, da pri zbiranju, hrambi in obdelavi osebnih podatkov ravna skrbno in v skladu z...","protected":false},"author":1,"featured_media":0,"parent":0,"menu_order":0,"comment_status":"closed","ping_status":"closed","template":"","meta":{"_acf_changed":false,"footnotes":""},"class_list":["post-8534","page","type-page","status-publish","hentry"],"acf":[],"yoast_head":"<!-- This site is optimized with the Yoast SEO plugin v22.3 - https:\/\/yoast.com\/wordpress\/plugins\/seo\/ -->\n<title>Varovanje osebnih podatkov - Strim plus<\/title>\n<meta name=\"robots\" content=\"index, follow, max-snippet:-1, max-image-preview:large, max-video-preview:-1\" \/>\n<link rel=\"canonical\" href=\"https:\/\/strim.si\/trgovina\/varovanje-osebnih-podatkov\/\" \/>\n<meta property=\"og:locale\" content=\"sl_SI\" \/>\n<meta property=\"og:type\" content=\"article\" \/>\n<meta property=\"og:title\" content=\"Varovanje osebnih podatkov - Strim plus\" \/>\n<meta property=\"og:url\" content=\"https:\/\/strim.si\/trgovina\/varovanje-osebnih-podatkov\/\" \/>\n<meta property=\"og:site_name\" content=\"Strim plus\" \/>\n<meta name=\"twitter:card\" content=\"summary_large_image\" \/>\n<meta name=\"twitter:label1\" content=\"Est. reading time\" \/>\n\t<meta name=\"twitter:data1\" content=\"1 minuta\" \/>\n<script type=\"application\/ld+json\" class=\"yoast-schema-graph\">{\"@context\":\"https:\/\/schema.org\",\"@graph\":[{\"@type\":\"WebPage\",\"@id\":\"https:\/\/strim.si\/trgovina\/varovanje-osebnih-podatkov\/\",\"url\":\"https:\/\/strim.si\/trgovina\/varovanje-osebnih-podatkov\/\",\"name\":\"Varovanje osebnih podatkov - Strim plus\",\"isPartOf\":{\"@id\":\"https:\/\/strim.si\/trgovina\/#website\"},\"datePublished\":\"2022-03-09T19:27:55+00:00\",\"dateModified\":\"2022-03-09T19:27:55+00:00\",\"breadcrumb\":{\"@id\":\"https:\/\/strim.si\/trgovina\/varovanje-osebnih-podatkov\/#breadcrumb\"},\"inLanguage\":\"sl-SI\",\"potentialAction\":[{\"@type\":\"ReadAction\",\"target\":[\"https:\/\/strim.si\/trgovina\/varovanje-osebnih-podatkov\/\"]}]},{\"@type\":\"BreadcrumbList\",\"@id\":\"https:\/\/strim.si\/trgovina\/varovanje-osebnih-podatkov\/#breadcrumb\",\"itemListElement\":[{\"@type\":\"ListItem\",\"position\":1,\"name\":\"Home\",\"item\":\"https:\/\/strim.si\/trgovina\/\"},{\"@type\":\"ListItem\",\"position\":2,\"name\":\"Varovanje osebnih podatkov\"}]},{\"@type\":\"WebSite\",\"@id\":\"https:\/\/strim.si\/trgovina\/#website\",\"url\":\"https:\/\/strim.si\/trgovina\/\",\"name\":\"Strim plus\",\"description\":\"spletna trgovina\",\"potentialAction\":[{\"@type\":\"SearchAction\",\"target\":{\"@type\":\"EntryPoint\",\"urlTemplate\":\"https:\/\/strim.si\/trgovina\/?s={search_term_string}\"},\"query-input\":\"required name=search_term_string\"}],\"inLanguage\":\"sl-SI\"}]}<\/script>\n<!-- \/ Yoast SEO plugin. -->","yoast_head_json":{"title":"Varovanje osebnih podatkov - Strim plus","robots":{"index":"index","follow":"follow","max-snippet":"max-snippet:-1","max-image-preview":"max-image-preview:large","max-video-preview":"max-video-preview:-1"},"canonical":"https:\/\/strim.si\/trgovina\/varovanje-osebnih-podatkov\/","og_locale":"sl_SI","og_type":"article","og_title":"Varovanje osebnih podatkov - Strim plus","og_url":"https:\/\/strim.si\/trgovina\/varovanje-osebnih-podatkov\/","og_site_name":"Strim plus","twitter_card":"summary_large_image","twitter_misc":{"Est. reading time":"1 minuta"},"schema":{"@context":"https:\/\/schema.org","@graph":[{"@type":"WebPage","@id":"https:\/\/strim.si\/trgovina\/varovanje-osebnih-podatkov\/","url":"https:\/\/strim.si\/trgovina\/varovanje-osebnih-podatkov\/","name":"Varovanje osebnih podatkov - Strim plus","isPartOf":{"@id":"https:\/\/strim.si\/trgovina\/#website"},"datePublished":"2022-03-09T19:27:55+00:00","dateModified":"2022-03-09T19:27:55+00:00","breadcrumb":{"@id":"https:\/\/strim.si\/trgovina\/varovanje-osebnih-podatkov\/#breadcrumb"},"inLanguage":"sl-SI","potentialAction":[{"@type":"ReadAction","target":["https:\/\/strim.si\/trgovina\/varovanje-osebnih-podatkov\/"]}]},{"@type":"BreadcrumbList","@id":"https:\/\/strim.si\/trgovina\/varovanje-osebnih-podatkov\/#breadcrumb","itemListElement":[{"@type":"ListItem","position":1,"name":"Home","item":"https:\/\/strim.si\/trgovina\/"},{"@type":"ListItem","position":2,"name":"Varovanje osebnih podatkov"}]},{"@type":"WebSite","@id":"https:\/\/strim.si\/trgovina\/#website","url":"https:\/\/strim.si\/trgovina\/","name":"Strim plus","description":"spletna trgovina","potentialAction":[{"@type":"SearchAction","target":{"@type":"EntryPoint","urlTemplate":"https:\/\/strim.si\/trgovina\/?s={search_term_string}"},"query-input":"required name=search_term_string"}],"inLanguage":"sl-SI"}]}},"_links":{"self":[{"href":"https:\/\/strim.si\/trgovina\/wp-json\/wp\/v2\/pages\/8534","targetHints":{"allow":["GET"]}}],"collection":[{"href":"https:\/\/strim.si\/trgovina\/wp-json\/wp\/v2\/pages"}],"about":[{"href":"https:\/\/strim.si\/trgovina\/wp-json\/wp\/v2\/types\/page"}],"author":[{"embeddable":true,"href":"https:\/\/strim.si\/trgovina\/wp-json\/wp\/v2\/users\/1"}],"replies":[{"embeddable":true,"href":"https:\/\/strim.si\/trgovina\/wp-json\/wp\/v2\/comments?post=8534"}],"version-history":[{"count":1,"href":"https:\/\/strim.si\/trgovina\/wp-json\/wp\/v2\/pages\/8534\/revisions"}],"predecessor-version":[{"id":8535,"href":"https:\/\/strim.si\/trgovina\/wp-json\/wp\/v2\/pages\/8534\/revisions\/8535"}],"wp:attachment":[{"href":"https:\/\/strim.si\/trgovina\/wp-json\/wp\/v2\/media?parent=8534"}],"curies":[{"name":"wp","href":"https:\/\/api.w.org\/{rel}","templated":true}]}}