{"id":100,"date":"2022-02-19T12:59:46","date_gmt":"2022-02-19T12:59:46","guid":{"rendered":"https:\/\/strim.si\/trgovina\/?post_type=product&#038;p=100"},"modified":"2025-04-16T11:30:24","modified_gmt":"2025-04-16T10:30:24","slug":"poly-studio-p5","status":"publish","type":"product","link":"https:\/\/strim.si\/trgovina\/product\/poly-studio-p5\/","title":{"rendered":"POLY STUDIO P5"},"content":{"rendered":"<p>Poly\u00a0 Studio\u00a0 P5\u00a0 je\u00a0 zmogljiva\u00a0 USB\u00a0 video\u00a0 konferen\u010dna\u00a0 kamera\u00a0 z\u00a0 integriranim usmerjenim mikrofonom, priklju\u010dkom za USB naglavno slu\u0161alko ter mehanskim zaklepom za zagotovitev zasebnosti. Kamera ponuja razli\u010dne mo\u017enosti postavitve ter upravljanja prek spleta ali lokalno (Poly Lens).<\/p>\n<p>Specifikacije<\/p>\n<ul>\n<li>Podpora lo\u010dljivosti 1080p<\/li>\n<li>Vidno polje 80\u00ba<\/li>\n<li>Avtomatski fokus<\/li>\n<li>4x digitalni zoom<\/li>\n<li>Mehanski zaklop za zagotovitev zasebnosti<\/li>\n<li>Vgrajeni usmerjeni mikrofon z zajemom zvoka v obmo\u010dju od 50 Hz do 16 kHz<\/li>\n<li>Nastavitev nagiba kamere<\/li>\n<li>Mo\u017enost nadzora preko Poly Lens aplikacije in spleta<\/li>\n<li>USB 2.0 Type-A priklju\u010dek<\/li>\n<li>LED za prikaz statusa delovanja<\/li>\n<li>Zlo\u017eljivi nosilec za postavitev na zaslon<\/li>\n<li>Mo\u017enost postavitve na tripod<\/li>\n<li>Podpora za operacijske sisteme Microsoft Windows in Apple MacOS<\/li>\n<li>Dimenzije 3,8 x 3,4 x 6,2 cm<\/li>\n<\/ul>\n<p>2 leti garancije<\/p>\n","protected":false},"excerpt":{"rendered":"<p>Poly\u00a0 Studio\u00a0 P5\u00a0 je\u00a0 zmogljiva\u00a0 USB\u00a0 video\u00a0 konferen\u010dna\u00a0 kamera\u00a0 z\u00a0 integriranim usmerjenim mikrofonom, priklju\u010dkom za USB naglavno slu\u0161alko ter mehanskim zaklepom za zagotovitev zasebnosti. Kamera ponuja razli\u010dne mo\u017enosti postavitve ter upravljanja prek spleta ali lokalno (Poly Lens). Specifikacije Podpora lo\u010dljivosti 1080p Vidno polje 80\u00ba Avtomatski fokus 4x digitalni zoom Mehanski zaklop za zagotovitev zasebnosti Vgrajeni&#8230;<\/p>\n","protected":false},"featured_media":8387,"template":"","meta":{"_acf_changed":false},"product_cat":[79,55],"product_tag":[],"class_list":["post-100","product","type-product","status-publish","has-post-thumbnail","hentry","product_cat-spletne-kamere","product_cat-videokonference"],"acf":[],"yoast_head":"<!-- This site is optimized with the Yoast SEO plugin v22.3 - https:\/\/yoast.com\/wordpress\/plugins\/seo\/ -->\n<title>POLY STUDIO P5 - Strim plus<\/title>\n<meta name=\"robots\" content=\"index, follow, max-snippet:-1, max-image-preview:large, max-video-preview:-1\" \/>\n<link rel=\"canonical\" href=\"https:\/\/strim.si\/trgovina\/product\/poly-studio-p5\/\" \/>\n<meta property=\"og:locale\" content=\"sl_SI\" \/>\n<meta property=\"og:type\" content=\"article\" \/>\n<meta property=\"og:title\" content=\"POLY STUDIO P5 - Strim plus\" \/>\n<meta property=\"og:description\" content=\"Poly\u00a0 Studio\u00a0 P5\u00a0 je\u00a0 zmogljiva\u00a0 USB\u00a0 video\u00a0 konferen\u010dna\u00a0 kamera\u00a0 z\u00a0 integriranim usmerjenim mikrofonom, priklju\u010dkom za USB naglavno slu\u0161alko ter mehanskim zaklepom za zagotovitev zasebnosti. Kamera ponuja razli\u010dne mo\u017enosti postavitve ter upravljanja prek spleta ali lokalno (Poly Lens). Specifikacije Podpora lo\u010dljivosti 1080p Vidno polje 80\u00ba Avtomatski fokus 4x digitalni zoom Mehanski zaklop za zagotovitev zasebnosti Vgrajeni...\" \/>\n<meta property=\"og:url\" content=\"https:\/\/strim.si\/trgovina\/product\/poly-studio-p5\/\" \/>\n<meta property=\"og:site_name\" content=\"Strim plus\" \/>\n<meta property=\"article:modified_time\" content=\"2025-04-16T10:30:24+00:00\" \/>\n<meta property=\"og:image\" content=\"https:\/\/strim.si\/trgovina\/wp-content\/uploads\/2022\/02\/poly-studio-p5-1.jpg\" \/>\n\t<meta property=\"og:image:width\" content=\"500\" \/>\n\t<meta property=\"og:image:height\" content=\"500\" \/>\n\t<meta property=\"og:image:type\" content=\"image\/jpeg\" \/>\n<meta name=\"twitter:card\" content=\"summary_large_image\" \/>\n<meta name=\"twitter:label1\" content=\"Est. reading time\" \/>\n\t<meta name=\"twitter:data1\" content=\"1 minuta\" \/>\n<script type=\"application\/ld+json\" class=\"yoast-schema-graph\">{\"@context\":\"https:\/\/schema.org\",\"@graph\":[{\"@type\":\"WebPage\",\"@id\":\"https:\/\/strim.si\/trgovina\/product\/poly-studio-p5\/\",\"url\":\"https:\/\/strim.si\/trgovina\/product\/poly-studio-p5\/\",\"name\":\"POLY STUDIO P5 - Strim plus\",\"isPartOf\":{\"@id\":\"https:\/\/strim.si\/trgovina\/#website\"},\"primaryImageOfPage\":{\"@id\":\"https:\/\/strim.si\/trgovina\/product\/poly-studio-p5\/#primaryimage\"},\"image\":{\"@id\":\"https:\/\/strim.si\/trgovina\/product\/poly-studio-p5\/#primaryimage\"},\"thumbnailUrl\":\"https:\/\/strim.si\/trgovina\/wp-content\/uploads\/2022\/02\/poly-studio-p5-1.jpg\",\"datePublished\":\"2022-02-19T12:59:46+00:00\",\"dateModified\":\"2025-04-16T10:30:24+00:00\",\"breadcrumb\":{\"@id\":\"https:\/\/strim.si\/trgovina\/product\/poly-studio-p5\/#breadcrumb\"},\"inLanguage\":\"sl-SI\",\"potentialAction\":[{\"@type\":\"ReadAction\",\"target\":[\"https:\/\/strim.si\/trgovina\/product\/poly-studio-p5\/\"]}]},{\"@type\":\"ImageObject\",\"inLanguage\":\"sl-SI\",\"@id\":\"https:\/\/strim.si\/trgovina\/product\/poly-studio-p5\/#primaryimage\",\"url\":\"https:\/\/strim.si\/trgovina\/wp-content\/uploads\/2022\/02\/poly-studio-p5-1.jpg\",\"contentUrl\":\"https:\/\/strim.si\/trgovina\/wp-content\/uploads\/2022\/02\/poly-studio-p5-1.jpg\",\"width\":500,\"height\":500},{\"@type\":\"BreadcrumbList\",\"@id\":\"https:\/\/strim.si\/trgovina\/product\/poly-studio-p5\/#breadcrumb\",\"itemListElement\":[{\"@type\":\"ListItem\",\"position\":1,\"name\":\"Home\",\"item\":\"https:\/\/strim.si\/trgovina\/\"},{\"@type\":\"ListItem\",\"position\":2,\"name\":\"Trgovina\",\"item\":\"https:\/\/strim.si\/trgovina\/trgovina\/\"},{\"@type\":\"ListItem\",\"position\":3,\"name\":\"POLY STUDIO P5\"}]},{\"@type\":\"WebSite\",\"@id\":\"https:\/\/strim.si\/trgovina\/#website\",\"url\":\"https:\/\/strim.si\/trgovina\/\",\"name\":\"Strim plus\",\"description\":\"spletna trgovina\",\"potentialAction\":[{\"@type\":\"SearchAction\",\"target\":{\"@type\":\"EntryPoint\",\"urlTemplate\":\"https:\/\/strim.si\/trgovina\/?s={search_term_string}\"},\"query-input\":\"required name=search_term_string\"}],\"inLanguage\":\"sl-SI\"}]}<\/script>\n<!-- \/ Yoast SEO plugin. -->","yoast_head_json":{"title":"POLY STUDIO P5 - Strim plus","robots":{"index":"index","follow":"follow","max-snippet":"max-snippet:-1","max-image-preview":"max-image-preview:large","max-video-preview":"max-video-preview:-1"},"canonical":"https:\/\/strim.si\/trgovina\/product\/poly-studio-p5\/","og_locale":"sl_SI","og_type":"article","og_title":"POLY STUDIO P5 - Strim plus","og_description":"Poly\u00a0 Studio\u00a0 P5\u00a0 je\u00a0 zmogljiva\u00a0 USB\u00a0 video\u00a0 konferen\u010dna\u00a0 kamera\u00a0 z\u00a0 integriranim usmerjenim mikrofonom, priklju\u010dkom za USB naglavno slu\u0161alko ter mehanskim zaklepom za zagotovitev zasebnosti. Kamera ponuja razli\u010dne mo\u017enosti postavitve ter upravljanja prek spleta ali lokalno (Poly Lens). Specifikacije Podpora lo\u010dljivosti 1080p Vidno polje 80\u00ba Avtomatski fokus 4x digitalni zoom Mehanski zaklop za zagotovitev zasebnosti Vgrajeni...","og_url":"https:\/\/strim.si\/trgovina\/product\/poly-studio-p5\/","og_site_name":"Strim plus","article_modified_time":"2025-04-16T10:30:24+00:00","og_image":[{"width":500,"height":500,"url":"https:\/\/strim.si\/trgovina\/wp-content\/uploads\/2022\/02\/poly-studio-p5-1.jpg","type":"image\/jpeg"}],"twitter_card":"summary_large_image","twitter_misc":{"Est. reading time":"1 minuta"},"schema":{"@context":"https:\/\/schema.org","@graph":[{"@type":"WebPage","@id":"https:\/\/strim.si\/trgovina\/product\/poly-studio-p5\/","url":"https:\/\/strim.si\/trgovina\/product\/poly-studio-p5\/","name":"POLY STUDIO P5 - Strim plus","isPartOf":{"@id":"https:\/\/strim.si\/trgovina\/#website"},"primaryImageOfPage":{"@id":"https:\/\/strim.si\/trgovina\/product\/poly-studio-p5\/#primaryimage"},"image":{"@id":"https:\/\/strim.si\/trgovina\/product\/poly-studio-p5\/#primaryimage"},"thumbnailUrl":"https:\/\/strim.si\/trgovina\/wp-content\/uploads\/2022\/02\/poly-studio-p5-1.jpg","datePublished":"2022-02-19T12:59:46+00:00","dateModified":"2025-04-16T10:30:24+00:00","breadcrumb":{"@id":"https:\/\/strim.si\/trgovina\/product\/poly-studio-p5\/#breadcrumb"},"inLanguage":"sl-SI","potentialAction":[{"@type":"ReadAction","target":["https:\/\/strim.si\/trgovina\/product\/poly-studio-p5\/"]}]},{"@type":"ImageObject","inLanguage":"sl-SI","@id":"https:\/\/strim.si\/trgovina\/product\/poly-studio-p5\/#primaryimage","url":"https:\/\/strim.si\/trgovina\/wp-content\/uploads\/2022\/02\/poly-studio-p5-1.jpg","contentUrl":"https:\/\/strim.si\/trgovina\/wp-content\/uploads\/2022\/02\/poly-studio-p5-1.jpg","width":500,"height":500},{"@type":"BreadcrumbList","@id":"https:\/\/strim.si\/trgovina\/product\/poly-studio-p5\/#breadcrumb","itemListElement":[{"@type":"ListItem","position":1,"name":"Home","item":"https:\/\/strim.si\/trgovina\/"},{"@type":"ListItem","position":2,"name":"Trgovina","item":"https:\/\/strim.si\/trgovina\/trgovina\/"},{"@type":"ListItem","position":3,"name":"POLY STUDIO P5"}]},{"@type":"WebSite","@id":"https:\/\/strim.si\/trgovina\/#website","url":"https:\/\/strim.si\/trgovina\/","name":"Strim plus","description":"spletna trgovina","potentialAction":[{"@type":"SearchAction","target":{"@type":"EntryPoint","urlTemplate":"https:\/\/strim.si\/trgovina\/?s={search_term_string}"},"query-input":"required name=search_term_string"}],"inLanguage":"sl-SI"}]}},"_links":{"self":[{"href":"https:\/\/strim.si\/trgovina\/wp-json\/wp\/v2\/product\/100","targetHints":{"allow":["GET"]}}],"collection":[{"href":"https:\/\/strim.si\/trgovina\/wp-json\/wp\/v2\/product"}],"about":[{"href":"https:\/\/strim.si\/trgovina\/wp-json\/wp\/v2\/types\/product"}],"wp:featuredmedia":[{"embeddable":true,"href":"https:\/\/strim.si\/trgovina\/wp-json\/wp\/v2\/media\/8387"}],"wp:attachment":[{"href":"https:\/\/strim.si\/trgovina\/wp-json\/wp\/v2\/media?parent=100"}],"wp:term":[{"taxonomy":"product_cat","embeddable":true,"href":"https:\/\/strim.si\/trgovina\/wp-json\/wp\/v2\/product_cat?post=100"},{"taxonomy":"product_tag","embeddable":true,"href":"https:\/\/strim.si\/trgovina\/wp-json\/wp\/v2\/product_tag?post=100"}],"curies":[{"name":"wp","href":"https:\/\/api.w.org\/{rel}","templated":true}]}}