{"id":102,"date":"2022-02-19T12:59:46","date_gmt":"2022-02-19T12:59:46","guid":{"rendered":"https:\/\/strim.si\/trgovina\/?post_type=product&#038;p=102"},"modified":"2025-04-16T11:31:01","modified_gmt":"2025-04-16T10:31:01","slug":"poly-trio-8500","status":"publish","type":"product","link":"https:\/\/strim.si\/trgovina\/product\/poly-trio-8500\/","title":{"rendered":"POLY TRIO 8500"},"content":{"rendered":"<p>Poly\u00a0 Trio\u00a0 aparati\u00a0 omogo\u010dajo\u00a0 samostojno\u00a0 delovanje\u00a0 tako\u00a0 v\u00a0 povezavi\u00a0 s\u00a0 standardnimi\u00a0 SIP\u00a0 platformami\u00a0 kot\u00a0 v okolju\u00a0 Microsoft\u00a0 Skype\u00a0 for\u00a0 Business\u00a0 ali\u00a0 Office\u00a0 365.\u00a0 Konferen\u010dne\u00a0 aparate\u00a0 Poly\u00a0 Trio\u00a0 je\u00a0 mo\u017eno\u00a0 povezati\u00a0 na poljubni\u00a0 ra\u010dunalnik,\u00a0 pametni\u00a0 telefon\u00a0 ali\u00a0 tablico,\u00a0 bodisi\u00a0 preko\u00a0 USB\u00a0 kabla\u00a0 ali\u00a0 preko brezvrvi\u010dnih povezav Bluetooth in NFC, kar omogo\u010da uporabo aparata kot speakerphone za poljubne aplikacije.<\/p>\n<p>&nbsp;<\/p>\n<p>&nbsp;<\/p>\n<p>Specifikacije<\/p>\n<ul>\n<li>Podpora poljubnih SIP klicnih stre\u017enikov ter Microsoft Skype for Business stre\u017enikov<br \/>\n\u2022 Certificiran avdio konferen\u010dni aparat za Microsoft Teams okolje<br \/>\n\u2022 Certificiran avdio konferen\u010dni aparat za Zoom okolje<br \/>\n\u2022 Podpora Amazon Alexa for Business<br \/>\n\u2022 Na dotik ob\u010dutljiv barvni zaslon diagonale 5\u2019\u2019 in lo\u010dljivosti 720&#215;1280 to\u010dk<br \/>\n\u2022 Trije vgrajeni mikrofoni, podro\u010dje delovanja 360\u00ba<br \/>\n\u2022 Zajem zvoka v radiju 3.7 metre<br \/>\n\u2022 Tri tipke za izklop mikrofonov (mute)<br \/>\n\u2022 Mo\u017enost priklopa dodatnih mikrofonov<br \/>\n\u2022 Mo\u017enost povezave do \u0161tirih aparatov<\/li>\n<li>Zvo\u010dnik, frekven\u010dni razpon 200Hz do 14kHz, glasnost 90dB<br \/>\n\u2022 Prikaz treh linij (najve\u010d ena za Skype for Business)<br \/>\n\u2022 Podpora Poly HD Voice in vrhunski dupleks s podporo Poly Acoustic Clarity Technology 2<br \/>\n\u2022 Zaznavanje lokalnega govora<br \/>\n\u2022 Poly Noise Block tehnologija<\/li>\n<li>Bluetooth 4.0 brezvrvi\u010dna povezava<br \/>\n\u2022 USB priklju\u010dek<br \/>\n\u2022 Mo\u017enost deljenja vsebin preko USB priklju\u010dka<br \/>\n\u2022 Uporabni\u0161ki vmesnik v sloven\u0161\u010dini<br \/>\n\u2022 10\/100\/1000Base-Tx priklju\u010dek<br \/>\n\u2022 Podpora 802.1X avtentikaciji<br \/>\n\u2022 Napajanje preko PoE 802.3at\/af<\/li>\n<\/ul>\n<p>2 leti garancije<\/p>\n<p>&nbsp;<\/p>\n<p>&nbsp;<\/p>\n<p><strong>OPCIJE:<\/strong><\/p>\n<p><strong>NAPAJALNIK POLY<\/strong><\/p>\n<p>\u2022 in-line injektor za lokalno napajanje aparatov Polycom SoundStation, Trio in video konferen\u010dnih modulov Visual+ (vsaka komponenta zahteva svoj napajalnik!)<br \/>\n\u2022 Potrebno v kolikor niso na voljo POE mre\u017ena stikala<\/p>\n","protected":false},"excerpt":{"rendered":"<p>Poly\u00a0 Trio\u00a0 aparati\u00a0 omogo\u010dajo\u00a0 samostojno\u00a0 delovanje\u00a0 tako\u00a0 v\u00a0 povezavi\u00a0 s\u00a0 standardnimi\u00a0 SIP\u00a0 platformami\u00a0 kot\u00a0 v okolju\u00a0 Microsoft\u00a0 Skype\u00a0 for\u00a0 Business\u00a0 ali\u00a0 Office\u00a0 365.\u00a0 Konferen\u010dne\u00a0 aparate\u00a0 Poly\u00a0 Trio\u00a0 je\u00a0 mo\u017eno\u00a0 povezati\u00a0 na poljubni\u00a0 ra\u010dunalnik,\u00a0 pametni\u00a0 telefon\u00a0 ali\u00a0 tablico,\u00a0 bodisi\u00a0 preko\u00a0 USB\u00a0 kabla\u00a0 ali\u00a0 preko brezvrvi\u010dnih povezav Bluetooth in NFC, kar omogo\u010da uporabo aparata kot speakerphone za&#8230;<\/p>\n","protected":false},"featured_media":8382,"template":"","meta":{"_acf_changed":false},"product_cat":[80,55],"product_tag":[],"class_list":["post-102","product","type-product","status-publish","has-post-thumbnail","hentry","product_cat-pametni-zvocniki","product_cat-videokonference"],"acf":[],"yoast_head":"<!-- This site is optimized with the Yoast SEO plugin v22.3 - https:\/\/yoast.com\/wordpress\/plugins\/seo\/ -->\n<title>POLY TRIO 8500 - Strim plus<\/title>\n<meta name=\"robots\" content=\"index, follow, max-snippet:-1, max-image-preview:large, max-video-preview:-1\" \/>\n<link rel=\"canonical\" href=\"https:\/\/strim.si\/trgovina\/product\/poly-trio-8500\/\" \/>\n<meta property=\"og:locale\" content=\"sl_SI\" \/>\n<meta property=\"og:type\" content=\"article\" \/>\n<meta property=\"og:title\" content=\"POLY TRIO 8500 - Strim plus\" \/>\n<meta property=\"og:description\" content=\"Poly\u00a0 Trio\u00a0 aparati\u00a0 omogo\u010dajo\u00a0 samostojno\u00a0 delovanje\u00a0 tako\u00a0 v\u00a0 povezavi\u00a0 s\u00a0 standardnimi\u00a0 SIP\u00a0 platformami\u00a0 kot\u00a0 v okolju\u00a0 Microsoft\u00a0 Skype\u00a0 for\u00a0 Business\u00a0 ali\u00a0 Office\u00a0 365.\u00a0 Konferen\u010dne\u00a0 aparate\u00a0 Poly\u00a0 Trio\u00a0 je\u00a0 mo\u017eno\u00a0 povezati\u00a0 na poljubni\u00a0 ra\u010dunalnik,\u00a0 pametni\u00a0 telefon\u00a0 ali\u00a0 tablico,\u00a0 bodisi\u00a0 preko\u00a0 USB\u00a0 kabla\u00a0 ali\u00a0 preko brezvrvi\u010dnih povezav Bluetooth in NFC, kar omogo\u010da uporabo aparata kot speakerphone za...\" \/>\n<meta property=\"og:url\" content=\"https:\/\/strim.si\/trgovina\/product\/poly-trio-8500\/\" \/>\n<meta property=\"og:site_name\" content=\"Strim plus\" \/>\n<meta property=\"article:modified_time\" content=\"2025-04-16T10:31:01+00:00\" \/>\n<meta property=\"og:image\" content=\"https:\/\/strim.si\/trgovina\/wp-content\/uploads\/2022\/02\/poly-trio-8500-1.jpg\" \/>\n\t<meta property=\"og:image:width\" content=\"500\" \/>\n\t<meta property=\"og:image:height\" content=\"500\" \/>\n\t<meta property=\"og:image:type\" content=\"image\/jpeg\" \/>\n<meta name=\"twitter:card\" content=\"summary_large_image\" \/>\n<meta name=\"twitter:label1\" content=\"Est. reading time\" \/>\n\t<meta name=\"twitter:data1\" content=\"1 minuta\" \/>\n<script type=\"application\/ld+json\" class=\"yoast-schema-graph\">{\"@context\":\"https:\/\/schema.org\",\"@graph\":[{\"@type\":\"WebPage\",\"@id\":\"https:\/\/strim.si\/trgovina\/product\/poly-trio-8500\/\",\"url\":\"https:\/\/strim.si\/trgovina\/product\/poly-trio-8500\/\",\"name\":\"POLY TRIO 8500 - Strim plus\",\"isPartOf\":{\"@id\":\"https:\/\/strim.si\/trgovina\/#website\"},\"primaryImageOfPage\":{\"@id\":\"https:\/\/strim.si\/trgovina\/product\/poly-trio-8500\/#primaryimage\"},\"image\":{\"@id\":\"https:\/\/strim.si\/trgovina\/product\/poly-trio-8500\/#primaryimage\"},\"thumbnailUrl\":\"https:\/\/strim.si\/trgovina\/wp-content\/uploads\/2022\/02\/poly-trio-8500-1.jpg\",\"datePublished\":\"2022-02-19T12:59:46+00:00\",\"dateModified\":\"2025-04-16T10:31:01+00:00\",\"breadcrumb\":{\"@id\":\"https:\/\/strim.si\/trgovina\/product\/poly-trio-8500\/#breadcrumb\"},\"inLanguage\":\"sl-SI\",\"potentialAction\":[{\"@type\":\"ReadAction\",\"target\":[\"https:\/\/strim.si\/trgovina\/product\/poly-trio-8500\/\"]}]},{\"@type\":\"ImageObject\",\"inLanguage\":\"sl-SI\",\"@id\":\"https:\/\/strim.si\/trgovina\/product\/poly-trio-8500\/#primaryimage\",\"url\":\"https:\/\/strim.si\/trgovina\/wp-content\/uploads\/2022\/02\/poly-trio-8500-1.jpg\",\"contentUrl\":\"https:\/\/strim.si\/trgovina\/wp-content\/uploads\/2022\/02\/poly-trio-8500-1.jpg\",\"width\":500,\"height\":500},{\"@type\":\"BreadcrumbList\",\"@id\":\"https:\/\/strim.si\/trgovina\/product\/poly-trio-8500\/#breadcrumb\",\"itemListElement\":[{\"@type\":\"ListItem\",\"position\":1,\"name\":\"Home\",\"item\":\"https:\/\/strim.si\/trgovina\/\"},{\"@type\":\"ListItem\",\"position\":2,\"name\":\"Trgovina\",\"item\":\"https:\/\/strim.si\/trgovina\/trgovina\/\"},{\"@type\":\"ListItem\",\"position\":3,\"name\":\"POLY TRIO 8500\"}]},{\"@type\":\"WebSite\",\"@id\":\"https:\/\/strim.si\/trgovina\/#website\",\"url\":\"https:\/\/strim.si\/trgovina\/\",\"name\":\"Strim plus\",\"description\":\"spletna trgovina\",\"potentialAction\":[{\"@type\":\"SearchAction\",\"target\":{\"@type\":\"EntryPoint\",\"urlTemplate\":\"https:\/\/strim.si\/trgovina\/?s={search_term_string}\"},\"query-input\":\"required name=search_term_string\"}],\"inLanguage\":\"sl-SI\"}]}<\/script>\n<!-- \/ Yoast SEO plugin. -->","yoast_head_json":{"title":"POLY TRIO 8500 - Strim plus","robots":{"index":"index","follow":"follow","max-snippet":"max-snippet:-1","max-image-preview":"max-image-preview:large","max-video-preview":"max-video-preview:-1"},"canonical":"https:\/\/strim.si\/trgovina\/product\/poly-trio-8500\/","og_locale":"sl_SI","og_type":"article","og_title":"POLY TRIO 8500 - Strim plus","og_description":"Poly\u00a0 Trio\u00a0 aparati\u00a0 omogo\u010dajo\u00a0 samostojno\u00a0 delovanje\u00a0 tako\u00a0 v\u00a0 povezavi\u00a0 s\u00a0 standardnimi\u00a0 SIP\u00a0 platformami\u00a0 kot\u00a0 v okolju\u00a0 Microsoft\u00a0 Skype\u00a0 for\u00a0 Business\u00a0 ali\u00a0 Office\u00a0 365.\u00a0 Konferen\u010dne\u00a0 aparate\u00a0 Poly\u00a0 Trio\u00a0 je\u00a0 mo\u017eno\u00a0 povezati\u00a0 na poljubni\u00a0 ra\u010dunalnik,\u00a0 pametni\u00a0 telefon\u00a0 ali\u00a0 tablico,\u00a0 bodisi\u00a0 preko\u00a0 USB\u00a0 kabla\u00a0 ali\u00a0 preko brezvrvi\u010dnih povezav Bluetooth in NFC, kar omogo\u010da uporabo aparata kot speakerphone za...","og_url":"https:\/\/strim.si\/trgovina\/product\/poly-trio-8500\/","og_site_name":"Strim plus","article_modified_time":"2025-04-16T10:31:01+00:00","og_image":[{"width":500,"height":500,"url":"https:\/\/strim.si\/trgovina\/wp-content\/uploads\/2022\/02\/poly-trio-8500-1.jpg","type":"image\/jpeg"}],"twitter_card":"summary_large_image","twitter_misc":{"Est. reading time":"1 minuta"},"schema":{"@context":"https:\/\/schema.org","@graph":[{"@type":"WebPage","@id":"https:\/\/strim.si\/trgovina\/product\/poly-trio-8500\/","url":"https:\/\/strim.si\/trgovina\/product\/poly-trio-8500\/","name":"POLY TRIO 8500 - Strim plus","isPartOf":{"@id":"https:\/\/strim.si\/trgovina\/#website"},"primaryImageOfPage":{"@id":"https:\/\/strim.si\/trgovina\/product\/poly-trio-8500\/#primaryimage"},"image":{"@id":"https:\/\/strim.si\/trgovina\/product\/poly-trio-8500\/#primaryimage"},"thumbnailUrl":"https:\/\/strim.si\/trgovina\/wp-content\/uploads\/2022\/02\/poly-trio-8500-1.jpg","datePublished":"2022-02-19T12:59:46+00:00","dateModified":"2025-04-16T10:31:01+00:00","breadcrumb":{"@id":"https:\/\/strim.si\/trgovina\/product\/poly-trio-8500\/#breadcrumb"},"inLanguage":"sl-SI","potentialAction":[{"@type":"ReadAction","target":["https:\/\/strim.si\/trgovina\/product\/poly-trio-8500\/"]}]},{"@type":"ImageObject","inLanguage":"sl-SI","@id":"https:\/\/strim.si\/trgovina\/product\/poly-trio-8500\/#primaryimage","url":"https:\/\/strim.si\/trgovina\/wp-content\/uploads\/2022\/02\/poly-trio-8500-1.jpg","contentUrl":"https:\/\/strim.si\/trgovina\/wp-content\/uploads\/2022\/02\/poly-trio-8500-1.jpg","width":500,"height":500},{"@type":"BreadcrumbList","@id":"https:\/\/strim.si\/trgovina\/product\/poly-trio-8500\/#breadcrumb","itemListElement":[{"@type":"ListItem","position":1,"name":"Home","item":"https:\/\/strim.si\/trgovina\/"},{"@type":"ListItem","position":2,"name":"Trgovina","item":"https:\/\/strim.si\/trgovina\/trgovina\/"},{"@type":"ListItem","position":3,"name":"POLY TRIO 8500"}]},{"@type":"WebSite","@id":"https:\/\/strim.si\/trgovina\/#website","url":"https:\/\/strim.si\/trgovina\/","name":"Strim plus","description":"spletna trgovina","potentialAction":[{"@type":"SearchAction","target":{"@type":"EntryPoint","urlTemplate":"https:\/\/strim.si\/trgovina\/?s={search_term_string}"},"query-input":"required name=search_term_string"}],"inLanguage":"sl-SI"}]}},"_links":{"self":[{"href":"https:\/\/strim.si\/trgovina\/wp-json\/wp\/v2\/product\/102","targetHints":{"allow":["GET"]}}],"collection":[{"href":"https:\/\/strim.si\/trgovina\/wp-json\/wp\/v2\/product"}],"about":[{"href":"https:\/\/strim.si\/trgovina\/wp-json\/wp\/v2\/types\/product"}],"wp:featuredmedia":[{"embeddable":true,"href":"https:\/\/strim.si\/trgovina\/wp-json\/wp\/v2\/media\/8382"}],"wp:attachment":[{"href":"https:\/\/strim.si\/trgovina\/wp-json\/wp\/v2\/media?parent=102"}],"wp:term":[{"taxonomy":"product_cat","embeddable":true,"href":"https:\/\/strim.si\/trgovina\/wp-json\/wp\/v2\/product_cat?post=102"},{"taxonomy":"product_tag","embeddable":true,"href":"https:\/\/strim.si\/trgovina\/wp-json\/wp\/v2\/product_tag?post=102"}],"curies":[{"name":"wp","href":"https:\/\/api.w.org\/{rel}","templated":true}]}}