{"id":104,"date":"2022-02-19T12:59:46","date_gmt":"2022-02-19T12:59:46","guid":{"rendered":"https:\/\/strim.si\/trgovina\/?post_type=product&#038;p=104"},"modified":"2025-04-16T11:30:41","modified_gmt":"2025-04-16T10:30:41","slug":"poly-sync-40","status":"publish","type":"product","link":"https:\/\/strim.si\/trgovina\/product\/poly-sync-40\/","title":{"rendered":"POLY SYNC 40"},"content":{"rendered":"<p>Modela Poly Sync 40 in 40+ sta primerna za uporabo v manj\u0161ih sejnih sobah, pri \u010demer je mo\u017ena tudi brezvrvi\u010dna medsebojna povezava dveh aparatov.<\/p>\n<p>Modeli\u00a0 z oznako + vklju\u010dujejo \u0161e\u00a0 USB\u00a0 klju\u010d,\u00a0 kar\u00a0 omogo\u010da bolj stabilno Bluetooth povezavo oziroma doda to opcijo ra\u010dunalnikom, ki sicer nimajo vgrajenega Bluetooth modula.<\/p>\n<p>Vsi aparati so opremljeni z zmogljivo baterijo, kar omogo\u010da enostavno uporabo ter hitro postavitev opreme.\u00a0 Ohi\u0161je\u00a0 aparatov\u00a0 je\u00a0 za\u0161\u010diteno\u00a0 pred\u00a0 vdorom vode, kar omogo\u010da brezskrbno uporabo.<\/p>\n<p>&nbsp;<\/p>\n<p>&nbsp;<\/p>\n<p>Specifikacije<\/p>\n<ul>\n<li>Bluetooth in USB skupinski avdio konferen\u010dni sistem<\/li>\n<li>Bluetooth USB klju\u010d (samo model z oznako +)<\/li>\n<li>Podpora za Zoom in Microsoft Teams<\/li>\n<li>Integrirana USB-A in USB-C priklju\u010dna vrvica za povezavo z ra\u010dunalnikom<\/li>\n<li>Bluetooth v5.1<\/li>\n<li>Mo\u017enost brezvrvi\u010dne povezave dveh Sync 40 naprav<\/li>\n<li>Podpora Windows in Mac OS operacijskih sistemov<\/li>\n<li>Tipka za prevzem in prekinitev klica<\/li>\n<li>Tipka za uravnavanje glasnosti<\/li>\n<li>Tipka za izklop mikrofonov (mute)<\/li>\n<li>Dve (2) LED pasici za indikacijo stanja aparata<\/li>\n<li>USB-A priklju\u010dek za napajanje mobilnih aparatov<\/li>\n<li>Trije (3) vgrajeni mikrofoni s frekven\u010dnim razponom od 100 Hz do 6.7 kHz<\/li>\n<li>Doseg mikrofona do 2.5 metra<\/li>\n<li>Za uporabo v prostorih velikosti 5 x 5 metrov<\/li>\n<li>Mehanizmi za odpravo motenj<\/li>\n<li>Zvo\u010dnik 1 x 50 mm<\/li>\n<li>Frekven\u010dni razpon zvo\u010dnika od 75 Hz do 20 kHz<\/li>\n<li>Bass reflex<\/li>\n<li>Li-ION baterija s kapaciteto 5000 mAh<\/li>\n<li>\u010cas pogovora do 30 ur<\/li>\n<li>IP 64 za\u0161\u010dita ohi\u0161ja<\/li>\n<li>Dimenzije 273 x 102 x 38 mm<\/li>\n<li>Te\u017ea 610 g<\/li>\n<\/ul>\n<p>2 leti garancije<\/p>\n<p>&nbsp;<\/p>\n<p>&nbsp;<\/p>\n<p>&nbsp;<\/p>\n<p><strong>OPCIJE:<\/strong><\/p>\n<p>&nbsp;<\/p>\n<p><strong>POLNILNA POSTAJA ZA POLY SYNC 40<\/strong><\/p>\n<ul>\n<li>Postaja prakti\u010dno skrita pod enoto<\/li>\n<li>Preprosto premikanje zvo\u010dnika in vra\u010danje na postajo<\/li>\n<\/ul>\n<p>\u2022 Priklju\u010devanje ni potrebno, kontakt ob postavitvi<\/p>\n","protected":false},"excerpt":{"rendered":"<p>Modela Poly Sync 40 in 40+ sta primerna za uporabo v manj\u0161ih sejnih sobah, pri \u010demer je mo\u017ena tudi brezvrvi\u010dna medsebojna povezava dveh aparatov. Modeli\u00a0 z oznako + vklju\u010dujejo \u0161e\u00a0 USB\u00a0 klju\u010d,\u00a0 kar\u00a0 omogo\u010da bolj stabilno Bluetooth povezavo oziroma doda to opcijo ra\u010dunalnikom, ki sicer nimajo vgrajenega Bluetooth modula. Vsi aparati so opremljeni z zmogljivo&#8230;<\/p>\n","protected":false},"featured_media":8318,"template":"","meta":{"_acf_changed":false},"product_cat":[80,55],"product_tag":[],"class_list":["post-104","product","type-product","status-publish","has-post-thumbnail","hentry","product_cat-pametni-zvocniki","product_cat-videokonference"],"acf":[],"yoast_head":"<!-- This site is optimized with the Yoast SEO plugin v22.3 - https:\/\/yoast.com\/wordpress\/plugins\/seo\/ -->\n<title>POLY SYNC 40 - Strim plus<\/title>\n<meta name=\"robots\" content=\"index, follow, max-snippet:-1, max-image-preview:large, max-video-preview:-1\" \/>\n<link rel=\"canonical\" href=\"https:\/\/strim.si\/trgovina\/product\/poly-sync-40\/\" \/>\n<meta property=\"og:locale\" content=\"sl_SI\" \/>\n<meta property=\"og:type\" content=\"article\" \/>\n<meta property=\"og:title\" content=\"POLY SYNC 40 - Strim plus\" \/>\n<meta property=\"og:description\" content=\"Modela Poly Sync 40 in 40+ sta primerna za uporabo v manj\u0161ih sejnih sobah, pri \u010demer je mo\u017ena tudi brezvrvi\u010dna medsebojna povezava dveh aparatov. Modeli\u00a0 z oznako + vklju\u010dujejo \u0161e\u00a0 USB\u00a0 klju\u010d,\u00a0 kar\u00a0 omogo\u010da bolj stabilno Bluetooth povezavo oziroma doda to opcijo ra\u010dunalnikom, ki sicer nimajo vgrajenega Bluetooth modula. Vsi aparati so opremljeni z zmogljivo...\" \/>\n<meta property=\"og:url\" content=\"https:\/\/strim.si\/trgovina\/product\/poly-sync-40\/\" \/>\n<meta property=\"og:site_name\" content=\"Strim plus\" \/>\n<meta property=\"article:modified_time\" content=\"2025-04-16T10:30:41+00:00\" \/>\n<meta property=\"og:image\" content=\"https:\/\/strim.si\/trgovina\/wp-content\/uploads\/2022\/02\/poly-sync-40-1.jpg\" \/>\n\t<meta property=\"og:image:width\" content=\"500\" \/>\n\t<meta property=\"og:image:height\" content=\"500\" \/>\n\t<meta property=\"og:image:type\" content=\"image\/jpeg\" \/>\n<meta name=\"twitter:card\" content=\"summary_large_image\" \/>\n<meta name=\"twitter:label1\" content=\"Est. reading time\" \/>\n\t<meta name=\"twitter:data1\" content=\"1 minuta\" \/>\n<script type=\"application\/ld+json\" class=\"yoast-schema-graph\">{\"@context\":\"https:\/\/schema.org\",\"@graph\":[{\"@type\":\"WebPage\",\"@id\":\"https:\/\/strim.si\/trgovina\/product\/poly-sync-40\/\",\"url\":\"https:\/\/strim.si\/trgovina\/product\/poly-sync-40\/\",\"name\":\"POLY SYNC 40 - Strim plus\",\"isPartOf\":{\"@id\":\"https:\/\/strim.si\/trgovina\/#website\"},\"primaryImageOfPage\":{\"@id\":\"https:\/\/strim.si\/trgovina\/product\/poly-sync-40\/#primaryimage\"},\"image\":{\"@id\":\"https:\/\/strim.si\/trgovina\/product\/poly-sync-40\/#primaryimage\"},\"thumbnailUrl\":\"https:\/\/strim.si\/trgovina\/wp-content\/uploads\/2022\/02\/poly-sync-40-1.jpg\",\"datePublished\":\"2022-02-19T12:59:46+00:00\",\"dateModified\":\"2025-04-16T10:30:41+00:00\",\"breadcrumb\":{\"@id\":\"https:\/\/strim.si\/trgovina\/product\/poly-sync-40\/#breadcrumb\"},\"inLanguage\":\"sl-SI\",\"potentialAction\":[{\"@type\":\"ReadAction\",\"target\":[\"https:\/\/strim.si\/trgovina\/product\/poly-sync-40\/\"]}]},{\"@type\":\"ImageObject\",\"inLanguage\":\"sl-SI\",\"@id\":\"https:\/\/strim.si\/trgovina\/product\/poly-sync-40\/#primaryimage\",\"url\":\"https:\/\/strim.si\/trgovina\/wp-content\/uploads\/2022\/02\/poly-sync-40-1.jpg\",\"contentUrl\":\"https:\/\/strim.si\/trgovina\/wp-content\/uploads\/2022\/02\/poly-sync-40-1.jpg\",\"width\":500,\"height\":500},{\"@type\":\"BreadcrumbList\",\"@id\":\"https:\/\/strim.si\/trgovina\/product\/poly-sync-40\/#breadcrumb\",\"itemListElement\":[{\"@type\":\"ListItem\",\"position\":1,\"name\":\"Home\",\"item\":\"https:\/\/strim.si\/trgovina\/\"},{\"@type\":\"ListItem\",\"position\":2,\"name\":\"Trgovina\",\"item\":\"https:\/\/strim.si\/trgovina\/trgovina\/\"},{\"@type\":\"ListItem\",\"position\":3,\"name\":\"POLY SYNC 40\"}]},{\"@type\":\"WebSite\",\"@id\":\"https:\/\/strim.si\/trgovina\/#website\",\"url\":\"https:\/\/strim.si\/trgovina\/\",\"name\":\"Strim plus\",\"description\":\"spletna trgovina\",\"potentialAction\":[{\"@type\":\"SearchAction\",\"target\":{\"@type\":\"EntryPoint\",\"urlTemplate\":\"https:\/\/strim.si\/trgovina\/?s={search_term_string}\"},\"query-input\":\"required name=search_term_string\"}],\"inLanguage\":\"sl-SI\"}]}<\/script>\n<!-- \/ Yoast SEO plugin. -->","yoast_head_json":{"title":"POLY SYNC 40 - Strim plus","robots":{"index":"index","follow":"follow","max-snippet":"max-snippet:-1","max-image-preview":"max-image-preview:large","max-video-preview":"max-video-preview:-1"},"canonical":"https:\/\/strim.si\/trgovina\/product\/poly-sync-40\/","og_locale":"sl_SI","og_type":"article","og_title":"POLY SYNC 40 - Strim plus","og_description":"Modela Poly Sync 40 in 40+ sta primerna za uporabo v manj\u0161ih sejnih sobah, pri \u010demer je mo\u017ena tudi brezvrvi\u010dna medsebojna povezava dveh aparatov. Modeli\u00a0 z oznako + vklju\u010dujejo \u0161e\u00a0 USB\u00a0 klju\u010d,\u00a0 kar\u00a0 omogo\u010da bolj stabilno Bluetooth povezavo oziroma doda to opcijo ra\u010dunalnikom, ki sicer nimajo vgrajenega Bluetooth modula. Vsi aparati so opremljeni z zmogljivo...","og_url":"https:\/\/strim.si\/trgovina\/product\/poly-sync-40\/","og_site_name":"Strim plus","article_modified_time":"2025-04-16T10:30:41+00:00","og_image":[{"width":500,"height":500,"url":"https:\/\/strim.si\/trgovina\/wp-content\/uploads\/2022\/02\/poly-sync-40-1.jpg","type":"image\/jpeg"}],"twitter_card":"summary_large_image","twitter_misc":{"Est. reading time":"1 minuta"},"schema":{"@context":"https:\/\/schema.org","@graph":[{"@type":"WebPage","@id":"https:\/\/strim.si\/trgovina\/product\/poly-sync-40\/","url":"https:\/\/strim.si\/trgovina\/product\/poly-sync-40\/","name":"POLY SYNC 40 - Strim plus","isPartOf":{"@id":"https:\/\/strim.si\/trgovina\/#website"},"primaryImageOfPage":{"@id":"https:\/\/strim.si\/trgovina\/product\/poly-sync-40\/#primaryimage"},"image":{"@id":"https:\/\/strim.si\/trgovina\/product\/poly-sync-40\/#primaryimage"},"thumbnailUrl":"https:\/\/strim.si\/trgovina\/wp-content\/uploads\/2022\/02\/poly-sync-40-1.jpg","datePublished":"2022-02-19T12:59:46+00:00","dateModified":"2025-04-16T10:30:41+00:00","breadcrumb":{"@id":"https:\/\/strim.si\/trgovina\/product\/poly-sync-40\/#breadcrumb"},"inLanguage":"sl-SI","potentialAction":[{"@type":"ReadAction","target":["https:\/\/strim.si\/trgovina\/product\/poly-sync-40\/"]}]},{"@type":"ImageObject","inLanguage":"sl-SI","@id":"https:\/\/strim.si\/trgovina\/product\/poly-sync-40\/#primaryimage","url":"https:\/\/strim.si\/trgovina\/wp-content\/uploads\/2022\/02\/poly-sync-40-1.jpg","contentUrl":"https:\/\/strim.si\/trgovina\/wp-content\/uploads\/2022\/02\/poly-sync-40-1.jpg","width":500,"height":500},{"@type":"BreadcrumbList","@id":"https:\/\/strim.si\/trgovina\/product\/poly-sync-40\/#breadcrumb","itemListElement":[{"@type":"ListItem","position":1,"name":"Home","item":"https:\/\/strim.si\/trgovina\/"},{"@type":"ListItem","position":2,"name":"Trgovina","item":"https:\/\/strim.si\/trgovina\/trgovina\/"},{"@type":"ListItem","position":3,"name":"POLY SYNC 40"}]},{"@type":"WebSite","@id":"https:\/\/strim.si\/trgovina\/#website","url":"https:\/\/strim.si\/trgovina\/","name":"Strim plus","description":"spletna trgovina","potentialAction":[{"@type":"SearchAction","target":{"@type":"EntryPoint","urlTemplate":"https:\/\/strim.si\/trgovina\/?s={search_term_string}"},"query-input":"required name=search_term_string"}],"inLanguage":"sl-SI"}]}},"_links":{"self":[{"href":"https:\/\/strim.si\/trgovina\/wp-json\/wp\/v2\/product\/104","targetHints":{"allow":["GET"]}}],"collection":[{"href":"https:\/\/strim.si\/trgovina\/wp-json\/wp\/v2\/product"}],"about":[{"href":"https:\/\/strim.si\/trgovina\/wp-json\/wp\/v2\/types\/product"}],"wp:featuredmedia":[{"embeddable":true,"href":"https:\/\/strim.si\/trgovina\/wp-json\/wp\/v2\/media\/8318"}],"wp:attachment":[{"href":"https:\/\/strim.si\/trgovina\/wp-json\/wp\/v2\/media?parent=104"}],"wp:term":[{"taxonomy":"product_cat","embeddable":true,"href":"https:\/\/strim.si\/trgovina\/wp-json\/wp\/v2\/product_cat?post=104"},{"taxonomy":"product_tag","embeddable":true,"href":"https:\/\/strim.si\/trgovina\/wp-json\/wp\/v2\/product_tag?post=104"}],"curies":[{"name":"wp","href":"https:\/\/api.w.org\/{rel}","templated":true}]}}