{"id":8043,"date":"2022-02-21T09:25:34","date_gmt":"2022-02-21T09:25:34","guid":{"rendered":"https:\/\/strim.si\/trgovina\/?post_type=product&#038;p=8043"},"modified":"2022-06-01T03:53:04","modified_gmt":"2022-06-01T02:53:04","slug":"brother-mfc-l2712dn","status":"publish","type":"product","link":"https:\/\/strim.si\/trgovina\/product\/brother-mfc-l2712dn\/","title":{"rendered":"Brother MFC-L2712dn"},"content":{"rendered":"<p>\u010crno-beli obojestranski laserski A4 tiskalnik s faksom<\/p>\n<p>&#8211; hitrost tiska, kopiranja: 30 strani\/min<br \/>\n&#8211; hitrost obojestranskega tiska: 15 str\/min<br \/>\n&#8211; lo\u010dljivost tiskanja: 1200 x 1200 dpi<br \/>\n&#8211; lo\u010dljivost kopiranja 600x600dpi, skeniranja 1200x1200dpi<br \/>\n&#8211; pomnilnik 64 MB<br \/>\n&#8211; vmesnik: Hi-Speed USB 2.0, LAN 10Base-T\/100Base-TX<br \/>\n&#8211; \u010das do prvega natisa: do 8,5 sekund<br \/>\n&#8211; pladenj za papir 250 listov<br \/>\n&#8211; ve\u010dnamenski pladenj 1 list<br \/>\n&#8211; ADF podajalnik: 50 listov<br \/>\n&#8211; izhod papirja z licem navzgor\/navdzol: 1\/120 listov<br \/>\n&#8211; LCD-zaslon: 2-vrsti\u010dni, 16 znakov<br \/>\n&#8211; ostalo: Energy Star, Google Cloud Print, Air Print, Mopria, Mobile printing for Windows, Wi-Fi Direct<br \/>\n&#8211; gramatura papirja: 60-163 g\/m2<br \/>\n&#8211; mere: 410&#215;395,5&#215;318,5 mm<br \/>\n&#8211; gonilniki: Win 10, Win 8, Win7 (32&amp;64bit), Server 2012R2\/2008R2\/2008, Linux\/Mac 10.10 dalje<br \/>\n&#8211; dimenzije: 410&#215;398,5&#215;318,5 mm, te\u017ea 11,8 kg<\/p>\n<p>&#8211; Garancija: 2 + 1 leto z registracijo na\u00a0<a href=\"https:\/\/www.brother.si\/support\/warranty-page\" target=\"_blank\" rel=\"nofollow noopener\">www.brother.si\/&#8230;<\/a><\/p>\n<p>Potro\u0161ni material:<br \/>\n&#8211; standardni toner: TN-2411 (do 1.200 str)<br \/>\n&#8211; veliki toner: TN-2421 (do 3.000 str.)<br \/>\n&#8211; prilo\u017eeni toner za 700 strani<br \/>\n&#8211; boben DR-2401 (do 12.000 strani)<\/p>\n","protected":false},"excerpt":{"rendered":"<p>Prostorsko var\u010dna naprava Brother MFC-L2712DN nudi visoke hitrosti tiskanja brez hrupa. Kompaktna naprava je tiha, zato vas ne bo motila pri delu.<\/p>\n<p>Tiskate, kopirate, skenirate ali faksirate lahko ve\u010d strani hkrati prek samodejnega podajalnika dokumentov (ADF), kar pomeni prihranek \u010dasa, saj ro\u010dno podajanje papirja ni potrebno.<\/p>\n<p>Zaradi velikega 250-listnega pladnja ni potrebno stalno dodajanje papirja.<\/p>\n<p>Brother podalj\u0161ana garancija<br \/>\nBrother izdelki so narejeni po najvi\u0161jih mo\u017enih standardih in so prepoznavni po svoji kakovosti in zanesljivosti. Ob pravilni uporabi vam bodo odli\u010dno slu\u017eili.<\/p>\n<p>Poleg va\u0161ih zakonskih pravic za 2 leti lastni\u0161tvo va\u0161 izdelek zajema tudi garancijo dobavitelja, ki vam zagotavlja \u0161e dodatno leto garancije v primeru kakr\u0161nihkoli te\u017eav. Da boste lahko koristili slednjo ugodnost, morate va\u0161 izdelek Brother registrirati na spletni strani www.brother.si<\/p>\n<p>Gonilniki in navodila: <a href=\"https:\/\/support.brother.com\/g\/b\/spec.aspx?c=eu_ot&amp;lang=en&amp;prod=mfcl2712dn_eu\">support.brother.com\/&#8230;<\/a><\/p>\n","protected":false},"featured_media":8401,"template":"","meta":{"_acf_changed":false},"product_cat":[57,56],"product_tag":[],"class_list":["post-8043","product","type-product","status-publish","has-post-thumbnail","hentry","product_cat-namizni-tiskalniki","product_cat-tiskanje"],"acf":[],"yoast_head":"<!-- This site is optimized with the Yoast SEO plugin v22.3 - https:\/\/yoast.com\/wordpress\/plugins\/seo\/ -->\n<title>Brother MFC-L2712dn - Strim plus<\/title>\n<meta name=\"robots\" content=\"index, follow, max-snippet:-1, max-image-preview:large, max-video-preview:-1\" \/>\n<link rel=\"canonical\" href=\"https:\/\/strim.si\/trgovina\/product\/brother-mfc-l2712dn\/\" \/>\n<meta property=\"og:locale\" content=\"sl_SI\" \/>\n<meta property=\"og:type\" content=\"article\" \/>\n<meta property=\"og:title\" content=\"Brother MFC-L2712dn - Strim plus\" \/>\n<meta property=\"og:description\" content=\"Prostorsko var\u010dna naprava Brother MFC-L2712DN nudi visoke hitrosti tiskanja brez hrupa. Kompaktna naprava je tiha, zato vas ne bo motila pri delu.  Tiskate, kopirate, skenirate ali faksirate lahko ve\u010d strani hkrati prek samodejnega podajalnika dokumentov (ADF), kar pomeni prihranek \u010dasa, saj ro\u010dno podajanje papirja ni potrebno.  Zaradi velikega 250-listnega pladnja ni potrebno stalno dodajanje papirja.  Brother podalj\u0161ana garancija Brother izdelki so narejeni po najvi\u0161jih mo\u017enih standardih in so prepoznavni po svoji kakovosti in zanesljivosti. Ob pravilni uporabi vam bodo odli\u010dno slu\u017eili.  Poleg va\u0161ih zakonskih pravic za 2 leti lastni\u0161tvo va\u0161 izdelek zajema tudi garancijo dobavitelja, ki vam zagotavlja \u0161e dodatno leto garancije v primeru kakr\u0161nihkoli te\u017eav. Da boste lahko koristili slednjo ugodnost, morate va\u0161 izdelek Brother registrirati na spletni strani www.brother.si  Gonilniki in navodila: support.brother.com\/...\" \/>\n<meta property=\"og:url\" content=\"https:\/\/strim.si\/trgovina\/product\/brother-mfc-l2712dn\/\" \/>\n<meta property=\"og:site_name\" content=\"Strim plus\" \/>\n<meta property=\"article:modified_time\" content=\"2022-06-01T02:53:04+00:00\" \/>\n<meta property=\"og:image\" content=\"https:\/\/strim.si\/trgovina\/wp-content\/uploads\/2022\/02\/brother-mfc-l2712dn-1.jpg\" \/>\n\t<meta property=\"og:image:width\" content=\"500\" \/>\n\t<meta property=\"og:image:height\" content=\"500\" \/>\n\t<meta property=\"og:image:type\" content=\"image\/jpeg\" \/>\n<meta name=\"twitter:card\" content=\"summary_large_image\" \/>\n<meta name=\"twitter:label1\" content=\"Est. reading time\" \/>\n\t<meta name=\"twitter:data1\" content=\"1 minuta\" \/>\n<script type=\"application\/ld+json\" class=\"yoast-schema-graph\">{\"@context\":\"https:\/\/schema.org\",\"@graph\":[{\"@type\":\"WebPage\",\"@id\":\"https:\/\/strim.si\/trgovina\/product\/brother-mfc-l2712dn\/\",\"url\":\"https:\/\/strim.si\/trgovina\/product\/brother-mfc-l2712dn\/\",\"name\":\"Brother MFC-L2712dn - Strim plus\",\"isPartOf\":{\"@id\":\"https:\/\/strim.si\/trgovina\/#website\"},\"primaryImageOfPage\":{\"@id\":\"https:\/\/strim.si\/trgovina\/product\/brother-mfc-l2712dn\/#primaryimage\"},\"image\":{\"@id\":\"https:\/\/strim.si\/trgovina\/product\/brother-mfc-l2712dn\/#primaryimage\"},\"thumbnailUrl\":\"https:\/\/strim.si\/trgovina\/wp-content\/uploads\/2022\/02\/brother-mfc-l2712dn-1.jpg\",\"datePublished\":\"2022-02-21T09:25:34+00:00\",\"dateModified\":\"2022-06-01T02:53:04+00:00\",\"breadcrumb\":{\"@id\":\"https:\/\/strim.si\/trgovina\/product\/brother-mfc-l2712dn\/#breadcrumb\"},\"inLanguage\":\"sl-SI\",\"potentialAction\":[{\"@type\":\"ReadAction\",\"target\":[\"https:\/\/strim.si\/trgovina\/product\/brother-mfc-l2712dn\/\"]}]},{\"@type\":\"ImageObject\",\"inLanguage\":\"sl-SI\",\"@id\":\"https:\/\/strim.si\/trgovina\/product\/brother-mfc-l2712dn\/#primaryimage\",\"url\":\"https:\/\/strim.si\/trgovina\/wp-content\/uploads\/2022\/02\/brother-mfc-l2712dn-1.jpg\",\"contentUrl\":\"https:\/\/strim.si\/trgovina\/wp-content\/uploads\/2022\/02\/brother-mfc-l2712dn-1.jpg\",\"width\":500,\"height\":500},{\"@type\":\"BreadcrumbList\",\"@id\":\"https:\/\/strim.si\/trgovina\/product\/brother-mfc-l2712dn\/#breadcrumb\",\"itemListElement\":[{\"@type\":\"ListItem\",\"position\":1,\"name\":\"Home\",\"item\":\"https:\/\/strim.si\/trgovina\/\"},{\"@type\":\"ListItem\",\"position\":2,\"name\":\"Trgovina\",\"item\":\"https:\/\/strim.si\/trgovina\/trgovina\/\"},{\"@type\":\"ListItem\",\"position\":3,\"name\":\"Brother MFC-L2712dn\"}]},{\"@type\":\"WebSite\",\"@id\":\"https:\/\/strim.si\/trgovina\/#website\",\"url\":\"https:\/\/strim.si\/trgovina\/\",\"name\":\"Strim plus\",\"description\":\"spletna trgovina\",\"potentialAction\":[{\"@type\":\"SearchAction\",\"target\":{\"@type\":\"EntryPoint\",\"urlTemplate\":\"https:\/\/strim.si\/trgovina\/?s={search_term_string}\"},\"query-input\":\"required name=search_term_string\"}],\"inLanguage\":\"sl-SI\"}]}<\/script>\n<!-- \/ Yoast SEO plugin. -->","yoast_head_json":{"title":"Brother MFC-L2712dn - Strim plus","robots":{"index":"index","follow":"follow","max-snippet":"max-snippet:-1","max-image-preview":"max-image-preview:large","max-video-preview":"max-video-preview:-1"},"canonical":"https:\/\/strim.si\/trgovina\/product\/brother-mfc-l2712dn\/","og_locale":"sl_SI","og_type":"article","og_title":"Brother MFC-L2712dn - Strim plus","og_description":"Prostorsko var\u010dna naprava Brother MFC-L2712DN nudi visoke hitrosti tiskanja brez hrupa. Kompaktna naprava je tiha, zato vas ne bo motila pri delu.  Tiskate, kopirate, skenirate ali faksirate lahko ve\u010d strani hkrati prek samodejnega podajalnika dokumentov (ADF), kar pomeni prihranek \u010dasa, saj ro\u010dno podajanje papirja ni potrebno.  Zaradi velikega 250-listnega pladnja ni potrebno stalno dodajanje papirja.  Brother podalj\u0161ana garancija Brother izdelki so narejeni po najvi\u0161jih mo\u017enih standardih in so prepoznavni po svoji kakovosti in zanesljivosti. Ob pravilni uporabi vam bodo odli\u010dno slu\u017eili.  Poleg va\u0161ih zakonskih pravic za 2 leti lastni\u0161tvo va\u0161 izdelek zajema tudi garancijo dobavitelja, ki vam zagotavlja \u0161e dodatno leto garancije v primeru kakr\u0161nihkoli te\u017eav. Da boste lahko koristili slednjo ugodnost, morate va\u0161 izdelek Brother registrirati na spletni strani www.brother.si  Gonilniki in navodila: support.brother.com\/...","og_url":"https:\/\/strim.si\/trgovina\/product\/brother-mfc-l2712dn\/","og_site_name":"Strim plus","article_modified_time":"2022-06-01T02:53:04+00:00","og_image":[{"width":500,"height":500,"url":"https:\/\/strim.si\/trgovina\/wp-content\/uploads\/2022\/02\/brother-mfc-l2712dn-1.jpg","type":"image\/jpeg"}],"twitter_card":"summary_large_image","twitter_misc":{"Est. reading time":"1 minuta"},"schema":{"@context":"https:\/\/schema.org","@graph":[{"@type":"WebPage","@id":"https:\/\/strim.si\/trgovina\/product\/brother-mfc-l2712dn\/","url":"https:\/\/strim.si\/trgovina\/product\/brother-mfc-l2712dn\/","name":"Brother MFC-L2712dn - Strim plus","isPartOf":{"@id":"https:\/\/strim.si\/trgovina\/#website"},"primaryImageOfPage":{"@id":"https:\/\/strim.si\/trgovina\/product\/brother-mfc-l2712dn\/#primaryimage"},"image":{"@id":"https:\/\/strim.si\/trgovina\/product\/brother-mfc-l2712dn\/#primaryimage"},"thumbnailUrl":"https:\/\/strim.si\/trgovina\/wp-content\/uploads\/2022\/02\/brother-mfc-l2712dn-1.jpg","datePublished":"2022-02-21T09:25:34+00:00","dateModified":"2022-06-01T02:53:04+00:00","breadcrumb":{"@id":"https:\/\/strim.si\/trgovina\/product\/brother-mfc-l2712dn\/#breadcrumb"},"inLanguage":"sl-SI","potentialAction":[{"@type":"ReadAction","target":["https:\/\/strim.si\/trgovina\/product\/brother-mfc-l2712dn\/"]}]},{"@type":"ImageObject","inLanguage":"sl-SI","@id":"https:\/\/strim.si\/trgovina\/product\/brother-mfc-l2712dn\/#primaryimage","url":"https:\/\/strim.si\/trgovina\/wp-content\/uploads\/2022\/02\/brother-mfc-l2712dn-1.jpg","contentUrl":"https:\/\/strim.si\/trgovina\/wp-content\/uploads\/2022\/02\/brother-mfc-l2712dn-1.jpg","width":500,"height":500},{"@type":"BreadcrumbList","@id":"https:\/\/strim.si\/trgovina\/product\/brother-mfc-l2712dn\/#breadcrumb","itemListElement":[{"@type":"ListItem","position":1,"name":"Home","item":"https:\/\/strim.si\/trgovina\/"},{"@type":"ListItem","position":2,"name":"Trgovina","item":"https:\/\/strim.si\/trgovina\/trgovina\/"},{"@type":"ListItem","position":3,"name":"Brother MFC-L2712dn"}]},{"@type":"WebSite","@id":"https:\/\/strim.si\/trgovina\/#website","url":"https:\/\/strim.si\/trgovina\/","name":"Strim plus","description":"spletna trgovina","potentialAction":[{"@type":"SearchAction","target":{"@type":"EntryPoint","urlTemplate":"https:\/\/strim.si\/trgovina\/?s={search_term_string}"},"query-input":"required name=search_term_string"}],"inLanguage":"sl-SI"}]}},"_links":{"self":[{"href":"https:\/\/strim.si\/trgovina\/wp-json\/wp\/v2\/product\/8043","targetHints":{"allow":["GET"]}}],"collection":[{"href":"https:\/\/strim.si\/trgovina\/wp-json\/wp\/v2\/product"}],"about":[{"href":"https:\/\/strim.si\/trgovina\/wp-json\/wp\/v2\/types\/product"}],"wp:featuredmedia":[{"embeddable":true,"href":"https:\/\/strim.si\/trgovina\/wp-json\/wp\/v2\/media\/8401"}],"wp:attachment":[{"href":"https:\/\/strim.si\/trgovina\/wp-json\/wp\/v2\/media?parent=8043"}],"wp:term":[{"taxonomy":"product_cat","embeddable":true,"href":"https:\/\/strim.si\/trgovina\/wp-json\/wp\/v2\/product_cat?post=8043"},{"taxonomy":"product_tag","embeddable":true,"href":"https:\/\/strim.si\/trgovina\/wp-json\/wp\/v2\/product_tag?post=8043"}],"curies":[{"name":"wp","href":"https:\/\/api.w.org\/{rel}","templated":true}]}}