{"id":8592,"date":"2022-03-10T15:00:56","date_gmt":"2022-03-10T15:00:56","guid":{"rendered":"https:\/\/strim.si\/trgovina\/?post_type=product&#038;p=8592"},"modified":"2022-03-10T15:04:31","modified_gmt":"2022-03-10T15:04:31","slug":"tsc-te210","status":"publish","type":"product","link":"https:\/\/strim.si\/trgovina\/product\/tsc-te210\/","title":{"rendered":"TSC TE210"},"content":{"rendered":"<p>Specifikacije<\/p>\n<ul>\n<li>Resolution<br \/>\n203 dpi (8 dots\/mm)<\/li>\n<li>Print Method<br \/>\nDirect thermal\/Thermal transfer<\/li>\n<li>Display<br \/>\nLED with buttons<\/li>\n<li>Hardwire Connectivity<br \/>\nEthernet<br \/>\nSerial RS-232<br \/>\nUSB<br \/>\nUSB Host<\/li>\n<li><label for=\"n1314n\">Wireless Connectivity<\/label>\n<div class=\"right\">\n<div class=\"col4\">Bluetooth<\/div>\n<div>Wi-Fi<\/div>\n<\/div>\n<\/li>\n<li>Enterprise Printer Management<br \/>\nTSC Console<\/li>\n<li>Type<br \/>\nDesktop<\/li>\n<li>Max. Print Speed<br \/>\nUp to 6 ips (152 mm\/s)<\/li>\n<li>Max. Print Width<br \/>\n4.25&#8243; (108 mm)<\/li>\n<li>Max. Print Length<br \/>\n1.000&#8243; (24.400 mm)<\/li>\n<li>RAM<br \/>\n64 MB SDRAM<\/li>\n<li>Flash<br \/>\n128 MB<\/li>\n<li>Optional Cutter<br \/>\nGuillotine cutter (full cut and partial cut)<\/li>\n<\/ul>\n<p>Media Specifications<\/p>\n<ul>\n<li>Internal Label Capacity<br \/>\n5&#8243; (127 mm) OD<\/li>\n<li>Max. Media Width<br \/>\n0.8&#8243; &#8211; 4.4&#8243; (20 &#8211; 112 mm)<\/li>\n<li>Media Type<br \/>\nContinuous; Die-Cut; Black Mark; Fan-Fold; Notched (Outside Wound)<\/li>\n<li>Max. Ribbon Length<br \/>\n300 Meters<\/li>\n<li>Ribbon Width<br \/>\n1.6&#8243; &#8211; 4.3&#8243; (40 &#8211; 110 mm)<\/li>\n<li>Media Core Diameter<br \/>\n1&#8243; &#8211; 1.5&#8243; (25.4 &#8211; 38 mm)<\/li>\n<li>Construction<br \/>\nABS plastic<\/li>\n<li>Programming Languages<br \/>\nTSPL-EZD<\/li>\n<\/ul>\n<p>Garancija: 2 leti<\/p>\n","protected":false},"excerpt":{"rendered":"<p>Inovativni dizajn serije TE ponuja na\u0161im preprodajalcem nove prilo\u017enosti za zadovoljitev edinstvenih tr\u017enih aplikacij. Tiskalni mehanizem, ki je obi\u010dajno name\u0161\u010den v tiskalniku, je mogo\u010de kupiti lo\u010deno za tiste, ki \u017eelijo integrirati mo\u017enost tiskanja nalepk po meri v svoje izdelane modele. Aplikacije za ta edinstveni tiskalni mehanizem lahko vklju\u010dujejo uporabo z aplikacijami za kioske, aplikatorji za majhne nalepke, dvobarvno tiskanje na zahtevo in obojestransko tiskanje.<\/p>\n","protected":false},"featured_media":8591,"template":"","meta":{"_acf_changed":false},"product_cat":[77,56],"product_tag":[],"class_list":["post-8592","product","type-product","status-publish","has-post-thumbnail","hentry","product_cat-tisk-v-skladiscih","product_cat-tiskanje"],"acf":[],"yoast_head":"<!-- This site is optimized with the Yoast SEO plugin v22.3 - https:\/\/yoast.com\/wordpress\/plugins\/seo\/ -->\n<title>TSC TE210 - Strim plus<\/title>\n<meta name=\"robots\" content=\"index, follow, max-snippet:-1, max-image-preview:large, max-video-preview:-1\" \/>\n<link rel=\"canonical\" href=\"https:\/\/strim.si\/trgovina\/product\/tsc-te210\/\" \/>\n<meta property=\"og:locale\" content=\"sl_SI\" \/>\n<meta property=\"og:type\" content=\"article\" \/>\n<meta property=\"og:title\" content=\"TSC TE210 - Strim plus\" \/>\n<meta property=\"og:description\" content=\"Inovativni dizajn serije TE ponuja na\u0161im preprodajalcem nove prilo\u017enosti za zadovoljitev edinstvenih tr\u017enih aplikacij. Tiskalni mehanizem, ki je obi\u010dajno name\u0161\u010den v tiskalniku, je mogo\u010de kupiti lo\u010deno za tiste, ki \u017eelijo integrirati mo\u017enost tiskanja nalepk po meri v svoje izdelane modele. Aplikacije za ta edinstveni tiskalni mehanizem lahko vklju\u010dujejo uporabo z aplikacijami za kioske, aplikatorji za majhne nalepke, dvobarvno tiskanje na zahtevo in obojestransko tiskanje.\" \/>\n<meta property=\"og:url\" content=\"https:\/\/strim.si\/trgovina\/product\/tsc-te210\/\" \/>\n<meta property=\"og:site_name\" content=\"Strim plus\" \/>\n<meta property=\"article:modified_time\" content=\"2022-03-10T15:04:31+00:00\" \/>\n<meta property=\"og:image\" content=\"https:\/\/strim.si\/trgovina\/wp-content\/uploads\/2022\/03\/tsc-te200-1.png\" \/>\n\t<meta property=\"og:image:width\" content=\"500\" \/>\n\t<meta property=\"og:image:height\" content=\"500\" \/>\n\t<meta property=\"og:image:type\" content=\"image\/png\" \/>\n<meta name=\"twitter:card\" content=\"summary_large_image\" \/>\n<meta name=\"twitter:label1\" content=\"Est. reading time\" \/>\n\t<meta name=\"twitter:data1\" content=\"1 minuta\" \/>\n<script type=\"application\/ld+json\" class=\"yoast-schema-graph\">{\"@context\":\"https:\/\/schema.org\",\"@graph\":[{\"@type\":\"WebPage\",\"@id\":\"https:\/\/strim.si\/trgovina\/product\/tsc-te210\/\",\"url\":\"https:\/\/strim.si\/trgovina\/product\/tsc-te210\/\",\"name\":\"TSC TE210 - Strim plus\",\"isPartOf\":{\"@id\":\"https:\/\/strim.si\/trgovina\/#website\"},\"primaryImageOfPage\":{\"@id\":\"https:\/\/strim.si\/trgovina\/product\/tsc-te210\/#primaryimage\"},\"image\":{\"@id\":\"https:\/\/strim.si\/trgovina\/product\/tsc-te210\/#primaryimage\"},\"thumbnailUrl\":\"https:\/\/strim.si\/trgovina\/wp-content\/uploads\/2022\/03\/tsc-te200-1.png\",\"datePublished\":\"2022-03-10T15:00:56+00:00\",\"dateModified\":\"2022-03-10T15:04:31+00:00\",\"breadcrumb\":{\"@id\":\"https:\/\/strim.si\/trgovina\/product\/tsc-te210\/#breadcrumb\"},\"inLanguage\":\"sl-SI\",\"potentialAction\":[{\"@type\":\"ReadAction\",\"target\":[\"https:\/\/strim.si\/trgovina\/product\/tsc-te210\/\"]}]},{\"@type\":\"ImageObject\",\"inLanguage\":\"sl-SI\",\"@id\":\"https:\/\/strim.si\/trgovina\/product\/tsc-te210\/#primaryimage\",\"url\":\"https:\/\/strim.si\/trgovina\/wp-content\/uploads\/2022\/03\/tsc-te200-1.png\",\"contentUrl\":\"https:\/\/strim.si\/trgovina\/wp-content\/uploads\/2022\/03\/tsc-te200-1.png\",\"width\":500,\"height\":500},{\"@type\":\"BreadcrumbList\",\"@id\":\"https:\/\/strim.si\/trgovina\/product\/tsc-te210\/#breadcrumb\",\"itemListElement\":[{\"@type\":\"ListItem\",\"position\":1,\"name\":\"Home\",\"item\":\"https:\/\/strim.si\/trgovina\/\"},{\"@type\":\"ListItem\",\"position\":2,\"name\":\"Trgovina\",\"item\":\"https:\/\/strim.si\/trgovina\/trgovina\/\"},{\"@type\":\"ListItem\",\"position\":3,\"name\":\"TSC TE210\"}]},{\"@type\":\"WebSite\",\"@id\":\"https:\/\/strim.si\/trgovina\/#website\",\"url\":\"https:\/\/strim.si\/trgovina\/\",\"name\":\"Strim plus\",\"description\":\"spletna trgovina\",\"potentialAction\":[{\"@type\":\"SearchAction\",\"target\":{\"@type\":\"EntryPoint\",\"urlTemplate\":\"https:\/\/strim.si\/trgovina\/?s={search_term_string}\"},\"query-input\":\"required name=search_term_string\"}],\"inLanguage\":\"sl-SI\"}]}<\/script>\n<!-- \/ Yoast SEO plugin. -->","yoast_head_json":{"title":"TSC TE210 - Strim plus","robots":{"index":"index","follow":"follow","max-snippet":"max-snippet:-1","max-image-preview":"max-image-preview:large","max-video-preview":"max-video-preview:-1"},"canonical":"https:\/\/strim.si\/trgovina\/product\/tsc-te210\/","og_locale":"sl_SI","og_type":"article","og_title":"TSC TE210 - Strim plus","og_description":"Inovativni dizajn serije TE ponuja na\u0161im preprodajalcem nove prilo\u017enosti za zadovoljitev edinstvenih tr\u017enih aplikacij. Tiskalni mehanizem, ki je obi\u010dajno name\u0161\u010den v tiskalniku, je mogo\u010de kupiti lo\u010deno za tiste, ki \u017eelijo integrirati mo\u017enost tiskanja nalepk po meri v svoje izdelane modele. Aplikacije za ta edinstveni tiskalni mehanizem lahko vklju\u010dujejo uporabo z aplikacijami za kioske, aplikatorji za majhne nalepke, dvobarvno tiskanje na zahtevo in obojestransko tiskanje.","og_url":"https:\/\/strim.si\/trgovina\/product\/tsc-te210\/","og_site_name":"Strim plus","article_modified_time":"2022-03-10T15:04:31+00:00","og_image":[{"width":500,"height":500,"url":"https:\/\/strim.si\/trgovina\/wp-content\/uploads\/2022\/03\/tsc-te200-1.png","type":"image\/png"}],"twitter_card":"summary_large_image","twitter_misc":{"Est. reading time":"1 minuta"},"schema":{"@context":"https:\/\/schema.org","@graph":[{"@type":"WebPage","@id":"https:\/\/strim.si\/trgovina\/product\/tsc-te210\/","url":"https:\/\/strim.si\/trgovina\/product\/tsc-te210\/","name":"TSC TE210 - Strim plus","isPartOf":{"@id":"https:\/\/strim.si\/trgovina\/#website"},"primaryImageOfPage":{"@id":"https:\/\/strim.si\/trgovina\/product\/tsc-te210\/#primaryimage"},"image":{"@id":"https:\/\/strim.si\/trgovina\/product\/tsc-te210\/#primaryimage"},"thumbnailUrl":"https:\/\/strim.si\/trgovina\/wp-content\/uploads\/2022\/03\/tsc-te200-1.png","datePublished":"2022-03-10T15:00:56+00:00","dateModified":"2022-03-10T15:04:31+00:00","breadcrumb":{"@id":"https:\/\/strim.si\/trgovina\/product\/tsc-te210\/#breadcrumb"},"inLanguage":"sl-SI","potentialAction":[{"@type":"ReadAction","target":["https:\/\/strim.si\/trgovina\/product\/tsc-te210\/"]}]},{"@type":"ImageObject","inLanguage":"sl-SI","@id":"https:\/\/strim.si\/trgovina\/product\/tsc-te210\/#primaryimage","url":"https:\/\/strim.si\/trgovina\/wp-content\/uploads\/2022\/03\/tsc-te200-1.png","contentUrl":"https:\/\/strim.si\/trgovina\/wp-content\/uploads\/2022\/03\/tsc-te200-1.png","width":500,"height":500},{"@type":"BreadcrumbList","@id":"https:\/\/strim.si\/trgovina\/product\/tsc-te210\/#breadcrumb","itemListElement":[{"@type":"ListItem","position":1,"name":"Home","item":"https:\/\/strim.si\/trgovina\/"},{"@type":"ListItem","position":2,"name":"Trgovina","item":"https:\/\/strim.si\/trgovina\/trgovina\/"},{"@type":"ListItem","position":3,"name":"TSC TE210"}]},{"@type":"WebSite","@id":"https:\/\/strim.si\/trgovina\/#website","url":"https:\/\/strim.si\/trgovina\/","name":"Strim plus","description":"spletna trgovina","potentialAction":[{"@type":"SearchAction","target":{"@type":"EntryPoint","urlTemplate":"https:\/\/strim.si\/trgovina\/?s={search_term_string}"},"query-input":"required name=search_term_string"}],"inLanguage":"sl-SI"}]}},"_links":{"self":[{"href":"https:\/\/strim.si\/trgovina\/wp-json\/wp\/v2\/product\/8592","targetHints":{"allow":["GET"]}}],"collection":[{"href":"https:\/\/strim.si\/trgovina\/wp-json\/wp\/v2\/product"}],"about":[{"href":"https:\/\/strim.si\/trgovina\/wp-json\/wp\/v2\/types\/product"}],"wp:featuredmedia":[{"embeddable":true,"href":"https:\/\/strim.si\/trgovina\/wp-json\/wp\/v2\/media\/8591"}],"wp:attachment":[{"href":"https:\/\/strim.si\/trgovina\/wp-json\/wp\/v2\/media?parent=8592"}],"wp:term":[{"taxonomy":"product_cat","embeddable":true,"href":"https:\/\/strim.si\/trgovina\/wp-json\/wp\/v2\/product_cat?post=8592"},{"taxonomy":"product_tag","embeddable":true,"href":"https:\/\/strim.si\/trgovina\/wp-json\/wp\/v2\/product_tag?post=8592"}],"curies":[{"name":"wp","href":"https:\/\/api.w.org\/{rel}","templated":true}]}}