{"id":8611,"date":"2022-03-11T12:44:11","date_gmt":"2022-03-11T11:44:11","guid":{"rendered":"https:\/\/strim.si\/trgovina\/?post_type=product&#038;p=8611"},"modified":"2024-03-06T10:50:58","modified_gmt":"2024-03-06T09:50:58","slug":"chuwi-larkbox-pro","status":"publish","type":"product","link":"https:\/\/strim.si\/trgovina\/product\/chuwi-larkbox-pro\/","title":{"rendered":"CHUWI LARKBOX PRO"},"content":{"rendered":"<p>Izjemno majhne velikosti vendar zadostne zmogljivosti lahko deluje kot gostitelj v manj\u0161i pisarni.<br \/>\nPostavljen v sejni sobi lahko deluje kot pomo\u010d za predstavitve (PPT in drugih dokumentov) kot mini gostitelj, ne da se potrebuje drugo opremo za izbolj\u0161anje u\u010dinkovitosti.<br \/>\nLahko je povezan s televizorjem z velikim zaslonom saj podpira izhod lo\u010dljivosti 4K za izjemno vizualno izku\u0161njo.<\/p>\n<p><strong>Majhno ohi\u0161je, velika mo\u010d<\/strong><br \/>\n\u010ceprav je ohi\u0161je kompaktno, je opremljeno tudi s popolnim raz\u0161iritvenim vmesnikom, z USB-A (3.0) x 2, USB-C, HDMI, 3,5 mm priklju\u010dkom za slu\u0161alke, raz\u0161iritvenim priklju\u010dkom za MicroSD, prenosom datotek ter zvoka in videa ter podpora za raz\u0161iritev zmogljivosti.<\/p>\n<p><strong>Dvopasovna brez\u017ei\u010dna povezava, vedno na spletu<\/strong><br \/>\nPodpira 2.4G\/5G dvojni frekven\u010dni pas WiFi, pove\u017eite se z ustreznim omre\u017ejem glede na povpra\u0161evanje, vedno na spletu z visoko hitrostjo in stabilnostjo. Podpira Bluetooth 5.0, lahko pove\u017ee tipkovnico, mi\u0161ko, Bluetooth zvo\u010dnike in druge zunanje naprave<\/p>\n<p><strong>Izjemno nizka poraba energije, dolgoro\u010dno var\u010devanje z energijo<\/strong><br \/>\nZahvaljujo\u010d prednostim procesorjev z nizko porabo in pomnilniku z nizko porabo energije ter globoki optimizaciji programske in strojne opreme je najmanj\u0161a poraba energije v stanju pripravljenosti le 5 W, kar prihrani energijo.<\/p>\n<p><strong>Ve\u010dsistemska podpora<\/strong><br \/>\nWindows 10, ima bogato programsko ekologijo, Office u\u010dinkovito pisarno; podpira tudi operacijski sistem Linux, kot je mainstream Ubuntu itd., za gradnjo stre\u017enikov, kompilacijo programske opreme in druge potrebe.<\/p>\n<p>&nbsp;<\/p>\n","protected":false},"excerpt":{"rendered":"<p>Material ohi\u0161ja: Al-Mg zlitina &amp; polikarbonat<br \/>\nProcesor: Intel\u00ae Celeron\u00ae J4125,4C4T, 1.8GHz-2.5GHz<br \/>\nGrafika: Intel\u00ae UHD Graphics 600, 750MHzz<br \/>\nVideo izhod: 4K60Hz<br \/>\nShranjevanje: EMMC 128G<br \/>\nSpomin: LPDDR4 6GB<br \/>\nNapajanje: 24W(12V\/2A) DC<br \/>\nDimenzije: 61*61*43(H)mm<br \/>\nTe\u017ea. 127g<br \/>\nIzhodi in vhodi: 2*USB-A 3.0, 3.5mm Audio Jack, Type A*1 2.0, USB-C, Micro SD Card \u010ditalec.<br \/>\nRaz\u0161irljivost: m.2 SSD<br \/>\nPovezave: brez\u017ei\u010dno 2.4G\/5G, 802.11a\/ac\/b\/g\/n Wi-Fi Networking,Bluetooth 5.1<br \/>\nOperacijski sistem: WIN101909\/Linux<br \/>\nV paketu: LarkBox Pro, 24W DC adapter, priro\u010dnik za uporabo<\/p>\n","protected":false},"featured_media":8612,"template":"","meta":{"_acf_changed":false},"product_cat":[81],"product_tag":[],"class_list":["post-8611","product","type-product","status-publish","has-post-thumbnail","hentry","product_cat-dodatki-in-ostalo"],"acf":[],"yoast_head":"<!-- This site is optimized with the Yoast SEO plugin v22.3 - https:\/\/yoast.com\/wordpress\/plugins\/seo\/ -->\n<title>CHUWI LARKBOX PRO - Strim plus<\/title>\n<meta name=\"robots\" content=\"index, follow, max-snippet:-1, max-image-preview:large, max-video-preview:-1\" \/>\n<link rel=\"canonical\" href=\"https:\/\/strim.si\/trgovina\/product\/chuwi-larkbox-pro\/\" \/>\n<meta property=\"og:locale\" content=\"sl_SI\" \/>\n<meta property=\"og:type\" content=\"article\" \/>\n<meta property=\"og:title\" content=\"CHUWI LARKBOX PRO - Strim plus\" \/>\n<meta property=\"og:description\" content=\"Material ohi\u0161ja: Al-Mg zlitina &amp; polikarbonat Procesor: Intel\u00ae Celeron\u00ae J4125,4C4T, 1.8GHz-2.5GHz Grafika: Intel\u00ae UHD Graphics 600, 750MHzz Video izhod: 4K60Hz Shranjevanje: EMMC 128G Spomin: LPDDR4 6GB Napajanje: 24W(12V\/2A) DC Dimenzije: 61*61*43(H)mm Te\u017ea. 127g Izhodi in vhodi: 2*USB-A 3.0, 3.5mm Audio Jack, Type A*1 2.0, USB-C, Micro SD Card \u010ditalec. Raz\u0161irljivost: m.2 SSD Povezave: brez\u017ei\u010dno 2.4G\/5G, 802.11a\/ac\/b\/g\/n Wi-Fi Networking,Bluetooth 5.1 Operacijski sistem: WIN101909\/Linux V paketu: LarkBox Pro, 24W DC adapter, priro\u010dnik za uporabo\" \/>\n<meta property=\"og:url\" content=\"https:\/\/strim.si\/trgovina\/product\/chuwi-larkbox-pro\/\" \/>\n<meta property=\"og:site_name\" content=\"Strim plus\" \/>\n<meta property=\"article:modified_time\" content=\"2024-03-06T09:50:58+00:00\" \/>\n<meta property=\"og:image\" content=\"https:\/\/strim.si\/trgovina\/wp-content\/uploads\/2022\/03\/chuwi-larkbox-pro-1.webp\" \/>\n\t<meta property=\"og:image:width\" content=\"1000\" \/>\n\t<meta property=\"og:image:height\" content=\"1000\" \/>\n\t<meta property=\"og:image:type\" content=\"image\/webp\" \/>\n<meta name=\"twitter:card\" content=\"summary_large_image\" \/>\n<meta name=\"twitter:label1\" content=\"Est. reading time\" \/>\n\t<meta name=\"twitter:data1\" content=\"1 minuta\" \/>\n<script type=\"application\/ld+json\" class=\"yoast-schema-graph\">{\"@context\":\"https:\/\/schema.org\",\"@graph\":[{\"@type\":\"WebPage\",\"@id\":\"https:\/\/strim.si\/trgovina\/product\/chuwi-larkbox-pro\/\",\"url\":\"https:\/\/strim.si\/trgovina\/product\/chuwi-larkbox-pro\/\",\"name\":\"CHUWI LARKBOX PRO - Strim plus\",\"isPartOf\":{\"@id\":\"https:\/\/strim.si\/trgovina\/#website\"},\"primaryImageOfPage\":{\"@id\":\"https:\/\/strim.si\/trgovina\/product\/chuwi-larkbox-pro\/#primaryimage\"},\"image\":{\"@id\":\"https:\/\/strim.si\/trgovina\/product\/chuwi-larkbox-pro\/#primaryimage\"},\"thumbnailUrl\":\"https:\/\/strim.si\/trgovina\/wp-content\/uploads\/2022\/03\/chuwi-larkbox-pro-1.webp\",\"datePublished\":\"2022-03-11T11:44:11+00:00\",\"dateModified\":\"2024-03-06T09:50:58+00:00\",\"breadcrumb\":{\"@id\":\"https:\/\/strim.si\/trgovina\/product\/chuwi-larkbox-pro\/#breadcrumb\"},\"inLanguage\":\"sl-SI\",\"potentialAction\":[{\"@type\":\"ReadAction\",\"target\":[\"https:\/\/strim.si\/trgovina\/product\/chuwi-larkbox-pro\/\"]}]},{\"@type\":\"ImageObject\",\"inLanguage\":\"sl-SI\",\"@id\":\"https:\/\/strim.si\/trgovina\/product\/chuwi-larkbox-pro\/#primaryimage\",\"url\":\"https:\/\/strim.si\/trgovina\/wp-content\/uploads\/2022\/03\/chuwi-larkbox-pro-1.webp\",\"contentUrl\":\"https:\/\/strim.si\/trgovina\/wp-content\/uploads\/2022\/03\/chuwi-larkbox-pro-1.webp\",\"width\":1000,\"height\":1000},{\"@type\":\"BreadcrumbList\",\"@id\":\"https:\/\/strim.si\/trgovina\/product\/chuwi-larkbox-pro\/#breadcrumb\",\"itemListElement\":[{\"@type\":\"ListItem\",\"position\":1,\"name\":\"Home\",\"item\":\"https:\/\/strim.si\/trgovina\/\"},{\"@type\":\"ListItem\",\"position\":2,\"name\":\"Trgovina\",\"item\":\"https:\/\/strim.si\/trgovina\/trgovina\/\"},{\"@type\":\"ListItem\",\"position\":3,\"name\":\"CHUWI LARKBOX PRO\"}]},{\"@type\":\"WebSite\",\"@id\":\"https:\/\/strim.si\/trgovina\/#website\",\"url\":\"https:\/\/strim.si\/trgovina\/\",\"name\":\"Strim plus\",\"description\":\"spletna trgovina\",\"potentialAction\":[{\"@type\":\"SearchAction\",\"target\":{\"@type\":\"EntryPoint\",\"urlTemplate\":\"https:\/\/strim.si\/trgovina\/?s={search_term_string}\"},\"query-input\":\"required name=search_term_string\"}],\"inLanguage\":\"sl-SI\"}]}<\/script>\n<!-- \/ Yoast SEO plugin. -->","yoast_head_json":{"title":"CHUWI LARKBOX PRO - Strim plus","robots":{"index":"index","follow":"follow","max-snippet":"max-snippet:-1","max-image-preview":"max-image-preview:large","max-video-preview":"max-video-preview:-1"},"canonical":"https:\/\/strim.si\/trgovina\/product\/chuwi-larkbox-pro\/","og_locale":"sl_SI","og_type":"article","og_title":"CHUWI LARKBOX PRO - Strim plus","og_description":"Material ohi\u0161ja: Al-Mg zlitina &amp; polikarbonat Procesor: Intel\u00ae Celeron\u00ae J4125,4C4T, 1.8GHz-2.5GHz Grafika: Intel\u00ae UHD Graphics 600, 750MHzz Video izhod: 4K60Hz Shranjevanje: EMMC 128G Spomin: LPDDR4 6GB Napajanje: 24W(12V\/2A) DC Dimenzije: 61*61*43(H)mm Te\u017ea. 127g Izhodi in vhodi: 2*USB-A 3.0, 3.5mm Audio Jack, Type A*1 2.0, USB-C, Micro SD Card \u010ditalec. Raz\u0161irljivost: m.2 SSD Povezave: brez\u017ei\u010dno 2.4G\/5G, 802.11a\/ac\/b\/g\/n Wi-Fi Networking,Bluetooth 5.1 Operacijski sistem: WIN101909\/Linux V paketu: LarkBox Pro, 24W DC adapter, priro\u010dnik za uporabo","og_url":"https:\/\/strim.si\/trgovina\/product\/chuwi-larkbox-pro\/","og_site_name":"Strim plus","article_modified_time":"2024-03-06T09:50:58+00:00","og_image":[{"width":1000,"height":1000,"url":"https:\/\/strim.si\/trgovina\/wp-content\/uploads\/2022\/03\/chuwi-larkbox-pro-1.webp","type":"image\/webp"}],"twitter_card":"summary_large_image","twitter_misc":{"Est. reading time":"1 minuta"},"schema":{"@context":"https:\/\/schema.org","@graph":[{"@type":"WebPage","@id":"https:\/\/strim.si\/trgovina\/product\/chuwi-larkbox-pro\/","url":"https:\/\/strim.si\/trgovina\/product\/chuwi-larkbox-pro\/","name":"CHUWI LARKBOX PRO - Strim plus","isPartOf":{"@id":"https:\/\/strim.si\/trgovina\/#website"},"primaryImageOfPage":{"@id":"https:\/\/strim.si\/trgovina\/product\/chuwi-larkbox-pro\/#primaryimage"},"image":{"@id":"https:\/\/strim.si\/trgovina\/product\/chuwi-larkbox-pro\/#primaryimage"},"thumbnailUrl":"https:\/\/strim.si\/trgovina\/wp-content\/uploads\/2022\/03\/chuwi-larkbox-pro-1.webp","datePublished":"2022-03-11T11:44:11+00:00","dateModified":"2024-03-06T09:50:58+00:00","breadcrumb":{"@id":"https:\/\/strim.si\/trgovina\/product\/chuwi-larkbox-pro\/#breadcrumb"},"inLanguage":"sl-SI","potentialAction":[{"@type":"ReadAction","target":["https:\/\/strim.si\/trgovina\/product\/chuwi-larkbox-pro\/"]}]},{"@type":"ImageObject","inLanguage":"sl-SI","@id":"https:\/\/strim.si\/trgovina\/product\/chuwi-larkbox-pro\/#primaryimage","url":"https:\/\/strim.si\/trgovina\/wp-content\/uploads\/2022\/03\/chuwi-larkbox-pro-1.webp","contentUrl":"https:\/\/strim.si\/trgovina\/wp-content\/uploads\/2022\/03\/chuwi-larkbox-pro-1.webp","width":1000,"height":1000},{"@type":"BreadcrumbList","@id":"https:\/\/strim.si\/trgovina\/product\/chuwi-larkbox-pro\/#breadcrumb","itemListElement":[{"@type":"ListItem","position":1,"name":"Home","item":"https:\/\/strim.si\/trgovina\/"},{"@type":"ListItem","position":2,"name":"Trgovina","item":"https:\/\/strim.si\/trgovina\/trgovina\/"},{"@type":"ListItem","position":3,"name":"CHUWI LARKBOX PRO"}]},{"@type":"WebSite","@id":"https:\/\/strim.si\/trgovina\/#website","url":"https:\/\/strim.si\/trgovina\/","name":"Strim plus","description":"spletna trgovina","potentialAction":[{"@type":"SearchAction","target":{"@type":"EntryPoint","urlTemplate":"https:\/\/strim.si\/trgovina\/?s={search_term_string}"},"query-input":"required name=search_term_string"}],"inLanguage":"sl-SI"}]}},"_links":{"self":[{"href":"https:\/\/strim.si\/trgovina\/wp-json\/wp\/v2\/product\/8611","targetHints":{"allow":["GET"]}}],"collection":[{"href":"https:\/\/strim.si\/trgovina\/wp-json\/wp\/v2\/product"}],"about":[{"href":"https:\/\/strim.si\/trgovina\/wp-json\/wp\/v2\/types\/product"}],"wp:featuredmedia":[{"embeddable":true,"href":"https:\/\/strim.si\/trgovina\/wp-json\/wp\/v2\/media\/8612"}],"wp:attachment":[{"href":"https:\/\/strim.si\/trgovina\/wp-json\/wp\/v2\/media?parent=8611"}],"wp:term":[{"taxonomy":"product_cat","embeddable":true,"href":"https:\/\/strim.si\/trgovina\/wp-json\/wp\/v2\/product_cat?post=8611"},{"taxonomy":"product_tag","embeddable":true,"href":"https:\/\/strim.si\/trgovina\/wp-json\/wp\/v2\/product_tag?post=8611"}],"curies":[{"name":"wp","href":"https:\/\/api.w.org\/{rel}","templated":true}]}}