{"id":8745,"date":"2024-03-05T08:55:17","date_gmt":"2024-03-05T07:55:17","guid":{"rendered":"https:\/\/strim.si\/trgovina\/?post_type=product&#038;p=8745"},"modified":"2024-10-09T14:59:02","modified_gmt":"2024-10-09T13:59:02","slug":"prestigio-digitalni-totem-55","status":"publish","type":"product","link":"https:\/\/strim.si\/trgovina\/product\/prestigio-digitalni-totem-55\/","title":{"rendered":"Prestigio digitalni totem 55&#8243;"},"content":{"rendered":"","protected":false},"excerpt":{"rendered":"<h4 data-pm-slice=\"0 0 []\"><strong>IZBOLJ&Scaron;ANA UPORABNI&Scaron;KA IZKU&Scaron;NJA<\/strong><\/h4>\n<p>Prestigio Solutions IDS Totem daje strankam mo\u017enost uporabe znanih interaktivnih funkcij spletne trgovine v okolju brez povezave na va&scaron;em prodajnem mestu, prikaz vsega blaga, ki ni sodilo na polico, zagotavljanje informacij o povezanih izdelkih, vodenje nenavadnih interaktivnih akcij.<\/p>\n<h4><strong>PRILAGODLJIVOST<\/strong><\/h4>\n<p>Digital Signage Totem omogo\u010da hitro in enostavno spreminjanje vsebine, tako da lahko svoje sporo\u010dilo prilagodite glede na \u010das dneva ali letni \u010das. Uporabljajo se lahko za ogla&scaron;evanje, prikaz informacij, iskanje poti in druge aplikacije.<\/p>\n<h4><strong>POVE\u010cANA ANGA\u017dIRANOST<\/strong><\/h4>\n<p>Digital Signage Totems so interaktivni in privla\u010dni ter strankam omogo\u010dajo bolj neposredno interakcijo z va&scaron;o blagovno znamko zahvaljujo\u010d zaslonu na dotik naprave, ki podpira do 10 to\u010dk dotika hkrati.<\/p>\n<h4><strong>STRO&Scaron;KOVNA U\u010cINKOVITOST<\/strong><\/h4>\n<p>Totemi za digitalno ozna\u010devanje so stro&scaron;kovno u\u010dinkoviti v primerjavi s tradicionalnimi metodami ozna\u010devanja, saj omogo\u010dajo doseganje ve\u010d strank, ne da bi pri tem izgubili denar. <\/p>\n","protected":false},"featured_media":8742,"template":"","meta":{"_acf_changed":false},"product_cat":[51,92],"product_tag":[],"class_list":["post-8745","product","type-product","status-publish","has-post-thumbnail","hentry","product_cat-pametni-zasloni","product_cat-zasloni-na-dotik"],"acf":[],"yoast_head":"<!-- This site is optimized with the Yoast SEO plugin v22.3 - https:\/\/yoast.com\/wordpress\/plugins\/seo\/ -->\n<title>Prestigio digitalni totem 55&quot; - Strim plus<\/title>\n<meta name=\"robots\" content=\"index, follow, max-snippet:-1, max-image-preview:large, max-video-preview:-1\" \/>\n<link rel=\"canonical\" href=\"https:\/\/strim.si\/trgovina\/product\/prestigio-digitalni-totem-55\/\" \/>\n<meta property=\"og:locale\" content=\"sl_SI\" \/>\n<meta property=\"og:type\" content=\"article\" \/>\n<meta property=\"og:title\" content=\"Prestigio digitalni totem 55&quot; - Strim plus\" \/>\n<meta property=\"og:description\" content=\"IZBOLJ&Scaron;ANA UPORABNI&Scaron;KA IZKU&Scaron;NJA Prestigio Solutions IDS Totem daje strankam mo\u017enost uporabe znanih interaktivnih funkcij spletne trgovine v okolju brez povezave na va&scaron;em prodajnem mestu, prikaz vsega blaga, ki ni sodilo na polico, zagotavljanje informacij o povezanih izdelkih, vodenje nenavadnih interaktivnih akcij. PRILAGODLJIVOST Digital Signage Totem omogo\u010da hitro in enostavno spreminjanje vsebine, tako da lahko svoje sporo\u010dilo prilagodite glede na \u010das dneva ali letni \u010das. Uporabljajo se lahko za ogla&scaron;evanje, prikaz informacij, iskanje poti in druge aplikacije. POVE\u010cANA ANGA\u017dIRANOST Digital Signage Totems so interaktivni in privla\u010dni ter strankam omogo\u010dajo bolj neposredno interakcijo z va&scaron;o blagovno znamko zahvaljujo\u010d zaslonu na dotik naprave, ki podpira do 10 to\u010dk dotika hkrati. STRO&Scaron;KOVNA U\u010cINKOVITOST Totemi za digitalno ozna\u010devanje so stro&scaron;kovno u\u010dinkoviti v primerjavi s tradicionalnimi metodami ozna\u010devanja, saj omogo\u010dajo doseganje ve\u010d strank, ne da bi pri tem izgubili denar.\" \/>\n<meta property=\"og:url\" content=\"https:\/\/strim.si\/trgovina\/product\/prestigio-digitalni-totem-55\/\" \/>\n<meta property=\"og:site_name\" content=\"Strim plus\" \/>\n<meta property=\"article:modified_time\" content=\"2024-10-09T13:59:02+00:00\" \/>\n<meta property=\"og:image\" content=\"https:\/\/strim.si\/trgovina\/wp-content\/uploads\/2024\/03\/totem-55inch.png\" \/>\n\t<meta property=\"og:image:width\" content=\"450\" \/>\n\t<meta property=\"og:image:height\" content=\"400\" \/>\n\t<meta property=\"og:image:type\" content=\"image\/png\" \/>\n<meta name=\"twitter:card\" content=\"summary_large_image\" \/>\n<meta name=\"twitter:label1\" content=\"Est. reading time\" \/>\n\t<meta name=\"twitter:data1\" content=\"1 minuta\" \/>\n<script type=\"application\/ld+json\" class=\"yoast-schema-graph\">{\"@context\":\"https:\/\/schema.org\",\"@graph\":[{\"@type\":\"WebPage\",\"@id\":\"https:\/\/strim.si\/trgovina\/product\/prestigio-digitalni-totem-55\/\",\"url\":\"https:\/\/strim.si\/trgovina\/product\/prestigio-digitalni-totem-55\/\",\"name\":\"Prestigio digitalni totem 55\\\" - Strim plus\",\"isPartOf\":{\"@id\":\"https:\/\/strim.si\/trgovina\/#website\"},\"primaryImageOfPage\":{\"@id\":\"https:\/\/strim.si\/trgovina\/product\/prestigio-digitalni-totem-55\/#primaryimage\"},\"image\":{\"@id\":\"https:\/\/strim.si\/trgovina\/product\/prestigio-digitalni-totem-55\/#primaryimage\"},\"thumbnailUrl\":\"https:\/\/strim.si\/trgovina\/wp-content\/uploads\/2024\/03\/totem-55inch.png\",\"datePublished\":\"2024-03-05T07:55:17+00:00\",\"dateModified\":\"2024-10-09T13:59:02+00:00\",\"breadcrumb\":{\"@id\":\"https:\/\/strim.si\/trgovina\/product\/prestigio-digitalni-totem-55\/#breadcrumb\"},\"inLanguage\":\"sl-SI\",\"potentialAction\":[{\"@type\":\"ReadAction\",\"target\":[\"https:\/\/strim.si\/trgovina\/product\/prestigio-digitalni-totem-55\/\"]}]},{\"@type\":\"ImageObject\",\"inLanguage\":\"sl-SI\",\"@id\":\"https:\/\/strim.si\/trgovina\/product\/prestigio-digitalni-totem-55\/#primaryimage\",\"url\":\"https:\/\/strim.si\/trgovina\/wp-content\/uploads\/2024\/03\/totem-55inch.png\",\"contentUrl\":\"https:\/\/strim.si\/trgovina\/wp-content\/uploads\/2024\/03\/totem-55inch.png\",\"width\":450,\"height\":400},{\"@type\":\"BreadcrumbList\",\"@id\":\"https:\/\/strim.si\/trgovina\/product\/prestigio-digitalni-totem-55\/#breadcrumb\",\"itemListElement\":[{\"@type\":\"ListItem\",\"position\":1,\"name\":\"Home\",\"item\":\"https:\/\/strim.si\/trgovina\/\"},{\"@type\":\"ListItem\",\"position\":2,\"name\":\"Trgovina\",\"item\":\"https:\/\/strim.si\/trgovina\/trgovina\/\"},{\"@type\":\"ListItem\",\"position\":3,\"name\":\"Prestigio digitalni totem 55&#8243;\"}]},{\"@type\":\"WebSite\",\"@id\":\"https:\/\/strim.si\/trgovina\/#website\",\"url\":\"https:\/\/strim.si\/trgovina\/\",\"name\":\"Strim plus\",\"description\":\"spletna trgovina\",\"potentialAction\":[{\"@type\":\"SearchAction\",\"target\":{\"@type\":\"EntryPoint\",\"urlTemplate\":\"https:\/\/strim.si\/trgovina\/?s={search_term_string}\"},\"query-input\":\"required name=search_term_string\"}],\"inLanguage\":\"sl-SI\"}]}<\/script>\n<!-- \/ Yoast SEO plugin. -->","yoast_head_json":{"title":"Prestigio digitalni totem 55\" - Strim plus","robots":{"index":"index","follow":"follow","max-snippet":"max-snippet:-1","max-image-preview":"max-image-preview:large","max-video-preview":"max-video-preview:-1"},"canonical":"https:\/\/strim.si\/trgovina\/product\/prestigio-digitalni-totem-55\/","og_locale":"sl_SI","og_type":"article","og_title":"Prestigio digitalni totem 55\" - Strim plus","og_description":"IZBOLJ&Scaron;ANA UPORABNI&Scaron;KA IZKU&Scaron;NJA Prestigio Solutions IDS Totem daje strankam mo\u017enost uporabe znanih interaktivnih funkcij spletne trgovine v okolju brez povezave na va&scaron;em prodajnem mestu, prikaz vsega blaga, ki ni sodilo na polico, zagotavljanje informacij o povezanih izdelkih, vodenje nenavadnih interaktivnih akcij. PRILAGODLJIVOST Digital Signage Totem omogo\u010da hitro in enostavno spreminjanje vsebine, tako da lahko svoje sporo\u010dilo prilagodite glede na \u010das dneva ali letni \u010das. Uporabljajo se lahko za ogla&scaron;evanje, prikaz informacij, iskanje poti in druge aplikacije. POVE\u010cANA ANGA\u017dIRANOST Digital Signage Totems so interaktivni in privla\u010dni ter strankam omogo\u010dajo bolj neposredno interakcijo z va&scaron;o blagovno znamko zahvaljujo\u010d zaslonu na dotik naprave, ki podpira do 10 to\u010dk dotika hkrati. STRO&Scaron;KOVNA U\u010cINKOVITOST Totemi za digitalno ozna\u010devanje so stro&scaron;kovno u\u010dinkoviti v primerjavi s tradicionalnimi metodami ozna\u010devanja, saj omogo\u010dajo doseganje ve\u010d strank, ne da bi pri tem izgubili denar.","og_url":"https:\/\/strim.si\/trgovina\/product\/prestigio-digitalni-totem-55\/","og_site_name":"Strim plus","article_modified_time":"2024-10-09T13:59:02+00:00","og_image":[{"width":450,"height":400,"url":"https:\/\/strim.si\/trgovina\/wp-content\/uploads\/2024\/03\/totem-55inch.png","type":"image\/png"}],"twitter_card":"summary_large_image","twitter_misc":{"Est. reading time":"1 minuta"},"schema":{"@context":"https:\/\/schema.org","@graph":[{"@type":"WebPage","@id":"https:\/\/strim.si\/trgovina\/product\/prestigio-digitalni-totem-55\/","url":"https:\/\/strim.si\/trgovina\/product\/prestigio-digitalni-totem-55\/","name":"Prestigio digitalni totem 55\" - Strim plus","isPartOf":{"@id":"https:\/\/strim.si\/trgovina\/#website"},"primaryImageOfPage":{"@id":"https:\/\/strim.si\/trgovina\/product\/prestigio-digitalni-totem-55\/#primaryimage"},"image":{"@id":"https:\/\/strim.si\/trgovina\/product\/prestigio-digitalni-totem-55\/#primaryimage"},"thumbnailUrl":"https:\/\/strim.si\/trgovina\/wp-content\/uploads\/2024\/03\/totem-55inch.png","datePublished":"2024-03-05T07:55:17+00:00","dateModified":"2024-10-09T13:59:02+00:00","breadcrumb":{"@id":"https:\/\/strim.si\/trgovina\/product\/prestigio-digitalni-totem-55\/#breadcrumb"},"inLanguage":"sl-SI","potentialAction":[{"@type":"ReadAction","target":["https:\/\/strim.si\/trgovina\/product\/prestigio-digitalni-totem-55\/"]}]},{"@type":"ImageObject","inLanguage":"sl-SI","@id":"https:\/\/strim.si\/trgovina\/product\/prestigio-digitalni-totem-55\/#primaryimage","url":"https:\/\/strim.si\/trgovina\/wp-content\/uploads\/2024\/03\/totem-55inch.png","contentUrl":"https:\/\/strim.si\/trgovina\/wp-content\/uploads\/2024\/03\/totem-55inch.png","width":450,"height":400},{"@type":"BreadcrumbList","@id":"https:\/\/strim.si\/trgovina\/product\/prestigio-digitalni-totem-55\/#breadcrumb","itemListElement":[{"@type":"ListItem","position":1,"name":"Home","item":"https:\/\/strim.si\/trgovina\/"},{"@type":"ListItem","position":2,"name":"Trgovina","item":"https:\/\/strim.si\/trgovina\/trgovina\/"},{"@type":"ListItem","position":3,"name":"Prestigio digitalni totem 55&#8243;"}]},{"@type":"WebSite","@id":"https:\/\/strim.si\/trgovina\/#website","url":"https:\/\/strim.si\/trgovina\/","name":"Strim plus","description":"spletna trgovina","potentialAction":[{"@type":"SearchAction","target":{"@type":"EntryPoint","urlTemplate":"https:\/\/strim.si\/trgovina\/?s={search_term_string}"},"query-input":"required name=search_term_string"}],"inLanguage":"sl-SI"}]}},"_links":{"self":[{"href":"https:\/\/strim.si\/trgovina\/wp-json\/wp\/v2\/product\/8745","targetHints":{"allow":["GET"]}}],"collection":[{"href":"https:\/\/strim.si\/trgovina\/wp-json\/wp\/v2\/product"}],"about":[{"href":"https:\/\/strim.si\/trgovina\/wp-json\/wp\/v2\/types\/product"}],"wp:featuredmedia":[{"embeddable":true,"href":"https:\/\/strim.si\/trgovina\/wp-json\/wp\/v2\/media\/8742"}],"wp:attachment":[{"href":"https:\/\/strim.si\/trgovina\/wp-json\/wp\/v2\/media?parent=8745"}],"wp:term":[{"taxonomy":"product_cat","embeddable":true,"href":"https:\/\/strim.si\/trgovina\/wp-json\/wp\/v2\/product_cat?post=8745"},{"taxonomy":"product_tag","embeddable":true,"href":"https:\/\/strim.si\/trgovina\/wp-json\/wp\/v2\/product_tag?post=8745"}],"curies":[{"name":"wp","href":"https:\/\/api.w.org\/{rel}","templated":true}]}}