{"id":8775,"date":"2024-03-08T11:32:08","date_gmt":"2024-03-08T10:32:08","guid":{"rendered":"https:\/\/strim.si\/trgovina\/?post_type=product&#038;p=8775"},"modified":"2024-03-20T14:53:50","modified_gmt":"2024-03-20T13:53:50","slug":"hisense-video-stena-55","status":"publish","type":"product","link":"https:\/\/strim.si\/trgovina\/product\/hisense-video-stena-55\/","title":{"rendered":"Hisense video stena 55&#8243;"},"content":{"rendered":"","protected":false},"excerpt":{"rendered":"<div>\n<div>\n<div>\n<div>\n<div>\n<div>\n<div>\n<div><img decoding=\"async\" src=\"https:\/\/www.hisense-b2b.com\/themes\/HiSense\/Content\/images\/247.png\" alt=\"\" \/><\/div>\n<div>\n<p><strong>24-urno delovanje<\/strong><\/p>\n<p>Zasloni Hisense, zasnovani s tehnologijo dvojedrnega sistema na \u010dipu (SoC), se lahko uporabljajo kot zanesljivi digitalni znaki za vsebine brez povezave in v oblaku 24 ur na dan, 7 dni v tednu. Povsem svobodni ste pri izbiri sistema za upravljanje vsebine, ki vam bo pomagal prikazati va&scaron;e oglase. Po potrebi vam notranji pomnilnik omogo\u010da nalaganje medijev na zaslon za takoj&scaron;nje oddajanje brez potrebe po zunanji strojni ali programski opremi.&nbsp;<\/p><\/div>\n<\/div>\n<\/div>\n<\/div>\n<div>\n<div>\n<div>\n<div><img decoding=\"async\" src=\"https:\/\/www.hisense-b2b.com\/themes\/HiSense\/Content\/images\/178Wideviewingangle.png\" alt=\"\" \/><\/div>\n<div>\n<p><strong>178&deg; &scaron;irok vidni kot<\/strong><\/p>\n<p>Izjemno &scaron;irok kot gledanja 178&deg; je popoln za nakupovalce, zaposlene ali obiskovalce, ki si bodo mimoido\u010de ogledali zaslone iz razli\u010dnih zornih kotov.<\/p><\/div>\n<\/div>\n<\/div>\n<\/div>\n<div>\n<div>\n<div>\n<div><img decoding=\"async\" src=\"https:\/\/www.hisense-b2b.com\/themes\/HiSense\/Content\/images\/500nits.png\" alt=\"\" \/><\/div>\n<div>\n<p><strong>500 nitov<\/strong><\/p>\n<p>Z najve\u010djo svetlostjo 500 nitov lahko zaslonske plo&scaron;\u010de zagotavljajo neverjetno \u017eive slike kjer koli podnevi in pono\u010di.<\/p><\/div>\n<\/div>\n<\/div>\n<\/div>\n<div>\n<div>\n<div>\n<div><img decoding=\"async\" src=\"https:\/\/www.hisense-b2b.com\/themes\/HiSense\/Content\/images\/AntiGlare.png\" alt=\"\" \/><\/div>\n<div>\n<p><strong>Anti-glare tehnologija<\/strong><\/p>\n<p>Opti\u010dna tehnologija razpr&scaron;i zrcalne odseve in mo\u010dne svetlobe, da je na va&scaron;em zaslonu jasno in vidno.<\/p><\/div>\n<\/div>\n<\/div>\n<\/div>\n<div>\n<div>\n<div>\n<div><img decoding=\"async\" src=\"https:\/\/www.hisense-b2b.com\/themes\/HiSense\/Content\/images\/Ultranarrowbezel.png\" alt=\"\" \/><\/div>\n<div>\n<p><strong>Izjemno ozek okvir<\/strong><\/p>\n<p>Izjemno ozka 3,5-milimetrska &scaron;irina od okvirja do okvirja ustvarja brezhibno in popolnej&scaron;o sliko.<\/p><\/div>\n<\/div>\n<\/div>\n<\/div>\n<div>\n<div>\n<div>\n<div><img decoding=\"async\" src=\"https:\/\/www.hisense-b2b.com\/themes\/HiSense\/Content\/images\/1200Ultrahighcontrast.png\" alt=\"\" \/><\/div>\n<div>\n<p><strong>1200:1 ultra visok kontrast<\/strong><\/p>\n<p>Zaslon z ultra visokim kontrastom 1200:1 zagotavlja privla\u010dne \u017eive slike kadar koli podnevi ali pono\u010di z izjemno barvno zmogljivostjo.<\/p><\/div>\n<\/div>\n<\/div>\n<\/div>\n<\/div>\n<\/div>\n<\/div>\n<\/div>\n","protected":false},"featured_media":8773,"template":"","meta":{"_acf_changed":false},"product_cat":[53,51],"product_tag":[],"class_list":["post-8775","product","type-product","status-publish","has-post-thumbnail","hentry","product_cat-digitalno-oznacevanje","product_cat-pametni-zasloni"],"acf":[],"yoast_head":"<!-- This site is optimized with the Yoast SEO plugin v22.3 - https:\/\/yoast.com\/wordpress\/plugins\/seo\/ -->\n<title>Hisense video stena 55&quot; - Strim plus<\/title>\n<meta name=\"robots\" content=\"index, follow, max-snippet:-1, max-image-preview:large, max-video-preview:-1\" \/>\n<link rel=\"canonical\" href=\"https:\/\/strim.si\/trgovina\/product\/hisense-video-stena-55\/\" \/>\n<meta property=\"og:locale\" content=\"sl_SI\" \/>\n<meta property=\"og:type\" content=\"article\" \/>\n<meta property=\"og:title\" content=\"Hisense video stena 55&quot; - Strim plus\" \/>\n<meta property=\"og:description\" content=\"24-urno delovanje Zasloni Hisense, zasnovani s tehnologijo dvojedrnega sistema na \u010dipu (SoC), se lahko uporabljajo kot zanesljivi digitalni znaki za vsebine brez povezave in v oblaku 24 ur na dan, 7 dni v tednu. Povsem svobodni ste pri izbiri sistema za upravljanje vsebine, ki vam bo pomagal prikazati va&scaron;e oglase. Po potrebi vam notranji pomnilnik omogo\u010da nalaganje medijev na zaslon za takoj&scaron;nje oddajanje brez potrebe po zunanji strojni ali programski opremi.&nbsp;         178&deg; &scaron;irok vidni kot Izjemno &scaron;irok kot gledanja 178&deg; je popoln za nakupovalce, zaposlene ali obiskovalce, ki si bodo mimoido\u010de ogledali zaslone iz razli\u010dnih zornih kotov.         500 nitov Z najve\u010djo svetlostjo 500 nitov lahko zaslonske plo&scaron;\u010de zagotavljajo neverjetno \u017eive slike kjer koli podnevi in pono\u010di.         Anti-glare tehnologija Opti\u010dna tehnologija razpr&scaron;i zrcalne odseve in mo\u010dne svetlobe, da je na va&scaron;em zaslonu jasno in vidno.         Izjemno ozek okvir Izjemno ozka 3,5-milimetrska &scaron;irina od okvirja do okvirja ustvarja brezhibno in popolnej&scaron;o sliko.         1200:1 ultra visok kontrast Zaslon z ultra visokim kontrastom 1200:1 zagotavlja privla\u010dne \u017eive slike kadar koli podnevi ali pono\u010di z izjemno barvno zmogljivostjo.\" \/>\n<meta property=\"og:url\" content=\"https:\/\/strim.si\/trgovina\/product\/hisense-video-stena-55\/\" \/>\n<meta property=\"og:site_name\" content=\"Strim plus\" \/>\n<meta property=\"article:modified_time\" content=\"2024-03-20T13:53:50+00:00\" \/>\n<meta property=\"og:image\" content=\"https:\/\/strim.si\/trgovina\/wp-content\/uploads\/2024\/03\/video-stena.jpg\" \/>\n\t<meta property=\"og:image:width\" content=\"450\" \/>\n\t<meta property=\"og:image:height\" content=\"400\" \/>\n\t<meta property=\"og:image:type\" content=\"image\/jpeg\" \/>\n<meta name=\"twitter:card\" content=\"summary_large_image\" \/>\n<meta name=\"twitter:label1\" content=\"Est. reading time\" \/>\n\t<meta name=\"twitter:data1\" content=\"1 minuta\" \/>\n<script type=\"application\/ld+json\" class=\"yoast-schema-graph\">{\"@context\":\"https:\/\/schema.org\",\"@graph\":[{\"@type\":\"WebPage\",\"@id\":\"https:\/\/strim.si\/trgovina\/product\/hisense-video-stena-55\/\",\"url\":\"https:\/\/strim.si\/trgovina\/product\/hisense-video-stena-55\/\",\"name\":\"Hisense video stena 55\\\" - Strim plus\",\"isPartOf\":{\"@id\":\"https:\/\/strim.si\/trgovina\/#website\"},\"primaryImageOfPage\":{\"@id\":\"https:\/\/strim.si\/trgovina\/product\/hisense-video-stena-55\/#primaryimage\"},\"image\":{\"@id\":\"https:\/\/strim.si\/trgovina\/product\/hisense-video-stena-55\/#primaryimage\"},\"thumbnailUrl\":\"https:\/\/strim.si\/trgovina\/wp-content\/uploads\/2024\/03\/video-stena.jpg\",\"datePublished\":\"2024-03-08T10:32:08+00:00\",\"dateModified\":\"2024-03-20T13:53:50+00:00\",\"breadcrumb\":{\"@id\":\"https:\/\/strim.si\/trgovina\/product\/hisense-video-stena-55\/#breadcrumb\"},\"inLanguage\":\"sl-SI\",\"potentialAction\":[{\"@type\":\"ReadAction\",\"target\":[\"https:\/\/strim.si\/trgovina\/product\/hisense-video-stena-55\/\"]}]},{\"@type\":\"ImageObject\",\"inLanguage\":\"sl-SI\",\"@id\":\"https:\/\/strim.si\/trgovina\/product\/hisense-video-stena-55\/#primaryimage\",\"url\":\"https:\/\/strim.si\/trgovina\/wp-content\/uploads\/2024\/03\/video-stena.jpg\",\"contentUrl\":\"https:\/\/strim.si\/trgovina\/wp-content\/uploads\/2024\/03\/video-stena.jpg\",\"width\":450,\"height\":400},{\"@type\":\"BreadcrumbList\",\"@id\":\"https:\/\/strim.si\/trgovina\/product\/hisense-video-stena-55\/#breadcrumb\",\"itemListElement\":[{\"@type\":\"ListItem\",\"position\":1,\"name\":\"Home\",\"item\":\"https:\/\/strim.si\/trgovina\/\"},{\"@type\":\"ListItem\",\"position\":2,\"name\":\"Trgovina\",\"item\":\"https:\/\/strim.si\/trgovina\/trgovina\/\"},{\"@type\":\"ListItem\",\"position\":3,\"name\":\"Hisense video stena 55&#8243;\"}]},{\"@type\":\"WebSite\",\"@id\":\"https:\/\/strim.si\/trgovina\/#website\",\"url\":\"https:\/\/strim.si\/trgovina\/\",\"name\":\"Strim plus\",\"description\":\"spletna trgovina\",\"potentialAction\":[{\"@type\":\"SearchAction\",\"target\":{\"@type\":\"EntryPoint\",\"urlTemplate\":\"https:\/\/strim.si\/trgovina\/?s={search_term_string}\"},\"query-input\":\"required name=search_term_string\"}],\"inLanguage\":\"sl-SI\"}]}<\/script>\n<!-- \/ Yoast SEO plugin. -->","yoast_head_json":{"title":"Hisense video stena 55\" - Strim plus","robots":{"index":"index","follow":"follow","max-snippet":"max-snippet:-1","max-image-preview":"max-image-preview:large","max-video-preview":"max-video-preview:-1"},"canonical":"https:\/\/strim.si\/trgovina\/product\/hisense-video-stena-55\/","og_locale":"sl_SI","og_type":"article","og_title":"Hisense video stena 55\" - Strim plus","og_description":"24-urno delovanje Zasloni Hisense, zasnovani s tehnologijo dvojedrnega sistema na \u010dipu (SoC), se lahko uporabljajo kot zanesljivi digitalni znaki za vsebine brez povezave in v oblaku 24 ur na dan, 7 dni v tednu. Povsem svobodni ste pri izbiri sistema za upravljanje vsebine, ki vam bo pomagal prikazati va&scaron;e oglase. Po potrebi vam notranji pomnilnik omogo\u010da nalaganje medijev na zaslon za takoj&scaron;nje oddajanje brez potrebe po zunanji strojni ali programski opremi.&nbsp;         178&deg; &scaron;irok vidni kot Izjemno &scaron;irok kot gledanja 178&deg; je popoln za nakupovalce, zaposlene ali obiskovalce, ki si bodo mimoido\u010de ogledali zaslone iz razli\u010dnih zornih kotov.         500 nitov Z najve\u010djo svetlostjo 500 nitov lahko zaslonske plo&scaron;\u010de zagotavljajo neverjetno \u017eive slike kjer koli podnevi in pono\u010di.         Anti-glare tehnologija Opti\u010dna tehnologija razpr&scaron;i zrcalne odseve in mo\u010dne svetlobe, da je na va&scaron;em zaslonu jasno in vidno.         Izjemno ozek okvir Izjemno ozka 3,5-milimetrska &scaron;irina od okvirja do okvirja ustvarja brezhibno in popolnej&scaron;o sliko.         1200:1 ultra visok kontrast Zaslon z ultra visokim kontrastom 1200:1 zagotavlja privla\u010dne \u017eive slike kadar koli podnevi ali pono\u010di z izjemno barvno zmogljivostjo.","og_url":"https:\/\/strim.si\/trgovina\/product\/hisense-video-stena-55\/","og_site_name":"Strim plus","article_modified_time":"2024-03-20T13:53:50+00:00","og_image":[{"width":450,"height":400,"url":"https:\/\/strim.si\/trgovina\/wp-content\/uploads\/2024\/03\/video-stena.jpg","type":"image\/jpeg"}],"twitter_card":"summary_large_image","twitter_misc":{"Est. reading time":"1 minuta"},"schema":{"@context":"https:\/\/schema.org","@graph":[{"@type":"WebPage","@id":"https:\/\/strim.si\/trgovina\/product\/hisense-video-stena-55\/","url":"https:\/\/strim.si\/trgovina\/product\/hisense-video-stena-55\/","name":"Hisense video stena 55\" - Strim plus","isPartOf":{"@id":"https:\/\/strim.si\/trgovina\/#website"},"primaryImageOfPage":{"@id":"https:\/\/strim.si\/trgovina\/product\/hisense-video-stena-55\/#primaryimage"},"image":{"@id":"https:\/\/strim.si\/trgovina\/product\/hisense-video-stena-55\/#primaryimage"},"thumbnailUrl":"https:\/\/strim.si\/trgovina\/wp-content\/uploads\/2024\/03\/video-stena.jpg","datePublished":"2024-03-08T10:32:08+00:00","dateModified":"2024-03-20T13:53:50+00:00","breadcrumb":{"@id":"https:\/\/strim.si\/trgovina\/product\/hisense-video-stena-55\/#breadcrumb"},"inLanguage":"sl-SI","potentialAction":[{"@type":"ReadAction","target":["https:\/\/strim.si\/trgovina\/product\/hisense-video-stena-55\/"]}]},{"@type":"ImageObject","inLanguage":"sl-SI","@id":"https:\/\/strim.si\/trgovina\/product\/hisense-video-stena-55\/#primaryimage","url":"https:\/\/strim.si\/trgovina\/wp-content\/uploads\/2024\/03\/video-stena.jpg","contentUrl":"https:\/\/strim.si\/trgovina\/wp-content\/uploads\/2024\/03\/video-stena.jpg","width":450,"height":400},{"@type":"BreadcrumbList","@id":"https:\/\/strim.si\/trgovina\/product\/hisense-video-stena-55\/#breadcrumb","itemListElement":[{"@type":"ListItem","position":1,"name":"Home","item":"https:\/\/strim.si\/trgovina\/"},{"@type":"ListItem","position":2,"name":"Trgovina","item":"https:\/\/strim.si\/trgovina\/trgovina\/"},{"@type":"ListItem","position":3,"name":"Hisense video stena 55&#8243;"}]},{"@type":"WebSite","@id":"https:\/\/strim.si\/trgovina\/#website","url":"https:\/\/strim.si\/trgovina\/","name":"Strim plus","description":"spletna trgovina","potentialAction":[{"@type":"SearchAction","target":{"@type":"EntryPoint","urlTemplate":"https:\/\/strim.si\/trgovina\/?s={search_term_string}"},"query-input":"required name=search_term_string"}],"inLanguage":"sl-SI"}]}},"_links":{"self":[{"href":"https:\/\/strim.si\/trgovina\/wp-json\/wp\/v2\/product\/8775","targetHints":{"allow":["GET"]}}],"collection":[{"href":"https:\/\/strim.si\/trgovina\/wp-json\/wp\/v2\/product"}],"about":[{"href":"https:\/\/strim.si\/trgovina\/wp-json\/wp\/v2\/types\/product"}],"wp:featuredmedia":[{"embeddable":true,"href":"https:\/\/strim.si\/trgovina\/wp-json\/wp\/v2\/media\/8773"}],"wp:attachment":[{"href":"https:\/\/strim.si\/trgovina\/wp-json\/wp\/v2\/media?parent=8775"}],"wp:term":[{"taxonomy":"product_cat","embeddable":true,"href":"https:\/\/strim.si\/trgovina\/wp-json\/wp\/v2\/product_cat?post=8775"},{"taxonomy":"product_tag","embeddable":true,"href":"https:\/\/strim.si\/trgovina\/wp-json\/wp\/v2\/product_tag?post=8775"}],"curies":[{"name":"wp","href":"https:\/\/api.w.org\/{rel}","templated":true}]}}