{"id":8823,"date":"2024-03-28T11:57:22","date_gmt":"2024-03-28T10:57:22","guid":{"rendered":"https:\/\/strim.si\/trgovina\/?post_type=product&#038;p=8823"},"modified":"2024-03-28T11:58:08","modified_gmt":"2024-03-28T10:58:08","slug":"zaslon-za-digitalno-oznacevanje-75-18-7","status":"publish","type":"product","link":"https:\/\/strim.si\/trgovina\/product\/zaslon-za-digitalno-oznacevanje-75-18-7\/","title":{"rendered":"Zaslon za digitalno ozna\u010devanje 75&#8243; &#8211; 18\/7"},"content":{"rendered":"","protected":false},"excerpt":{"rendered":"<div>\n<div>\n<div>\n<div><img decoding=\"async\" src=\"https:\/\/www.hisense-b2b.com\/images\/assets2\/smpower.png\" alt=\"\" \/><\/div>\n<div>\n<p><strong>Pametna mo\u010d<\/strong><\/p>\n<p>Vgrajeni senzor zunanje svetlobe samodejno prilagodi svetlost zaslona glede na trenutne svetlobne razmere. Ta zaslon ima certifikat Energy Star, ki vam pomaga varovati okolje in prihraniti stro\u0161ke.<\/p>\n<\/div>\n<\/div>\n<\/div>\n<\/div>\n<div>\n<div>\n<div>\n<div><img decoding=\"async\" src=\"https:\/\/www.hisense-b2b.com\/images\/assets2\/wireless-share.png\" alt=\"\" \/><\/div>\n<div>\n<p><strong>Brez\u017ei\u010dna skupna raba zaslona<\/strong><\/p>\n<p>Vse, kar potrebujete za re\u0161itve za skupno rabo zaslona. ScreenShare je hi\u0161na vgrajena aplikacija za skupno rabo zaslona, ki omogo\u010da brez\u017ei\u010dno in nevidno skupno rabo zaslona od koder koli in iz katere koli naprave.<\/p>\n<\/div>\n<\/div>\n<\/div>\n<\/div>\n<div>\n<div>\n<div>\n<div><img decoding=\"async\" src=\"https:\/\/www.hisense-b2b.com\/images\/assets2\/mdm.png\" alt=\"\" \/><\/div>\n<div>\n<p><strong>Upravljanje mobilnih naprav<\/strong><\/p>\n<p>VisionInfo je programska oprema za upravljanje naprav v oblaku, ki ponuja upravljanje in nadzor naprave od konca do konca prek vseh naprav. Je zmogljivo, u\u010dinkovito in enostavno orodje za nadzor va\u0161ih naprav kadar koli in od koder koli.<\/p>\n<\/div>\n<\/div>\n<\/div>\n<\/div>\n<div>\n<div>\n<div>\n<div><img decoding=\"async\" src=\"https:\/\/www.hisense-b2b.com\/images\/assets2\/conformal-coating.png\" alt=\"\" \/><\/div>\n<div>\n<p><strong>Konformni premaz<\/strong><\/p>\n<p>Elektronske komponente so popolnoma za\u0161\u010ditene pred okoljskimi dejavniki, kot so vlaga, prah, sol, kemikalije, temperaturne spremembe in mehanska obraba.<\/p>\n<\/div>\n<\/div>\n<\/div>\n<\/div>\n<div>\n<div>\n<div>\n<div><img decoding=\"async\" src=\"https:\/\/www.hisense-b2b.com\/images\/assets2\/clean-cable.png\" alt=\"\" \/><\/div>\n<div>\n<p><strong>Re\u0161itev \u010distega kabla<\/strong><\/p>\n<p>Integrirano dr\u017ealo za kable skrije kable in ohranja zadnjo stran zaslona urejeno in neobremenjeno. To zmanj\u0161a vidne motnje, ki lahko ovirajo va\u0161o izku\u0161njo gledanja.<\/p>\n<\/div>\n<\/div>\n<\/div>\n<\/div>\n<div>\n<div>\n<div>\n<div><img decoding=\"async\" src=\"https:\/\/www.hisense-b2b.com\/images\/assets2\/anti-glare.png\" alt=\"\" \/><\/div>\n<div>\n<p><strong>Premaz proti ble\u0161\u010danju<\/strong><\/p>\n<p>Vsi zasloni ponujajo plo\u0161\u010de z ve\u010djo meglico, ki pomagajo zmanj\u0161ati odseve, ne da bi to negativno vplivalo na kakovost slike. Premazi proti ble\u0161\u010danju lahko izbolj\u0161ajo tudi zaznaven kontrast zaslona.<\/p>\n<\/div>\n<\/div>\n<\/div>\n<\/div>\n<div>\n<div>\n<div>\n<div><img decoding=\"async\" src=\"https:\/\/www.hisense-b2b.com\/images\/assets2\/narrow-bezel.png\" alt=\"\" \/><\/div>\n<div>\n<p><strong>Ozek okvir<\/strong><\/p>\n<p>Z ozkim okvirjem in simetri\u010dno zasnovo je mogo\u010de zaslon enostavno vklju\u010diti v katero koli okolje. Vsi terminali so obrnjeni navzven, kar zagotavlja, da zaslon visi poravnano s steno, kar prihrani prostor in olaj\u0161a namestitev.<\/p>\n<\/div>\n<\/div>\n<\/div>\n<\/div>\n<div>\n<div>\n<div>\n<div><img decoding=\"async\" src=\"https:\/\/www.hisense-b2b.com\/images\/assets2\/android11.png\" alt=\"\" \/><\/div>\n<div>\n<p><strong>Android 11<\/strong><\/p>\n<p>Android 11 skrbi za varnost va\u0161ih podatkov. Z Androidom 11 imate ve\u010dji nadzor nad tem, do katerih informacij lahko aplikacije dostopajo in do katerih ne. Naprave, ki bolje delujejo skupaj, izbolj\u0161ajo va\u0161o izku\u0161njo sporo\u010danja, zvoka in ve\u010dopravilnosti.<\/p>\n<\/div>\n<\/div>\n<\/div>\n<\/div>\n","protected":false},"featured_media":8824,"template":"","meta":{"_acf_changed":false},"product_cat":[53,51],"product_tag":[],"class_list":["post-8823","product","type-product","status-publish","has-post-thumbnail","hentry","product_cat-digitalno-oznacevanje","product_cat-pametni-zasloni"],"acf":[],"yoast_head":"<!-- This site is optimized with the Yoast SEO plugin v22.3 - https:\/\/yoast.com\/wordpress\/plugins\/seo\/ -->\n<title>Zaslon za digitalno ozna\u010devanje 75&quot; - 18\/7 - Strim plus<\/title>\n<meta name=\"robots\" content=\"index, follow, max-snippet:-1, max-image-preview:large, max-video-preview:-1\" \/>\n<link rel=\"canonical\" href=\"https:\/\/strim.si\/trgovina\/product\/zaslon-za-digitalno-oznacevanje-75-18-7\/\" \/>\n<meta property=\"og:locale\" content=\"sl_SI\" \/>\n<meta property=\"og:type\" content=\"article\" \/>\n<meta property=\"og:title\" content=\"Zaslon za digitalno ozna\u010devanje 75&quot; - 18\/7 - Strim plus\" \/>\n<meta property=\"og:description\" content=\"Pametna mo\u010d  Vgrajeni senzor zunanje svetlobe samodejno prilagodi svetlost zaslona glede na trenutne svetlobne razmere. Ta zaslon ima certifikat Energy Star, ki vam pomaga varovati okolje in prihraniti stro\u0161ke.            Brez\u017ei\u010dna skupna raba zaslona  Vse, kar potrebujete za re\u0161itve za skupno rabo zaslona. ScreenShare je hi\u0161na vgrajena aplikacija za skupno rabo zaslona, ki omogo\u010da brez\u017ei\u010dno in nevidno skupno rabo zaslona od koder koli in iz katere koli naprave.            Upravljanje mobilnih naprav  VisionInfo je programska oprema za upravljanje naprav v oblaku, ki ponuja upravljanje in nadzor naprave od konca do konca prek vseh naprav. Je zmogljivo, u\u010dinkovito in enostavno orodje za nadzor va\u0161ih naprav kadar koli in od koder koli.            Konformni premaz  Elektronske komponente so popolnoma za\u0161\u010ditene pred okoljskimi dejavniki, kot so vlaga, prah, sol, kemikalije, temperaturne spremembe in mehanska obraba.            Re\u0161itev \u010distega kabla  Integrirano dr\u017ealo za kable skrije kable in ohranja zadnjo stran zaslona urejeno in neobremenjeno. To zmanj\u0161a vidne motnje, ki lahko ovirajo va\u0161o izku\u0161njo gledanja.            Premaz proti ble\u0161\u010danju  Vsi zasloni ponujajo plo\u0161\u010de z ve\u010djo meglico, ki pomagajo zmanj\u0161ati odseve, ne da bi to negativno vplivalo na kakovost slike. Premazi proti ble\u0161\u010danju lahko izbolj\u0161ajo tudi zaznaven kontrast zaslona.            Ozek okvir  Z ozkim okvirjem in simetri\u010dno zasnovo je mogo\u010de zaslon enostavno vklju\u010diti v katero koli okolje. Vsi terminali so obrnjeni navzven, kar zagotavlja, da zaslon visi poravnano s steno, kar prihrani prostor in olaj\u0161a namestitev.            Android 11  Android 11 skrbi za varnost va\u0161ih podatkov. Z Androidom 11 imate ve\u010dji nadzor nad tem, do katerih informacij lahko aplikacije dostopajo in do katerih ne. Naprave, ki bolje delujejo skupaj, izbolj\u0161ajo va\u0161o izku\u0161njo sporo\u010danja, zvoka in ve\u010dopravilnosti.\" \/>\n<meta property=\"og:url\" content=\"https:\/\/strim.si\/trgovina\/product\/zaslon-za-digitalno-oznacevanje-75-18-7\/\" \/>\n<meta property=\"og:site_name\" content=\"Strim plus\" \/>\n<meta property=\"article:modified_time\" content=\"2024-03-28T10:58:08+00:00\" \/>\n<meta property=\"og:image\" content=\"https:\/\/strim.si\/trgovina\/wp-content\/uploads\/2024\/03\/75GM50D.webp\" \/>\n\t<meta property=\"og:image:width\" content=\"450\" \/>\n\t<meta property=\"og:image:height\" content=\"400\" \/>\n\t<meta property=\"og:image:type\" content=\"image\/webp\" \/>\n<meta name=\"twitter:card\" content=\"summary_large_image\" \/>\n<meta name=\"twitter:label1\" content=\"Est. reading time\" \/>\n\t<meta name=\"twitter:data1\" content=\"1 minuta\" \/>\n<script type=\"application\/ld+json\" class=\"yoast-schema-graph\">{\"@context\":\"https:\/\/schema.org\",\"@graph\":[{\"@type\":\"WebPage\",\"@id\":\"https:\/\/strim.si\/trgovina\/product\/zaslon-za-digitalno-oznacevanje-75-18-7\/\",\"url\":\"https:\/\/strim.si\/trgovina\/product\/zaslon-za-digitalno-oznacevanje-75-18-7\/\",\"name\":\"Zaslon za digitalno ozna\u010devanje 75\\\" - 18\/7 - Strim plus\",\"isPartOf\":{\"@id\":\"https:\/\/strim.si\/trgovina\/#website\"},\"primaryImageOfPage\":{\"@id\":\"https:\/\/strim.si\/trgovina\/product\/zaslon-za-digitalno-oznacevanje-75-18-7\/#primaryimage\"},\"image\":{\"@id\":\"https:\/\/strim.si\/trgovina\/product\/zaslon-za-digitalno-oznacevanje-75-18-7\/#primaryimage\"},\"thumbnailUrl\":\"https:\/\/strim.si\/trgovina\/wp-content\/uploads\/2024\/03\/75GM50D.webp\",\"datePublished\":\"2024-03-28T10:57:22+00:00\",\"dateModified\":\"2024-03-28T10:58:08+00:00\",\"breadcrumb\":{\"@id\":\"https:\/\/strim.si\/trgovina\/product\/zaslon-za-digitalno-oznacevanje-75-18-7\/#breadcrumb\"},\"inLanguage\":\"sl-SI\",\"potentialAction\":[{\"@type\":\"ReadAction\",\"target\":[\"https:\/\/strim.si\/trgovina\/product\/zaslon-za-digitalno-oznacevanje-75-18-7\/\"]}]},{\"@type\":\"ImageObject\",\"inLanguage\":\"sl-SI\",\"@id\":\"https:\/\/strim.si\/trgovina\/product\/zaslon-za-digitalno-oznacevanje-75-18-7\/#primaryimage\",\"url\":\"https:\/\/strim.si\/trgovina\/wp-content\/uploads\/2024\/03\/75GM50D.webp\",\"contentUrl\":\"https:\/\/strim.si\/trgovina\/wp-content\/uploads\/2024\/03\/75GM50D.webp\",\"width\":450,\"height\":400},{\"@type\":\"BreadcrumbList\",\"@id\":\"https:\/\/strim.si\/trgovina\/product\/zaslon-za-digitalno-oznacevanje-75-18-7\/#breadcrumb\",\"itemListElement\":[{\"@type\":\"ListItem\",\"position\":1,\"name\":\"Home\",\"item\":\"https:\/\/strim.si\/trgovina\/\"},{\"@type\":\"ListItem\",\"position\":2,\"name\":\"Trgovina\",\"item\":\"https:\/\/strim.si\/trgovina\/trgovina\/\"},{\"@type\":\"ListItem\",\"position\":3,\"name\":\"Zaslon za digitalno ozna\u010devanje 75&#8243; &#8211; 18\/7\"}]},{\"@type\":\"WebSite\",\"@id\":\"https:\/\/strim.si\/trgovina\/#website\",\"url\":\"https:\/\/strim.si\/trgovina\/\",\"name\":\"Strim plus\",\"description\":\"spletna trgovina\",\"potentialAction\":[{\"@type\":\"SearchAction\",\"target\":{\"@type\":\"EntryPoint\",\"urlTemplate\":\"https:\/\/strim.si\/trgovina\/?s={search_term_string}\"},\"query-input\":\"required name=search_term_string\"}],\"inLanguage\":\"sl-SI\"}]}<\/script>\n<!-- \/ Yoast SEO plugin. -->","yoast_head_json":{"title":"Zaslon za digitalno ozna\u010devanje 75\" - 18\/7 - Strim plus","robots":{"index":"index","follow":"follow","max-snippet":"max-snippet:-1","max-image-preview":"max-image-preview:large","max-video-preview":"max-video-preview:-1"},"canonical":"https:\/\/strim.si\/trgovina\/product\/zaslon-za-digitalno-oznacevanje-75-18-7\/","og_locale":"sl_SI","og_type":"article","og_title":"Zaslon za digitalno ozna\u010devanje 75\" - 18\/7 - Strim plus","og_description":"Pametna mo\u010d  Vgrajeni senzor zunanje svetlobe samodejno prilagodi svetlost zaslona glede na trenutne svetlobne razmere. Ta zaslon ima certifikat Energy Star, ki vam pomaga varovati okolje in prihraniti stro\u0161ke.            Brez\u017ei\u010dna skupna raba zaslona  Vse, kar potrebujete za re\u0161itve za skupno rabo zaslona. ScreenShare je hi\u0161na vgrajena aplikacija za skupno rabo zaslona, ki omogo\u010da brez\u017ei\u010dno in nevidno skupno rabo zaslona od koder koli in iz katere koli naprave.            Upravljanje mobilnih naprav  VisionInfo je programska oprema za upravljanje naprav v oblaku, ki ponuja upravljanje in nadzor naprave od konca do konca prek vseh naprav. Je zmogljivo, u\u010dinkovito in enostavno orodje za nadzor va\u0161ih naprav kadar koli in od koder koli.            Konformni premaz  Elektronske komponente so popolnoma za\u0161\u010ditene pred okoljskimi dejavniki, kot so vlaga, prah, sol, kemikalije, temperaturne spremembe in mehanska obraba.            Re\u0161itev \u010distega kabla  Integrirano dr\u017ealo za kable skrije kable in ohranja zadnjo stran zaslona urejeno in neobremenjeno. To zmanj\u0161a vidne motnje, ki lahko ovirajo va\u0161o izku\u0161njo gledanja.            Premaz proti ble\u0161\u010danju  Vsi zasloni ponujajo plo\u0161\u010de z ve\u010djo meglico, ki pomagajo zmanj\u0161ati odseve, ne da bi to negativno vplivalo na kakovost slike. Premazi proti ble\u0161\u010danju lahko izbolj\u0161ajo tudi zaznaven kontrast zaslona.            Ozek okvir  Z ozkim okvirjem in simetri\u010dno zasnovo je mogo\u010de zaslon enostavno vklju\u010diti v katero koli okolje. Vsi terminali so obrnjeni navzven, kar zagotavlja, da zaslon visi poravnano s steno, kar prihrani prostor in olaj\u0161a namestitev.            Android 11  Android 11 skrbi za varnost va\u0161ih podatkov. Z Androidom 11 imate ve\u010dji nadzor nad tem, do katerih informacij lahko aplikacije dostopajo in do katerih ne. Naprave, ki bolje delujejo skupaj, izbolj\u0161ajo va\u0161o izku\u0161njo sporo\u010danja, zvoka in ve\u010dopravilnosti.","og_url":"https:\/\/strim.si\/trgovina\/product\/zaslon-za-digitalno-oznacevanje-75-18-7\/","og_site_name":"Strim plus","article_modified_time":"2024-03-28T10:58:08+00:00","og_image":[{"width":450,"height":400,"url":"https:\/\/strim.si\/trgovina\/wp-content\/uploads\/2024\/03\/75GM50D.webp","type":"image\/webp"}],"twitter_card":"summary_large_image","twitter_misc":{"Est. reading time":"1 minuta"},"schema":{"@context":"https:\/\/schema.org","@graph":[{"@type":"WebPage","@id":"https:\/\/strim.si\/trgovina\/product\/zaslon-za-digitalno-oznacevanje-75-18-7\/","url":"https:\/\/strim.si\/trgovina\/product\/zaslon-za-digitalno-oznacevanje-75-18-7\/","name":"Zaslon za digitalno ozna\u010devanje 75\" - 18\/7 - Strim plus","isPartOf":{"@id":"https:\/\/strim.si\/trgovina\/#website"},"primaryImageOfPage":{"@id":"https:\/\/strim.si\/trgovina\/product\/zaslon-za-digitalno-oznacevanje-75-18-7\/#primaryimage"},"image":{"@id":"https:\/\/strim.si\/trgovina\/product\/zaslon-za-digitalno-oznacevanje-75-18-7\/#primaryimage"},"thumbnailUrl":"https:\/\/strim.si\/trgovina\/wp-content\/uploads\/2024\/03\/75GM50D.webp","datePublished":"2024-03-28T10:57:22+00:00","dateModified":"2024-03-28T10:58:08+00:00","breadcrumb":{"@id":"https:\/\/strim.si\/trgovina\/product\/zaslon-za-digitalno-oznacevanje-75-18-7\/#breadcrumb"},"inLanguage":"sl-SI","potentialAction":[{"@type":"ReadAction","target":["https:\/\/strim.si\/trgovina\/product\/zaslon-za-digitalno-oznacevanje-75-18-7\/"]}]},{"@type":"ImageObject","inLanguage":"sl-SI","@id":"https:\/\/strim.si\/trgovina\/product\/zaslon-za-digitalno-oznacevanje-75-18-7\/#primaryimage","url":"https:\/\/strim.si\/trgovina\/wp-content\/uploads\/2024\/03\/75GM50D.webp","contentUrl":"https:\/\/strim.si\/trgovina\/wp-content\/uploads\/2024\/03\/75GM50D.webp","width":450,"height":400},{"@type":"BreadcrumbList","@id":"https:\/\/strim.si\/trgovina\/product\/zaslon-za-digitalno-oznacevanje-75-18-7\/#breadcrumb","itemListElement":[{"@type":"ListItem","position":1,"name":"Home","item":"https:\/\/strim.si\/trgovina\/"},{"@type":"ListItem","position":2,"name":"Trgovina","item":"https:\/\/strim.si\/trgovina\/trgovina\/"},{"@type":"ListItem","position":3,"name":"Zaslon za digitalno ozna\u010devanje 75&#8243; &#8211; 18\/7"}]},{"@type":"WebSite","@id":"https:\/\/strim.si\/trgovina\/#website","url":"https:\/\/strim.si\/trgovina\/","name":"Strim plus","description":"spletna trgovina","potentialAction":[{"@type":"SearchAction","target":{"@type":"EntryPoint","urlTemplate":"https:\/\/strim.si\/trgovina\/?s={search_term_string}"},"query-input":"required name=search_term_string"}],"inLanguage":"sl-SI"}]}},"_links":{"self":[{"href":"https:\/\/strim.si\/trgovina\/wp-json\/wp\/v2\/product\/8823","targetHints":{"allow":["GET"]}}],"collection":[{"href":"https:\/\/strim.si\/trgovina\/wp-json\/wp\/v2\/product"}],"about":[{"href":"https:\/\/strim.si\/trgovina\/wp-json\/wp\/v2\/types\/product"}],"wp:featuredmedia":[{"embeddable":true,"href":"https:\/\/strim.si\/trgovina\/wp-json\/wp\/v2\/media\/8824"}],"wp:attachment":[{"href":"https:\/\/strim.si\/trgovina\/wp-json\/wp\/v2\/media?parent=8823"}],"wp:term":[{"taxonomy":"product_cat","embeddable":true,"href":"https:\/\/strim.si\/trgovina\/wp-json\/wp\/v2\/product_cat?post=8823"},{"taxonomy":"product_tag","embeddable":true,"href":"https:\/\/strim.si\/trgovina\/wp-json\/wp\/v2\/product_tag?post=8823"}],"curies":[{"name":"wp","href":"https:\/\/api.w.org\/{rel}","templated":true}]}}