{"id":8835,"date":"2024-03-28T12:31:57","date_gmt":"2024-03-28T11:31:57","guid":{"rendered":"https:\/\/strim.si\/trgovina\/?post_type=product&#038;p=8835"},"modified":"2024-03-28T12:33:23","modified_gmt":"2024-03-28T11:33:23","slug":"profesionalni-izlozbeni-zaslon-65-25e-24-7","status":"publish","type":"product","link":"https:\/\/strim.si\/trgovina\/product\/profesionalni-izlozbeni-zaslon-65-25e-24-7\/","title":{"rendered":"Profesionalni izlo\u017ebeni zaslon 65&#8243; 25E &#8211; 24\/7"},"content":{"rendered":"","protected":false},"excerpt":{"rendered":"<div>\n<div>\n<div>\n<div><img decoding=\"async\" src=\"https:\/\/www.hisense-b2b.com\/themes\/HiSense\/Content\/images\/247.png\" alt=\"\" \/><\/div>\n<div>\n<p><strong>24-urno delovanje<\/strong><\/p>\n<p>Zasloni Hisense, zasnovani s tehnologijo dvojedrnega sistema na \u010dipu (SoC), se lahko uporabljajo kot zanesljivi digitalni znaki za vsebine brez povezave in v oblaku 24 ur na dan, 7 dni v tednu. Povsem svobodni ste pri izbiri sistema za upravljanje vsebine, ki vam bo pomagal prikazati va&scaron;e oglase. Po potrebi vam notranji pomnilnik omogo\u010da nalaganje medijev na zaslon za takoj&scaron;nje oddajanje brez potrebe po zunanji strojni ali programski opremi.&nbsp;<\/p><\/div>\n<\/div>\n<\/div>\n<\/div>\n<div>\n<div>\n<div>\n<div><img decoding=\"async\" src=\"https:\/\/www.hisense-b2b.com\/themes\/HiSense\/Content\/images\/178Wideviewingangle.png\" alt=\"\" \/><\/div>\n<div>\n<p><strong>178&deg; &Scaron;irok vidni kot<\/strong><\/p>\n<p>Izjemno &scaron;irok kot gledanja 178&deg; je popoln za nakupovalce, zaposlene ali obiskovalce, ki si bodo mimoido\u010de ogledali zaslone iz razli\u010dnih zornih kotov.<\/p><\/div>\n<\/div>\n<\/div>\n<\/div>\n<div>\n<div>\n<div>\n<div><img decoding=\"async\" src=\"https:\/\/www.hisense-b2b.com\/themes\/HiSense\/Content\/images\/Landscapeportrait.png\" alt=\"\" \/><\/div>\n<div>\n<p><strong>Pokrajina in portret<\/strong><\/p>\n<p>Mo\u017eni sta tako le\u017ee\u010da kot pokon\u010dna orientacija, kar vam nudi neskon\u010dne ustvarjalne in funkcionalne mo\u017enosti za izpolnitev va&scaron;ih komercialnih ali informativnih ciljev.<\/p><\/div>\n<\/div>\n<\/div>\n<\/div>\n<div>\n<div>\n<div>\n<div><img decoding=\"async\" src=\"https:\/\/www.hisense-b2b.com\/themes\/HiSense\/Content\/images\/2500nits.png\" alt=\"\" \/><\/div>\n<div>\n<p><strong>2500 nit<\/strong><\/p>\n<p>Zaslon LED bi lahko razkril ve\u010d podrobnosti, vklju\u010dno s plastmi in barvami, kot tradicionalni zasloni.<\/p><\/div>\n<\/div>\n<\/div>\n<\/div>\n<div>\n<div>\n<div>\n<div><img decoding=\"async\" src=\"https:\/\/www.hisense-b2b.com\/themes\/HiSense\/Content\/images\/VisibleWithPolarizedSunglasses.png\" alt=\"\" \/><\/div>\n<div>\n<p><strong>Vidno s polariziranimi son\u010dnimi o\u010dali<\/strong><\/p>\n<p>Tehnologija korekcije LED-zaslona bi lahko enakomerno osvetlila ve\u010d sto tiso\u010d LED-lu\u010dk, kar bi zagotovilo enoten u\u010dinek zaslona z enako svetlostjo in barvno lestvico.<\/p><\/div>\n<\/div>\n<\/div>\n<\/div>\n<div>\n<div>\n<div>\n<div><img decoding=\"async\" src=\"https:\/\/www.hisense-b2b.com\/themes\/HiSense\/Content\/images\/SmartBrightnessSensor.png\" alt=\"\" \/><\/div>\n<div>\n<p><strong>Pametni senzor svetlosti<\/strong><\/p>\n<p>Zasnova samoodvajanja toplote, var\u010devanje z energijo in zmanj&scaron;anje hrupa izbolj&scaron;ujejo \u017eivljenjsko dobo.<\/p><\/div>\n<\/div>\n<\/div>\n<\/div>\n","protected":false},"featured_media":8829,"template":"","meta":{"_acf_changed":false},"product_cat":[53,51],"product_tag":[],"class_list":["post-8835","product","type-product","status-publish","has-post-thumbnail","hentry","product_cat-digitalno-oznacevanje","product_cat-pametni-zasloni"],"acf":[],"yoast_head":"<!-- This site is optimized with the Yoast SEO plugin v22.3 - https:\/\/yoast.com\/wordpress\/plugins\/seo\/ -->\n<title>Profesionalni izlo\u017ebeni zaslon 65&quot; 25E - 24\/7 - Strim plus<\/title>\n<meta name=\"robots\" content=\"index, follow, max-snippet:-1, max-image-preview:large, max-video-preview:-1\" \/>\n<link rel=\"canonical\" href=\"https:\/\/strim.si\/trgovina\/product\/profesionalni-izlozbeni-zaslon-65-25e-24-7\/\" \/>\n<meta property=\"og:locale\" content=\"sl_SI\" \/>\n<meta property=\"og:type\" content=\"article\" \/>\n<meta property=\"og:title\" content=\"Profesionalni izlo\u017ebeni zaslon 65&quot; 25E - 24\/7 - Strim plus\" \/>\n<meta property=\"og:description\" content=\"24-urno delovanje Zasloni Hisense, zasnovani s tehnologijo dvojedrnega sistema na \u010dipu (SoC), se lahko uporabljajo kot zanesljivi digitalni znaki za vsebine brez povezave in v oblaku 24 ur na dan, 7 dni v tednu. Povsem svobodni ste pri izbiri sistema za upravljanje vsebine, ki vam bo pomagal prikazati va&scaron;e oglase. Po potrebi vam notranji pomnilnik omogo\u010da nalaganje medijev na zaslon za takoj&scaron;nje oddajanje brez potrebe po zunanji strojni ali programski opremi.&nbsp;         178&deg; &Scaron;irok vidni kot Izjemno &scaron;irok kot gledanja 178&deg; je popoln za nakupovalce, zaposlene ali obiskovalce, ki si bodo mimoido\u010de ogledali zaslone iz razli\u010dnih zornih kotov.         Pokrajina in portret Mo\u017eni sta tako le\u017ee\u010da kot pokon\u010dna orientacija, kar vam nudi neskon\u010dne ustvarjalne in funkcionalne mo\u017enosti za izpolnitev va&scaron;ih komercialnih ali informativnih ciljev.         2500 nit Zaslon LED bi lahko razkril ve\u010d podrobnosti, vklju\u010dno s plastmi in barvami, kot tradicionalni zasloni.         Vidno s polariziranimi son\u010dnimi o\u010dali Tehnologija korekcije LED-zaslona bi lahko enakomerno osvetlila ve\u010d sto tiso\u010d LED-lu\u010dk, kar bi zagotovilo enoten u\u010dinek zaslona z enako svetlostjo in barvno lestvico.         Pametni senzor svetlosti Zasnova samoodvajanja toplote, var\u010devanje z energijo in zmanj&scaron;anje hrupa izbolj&scaron;ujejo \u017eivljenjsko dobo.\" \/>\n<meta property=\"og:url\" content=\"https:\/\/strim.si\/trgovina\/product\/profesionalni-izlozbeni-zaslon-65-25e-24-7\/\" \/>\n<meta property=\"og:site_name\" content=\"Strim plus\" \/>\n<meta property=\"article:modified_time\" content=\"2024-03-28T11:33:23+00:00\" \/>\n<meta property=\"og:image\" content=\"https:\/\/strim.si\/trgovina\/wp-content\/uploads\/2024\/03\/49WF25E.webp\" \/>\n\t<meta property=\"og:image:width\" content=\"450\" \/>\n\t<meta property=\"og:image:height\" content=\"400\" \/>\n\t<meta property=\"og:image:type\" content=\"image\/webp\" \/>\n<meta name=\"twitter:card\" content=\"summary_large_image\" \/>\n<meta name=\"twitter:label1\" content=\"Est. reading time\" \/>\n\t<meta name=\"twitter:data1\" content=\"1 minuta\" \/>\n<script type=\"application\/ld+json\" class=\"yoast-schema-graph\">{\"@context\":\"https:\/\/schema.org\",\"@graph\":[{\"@type\":\"WebPage\",\"@id\":\"https:\/\/strim.si\/trgovina\/product\/profesionalni-izlozbeni-zaslon-65-25e-24-7\/\",\"url\":\"https:\/\/strim.si\/trgovina\/product\/profesionalni-izlozbeni-zaslon-65-25e-24-7\/\",\"name\":\"Profesionalni izlo\u017ebeni zaslon 65\\\" 25E - 24\/7 - Strim plus\",\"isPartOf\":{\"@id\":\"https:\/\/strim.si\/trgovina\/#website\"},\"primaryImageOfPage\":{\"@id\":\"https:\/\/strim.si\/trgovina\/product\/profesionalni-izlozbeni-zaslon-65-25e-24-7\/#primaryimage\"},\"image\":{\"@id\":\"https:\/\/strim.si\/trgovina\/product\/profesionalni-izlozbeni-zaslon-65-25e-24-7\/#primaryimage\"},\"thumbnailUrl\":\"https:\/\/strim.si\/trgovina\/wp-content\/uploads\/2024\/03\/49WF25E.webp\",\"datePublished\":\"2024-03-28T11:31:57+00:00\",\"dateModified\":\"2024-03-28T11:33:23+00:00\",\"breadcrumb\":{\"@id\":\"https:\/\/strim.si\/trgovina\/product\/profesionalni-izlozbeni-zaslon-65-25e-24-7\/#breadcrumb\"},\"inLanguage\":\"sl-SI\",\"potentialAction\":[{\"@type\":\"ReadAction\",\"target\":[\"https:\/\/strim.si\/trgovina\/product\/profesionalni-izlozbeni-zaslon-65-25e-24-7\/\"]}]},{\"@type\":\"ImageObject\",\"inLanguage\":\"sl-SI\",\"@id\":\"https:\/\/strim.si\/trgovina\/product\/profesionalni-izlozbeni-zaslon-65-25e-24-7\/#primaryimage\",\"url\":\"https:\/\/strim.si\/trgovina\/wp-content\/uploads\/2024\/03\/49WF25E.webp\",\"contentUrl\":\"https:\/\/strim.si\/trgovina\/wp-content\/uploads\/2024\/03\/49WF25E.webp\",\"width\":450,\"height\":400},{\"@type\":\"BreadcrumbList\",\"@id\":\"https:\/\/strim.si\/trgovina\/product\/profesionalni-izlozbeni-zaslon-65-25e-24-7\/#breadcrumb\",\"itemListElement\":[{\"@type\":\"ListItem\",\"position\":1,\"name\":\"Home\",\"item\":\"https:\/\/strim.si\/trgovina\/\"},{\"@type\":\"ListItem\",\"position\":2,\"name\":\"Trgovina\",\"item\":\"https:\/\/strim.si\/trgovina\/trgovina\/\"},{\"@type\":\"ListItem\",\"position\":3,\"name\":\"Profesionalni izlo\u017ebeni zaslon 65&#8243; 25E &#8211; 24\/7\"}]},{\"@type\":\"WebSite\",\"@id\":\"https:\/\/strim.si\/trgovina\/#website\",\"url\":\"https:\/\/strim.si\/trgovina\/\",\"name\":\"Strim plus\",\"description\":\"spletna trgovina\",\"potentialAction\":[{\"@type\":\"SearchAction\",\"target\":{\"@type\":\"EntryPoint\",\"urlTemplate\":\"https:\/\/strim.si\/trgovina\/?s={search_term_string}\"},\"query-input\":\"required name=search_term_string\"}],\"inLanguage\":\"sl-SI\"}]}<\/script>\n<!-- \/ Yoast SEO plugin. -->","yoast_head_json":{"title":"Profesionalni izlo\u017ebeni zaslon 65\" 25E - 24\/7 - Strim plus","robots":{"index":"index","follow":"follow","max-snippet":"max-snippet:-1","max-image-preview":"max-image-preview:large","max-video-preview":"max-video-preview:-1"},"canonical":"https:\/\/strim.si\/trgovina\/product\/profesionalni-izlozbeni-zaslon-65-25e-24-7\/","og_locale":"sl_SI","og_type":"article","og_title":"Profesionalni izlo\u017ebeni zaslon 65\" 25E - 24\/7 - Strim plus","og_description":"24-urno delovanje Zasloni Hisense, zasnovani s tehnologijo dvojedrnega sistema na \u010dipu (SoC), se lahko uporabljajo kot zanesljivi digitalni znaki za vsebine brez povezave in v oblaku 24 ur na dan, 7 dni v tednu. Povsem svobodni ste pri izbiri sistema za upravljanje vsebine, ki vam bo pomagal prikazati va&scaron;e oglase. Po potrebi vam notranji pomnilnik omogo\u010da nalaganje medijev na zaslon za takoj&scaron;nje oddajanje brez potrebe po zunanji strojni ali programski opremi.&nbsp;         178&deg; &Scaron;irok vidni kot Izjemno &scaron;irok kot gledanja 178&deg; je popoln za nakupovalce, zaposlene ali obiskovalce, ki si bodo mimoido\u010de ogledali zaslone iz razli\u010dnih zornih kotov.         Pokrajina in portret Mo\u017eni sta tako le\u017ee\u010da kot pokon\u010dna orientacija, kar vam nudi neskon\u010dne ustvarjalne in funkcionalne mo\u017enosti za izpolnitev va&scaron;ih komercialnih ali informativnih ciljev.         2500 nit Zaslon LED bi lahko razkril ve\u010d podrobnosti, vklju\u010dno s plastmi in barvami, kot tradicionalni zasloni.         Vidno s polariziranimi son\u010dnimi o\u010dali Tehnologija korekcije LED-zaslona bi lahko enakomerno osvetlila ve\u010d sto tiso\u010d LED-lu\u010dk, kar bi zagotovilo enoten u\u010dinek zaslona z enako svetlostjo in barvno lestvico.         Pametni senzor svetlosti Zasnova samoodvajanja toplote, var\u010devanje z energijo in zmanj&scaron;anje hrupa izbolj&scaron;ujejo \u017eivljenjsko dobo.","og_url":"https:\/\/strim.si\/trgovina\/product\/profesionalni-izlozbeni-zaslon-65-25e-24-7\/","og_site_name":"Strim plus","article_modified_time":"2024-03-28T11:33:23+00:00","og_image":[{"width":450,"height":400,"url":"https:\/\/strim.si\/trgovina\/wp-content\/uploads\/2024\/03\/49WF25E.webp","type":"image\/webp"}],"twitter_card":"summary_large_image","twitter_misc":{"Est. reading time":"1 minuta"},"schema":{"@context":"https:\/\/schema.org","@graph":[{"@type":"WebPage","@id":"https:\/\/strim.si\/trgovina\/product\/profesionalni-izlozbeni-zaslon-65-25e-24-7\/","url":"https:\/\/strim.si\/trgovina\/product\/profesionalni-izlozbeni-zaslon-65-25e-24-7\/","name":"Profesionalni izlo\u017ebeni zaslon 65\" 25E - 24\/7 - Strim plus","isPartOf":{"@id":"https:\/\/strim.si\/trgovina\/#website"},"primaryImageOfPage":{"@id":"https:\/\/strim.si\/trgovina\/product\/profesionalni-izlozbeni-zaslon-65-25e-24-7\/#primaryimage"},"image":{"@id":"https:\/\/strim.si\/trgovina\/product\/profesionalni-izlozbeni-zaslon-65-25e-24-7\/#primaryimage"},"thumbnailUrl":"https:\/\/strim.si\/trgovina\/wp-content\/uploads\/2024\/03\/49WF25E.webp","datePublished":"2024-03-28T11:31:57+00:00","dateModified":"2024-03-28T11:33:23+00:00","breadcrumb":{"@id":"https:\/\/strim.si\/trgovina\/product\/profesionalni-izlozbeni-zaslon-65-25e-24-7\/#breadcrumb"},"inLanguage":"sl-SI","potentialAction":[{"@type":"ReadAction","target":["https:\/\/strim.si\/trgovina\/product\/profesionalni-izlozbeni-zaslon-65-25e-24-7\/"]}]},{"@type":"ImageObject","inLanguage":"sl-SI","@id":"https:\/\/strim.si\/trgovina\/product\/profesionalni-izlozbeni-zaslon-65-25e-24-7\/#primaryimage","url":"https:\/\/strim.si\/trgovina\/wp-content\/uploads\/2024\/03\/49WF25E.webp","contentUrl":"https:\/\/strim.si\/trgovina\/wp-content\/uploads\/2024\/03\/49WF25E.webp","width":450,"height":400},{"@type":"BreadcrumbList","@id":"https:\/\/strim.si\/trgovina\/product\/profesionalni-izlozbeni-zaslon-65-25e-24-7\/#breadcrumb","itemListElement":[{"@type":"ListItem","position":1,"name":"Home","item":"https:\/\/strim.si\/trgovina\/"},{"@type":"ListItem","position":2,"name":"Trgovina","item":"https:\/\/strim.si\/trgovina\/trgovina\/"},{"@type":"ListItem","position":3,"name":"Profesionalni izlo\u017ebeni zaslon 65&#8243; 25E &#8211; 24\/7"}]},{"@type":"WebSite","@id":"https:\/\/strim.si\/trgovina\/#website","url":"https:\/\/strim.si\/trgovina\/","name":"Strim plus","description":"spletna trgovina","potentialAction":[{"@type":"SearchAction","target":{"@type":"EntryPoint","urlTemplate":"https:\/\/strim.si\/trgovina\/?s={search_term_string}"},"query-input":"required name=search_term_string"}],"inLanguage":"sl-SI"}]}},"_links":{"self":[{"href":"https:\/\/strim.si\/trgovina\/wp-json\/wp\/v2\/product\/8835","targetHints":{"allow":["GET"]}}],"collection":[{"href":"https:\/\/strim.si\/trgovina\/wp-json\/wp\/v2\/product"}],"about":[{"href":"https:\/\/strim.si\/trgovina\/wp-json\/wp\/v2\/types\/product"}],"wp:featuredmedia":[{"embeddable":true,"href":"https:\/\/strim.si\/trgovina\/wp-json\/wp\/v2\/media\/8829"}],"wp:attachment":[{"href":"https:\/\/strim.si\/trgovina\/wp-json\/wp\/v2\/media?parent=8835"}],"wp:term":[{"taxonomy":"product_cat","embeddable":true,"href":"https:\/\/strim.si\/trgovina\/wp-json\/wp\/v2\/product_cat?post=8835"},{"taxonomy":"product_tag","embeddable":true,"href":"https:\/\/strim.si\/trgovina\/wp-json\/wp\/v2\/product_tag?post=8835"}],"curies":[{"name":"wp","href":"https:\/\/api.w.org\/{rel}","templated":true}]}}