{"id":8861,"date":"2025-12-08T16:08:31","date_gmt":"2025-12-08T15:08:31","guid":{"rendered":"https:\/\/strim.si\/trgovina\/?post_type=product&#038;p=8861"},"modified":"2025-12-09T14:06:24","modified_gmt":"2025-12-09T13:06:24","slug":"hisense-goboard-live-pro-75","status":"publish","type":"product","link":"https:\/\/strim.si\/trgovina\/product\/hisense-goboard-live-pro-75\/","title":{"rendered":"HISENSE GOBOARD LIVE PRO 75"},"content":{"rendered":"","protected":false},"excerpt":{"rendered":"<div>\n<div>\n<div>\n<div>\n<div>\n<div>\n<div>\n<div>\n<div>\n<div><img decoding=\"async\" src=\"https:\/\/www.hisense-b2b.com\/images\/assets2\/smpower.png\" alt=\"\" \/><\/div>\n<div>\n<p><strong>Pametna mo\u010d<\/strong><\/p>\n<p>Vgrajeni senzor zunanje svetlobe samodejno prilagodi svetlost zaslona glede na trenutne svetlobne razmere. Ta zaslon ima certifikat Energy Star, ki vam pomaga varovati okolje in prihraniti stro\u0161ke.<\/p>\n<\/div>\n<\/div>\n<\/div>\n<\/div>\n<div>\n<div>\n<div>\n<div><img decoding=\"async\" src=\"https:\/\/www.hisense-b2b.com\/themes\/HiSense\/Content\/images\/4KUltraHD.png\" alt=\"\" \/><\/div>\n<div>\n<p><strong>Panel 4K Ultra HD \/ uporabni\u0161ki vmesnik 4K<\/strong><\/p>\n<p>Kakovost slike 4K Ultra HD zagotavlja popolne barve in bogate podrobnosti v vseh mogo\u010dih okoljih. Poleg zaslona 4K, kot vedno, prina\u0161amo uporabni\u0161ki vmesnik 4K za GoBoard. Z uporabni\u0161kim vmesnikom 4K lahko ta jasen in svetel zaslon uporabimo za zagotavljanje najlep\u0161ih slik.<\/p>\n<\/div>\n<\/div>\n<\/div>\n<\/div>\n<div>\n<div>\n<div>\n<div><img decoding=\"async\" src=\"https:\/\/www.hisense-b2b.com\/images\/assets2\/whiteboard.png\" alt=\"\" \/><\/div>\n<div>\n<p><strong>Pametna tabla<\/strong><\/p>\n<p>GoBoard uporablja dotik na visoki ravni za obnovitev naravnih pisalnih navad, tako da omogo\u010da pisanje s konico peresa, brisanje kapice, premikanje predmetov s prstom in brisanje dlani, hkrati pa u\u010diteljem in u\u010dencem nudi \u0161iroko paleto u\u010dnih orodij, kot so kotomerji, trikotniki in ravnila.<\/p>\n<\/div>\n<\/div>\n<\/div>\n<\/div>\n<div>\n<div>\n<div>\n<div><img decoding=\"async\" src=\"https:\/\/www.hisense-b2b.com\/images\/assets2\/android13.jpeg\" alt=\"\" \/><\/div>\n<div>\n<p><strong>Varnej\u0161a in izbolj\u0161ana izku\u0161nja<\/strong><\/p>\n<p>Android 13 skrbi za varnost va\u0161ih podatkov. Z Androidom 13 imate ve\u010dji nadzor nad tem, do katerih informacij lahko aplikacije dostopajo in do katerih ne. Naprave, ki bolje delujejo skupaj, izbolj\u0161ajo va\u0161o izku\u0161njo sporo\u010danja, zvoka in ve\u010dopravilnosti.<\/p>\n<\/div>\n<\/div>\n<\/div>\n<\/div>\n<div>\n<div>\n<div>\n<div><img decoding=\"async\" src=\"https:\/\/www.hisense-b2b.com\/images\/assets2\/google.png\" alt=\"\" \/><\/div>\n<div>\n<p><strong>Googlova integracija<\/strong><\/p>\n<p>Z Google Education GoBoard uporabnikom omogo\u010da enostaven dostop do Googlovih aplikacij, kot so Google Classroom, Google Chrome, Play Store, Gmail, Google Drive, Google Docs itd. To u\u010diteljem pomaga prihraniti \u010das pri upravljanju svoje u\u010dilnice in nalog.<\/p>\n<\/div>\n<\/div>\n<\/div>\n<\/div>\n<div>\n<div>\n<div>\n<div><img decoding=\"async\" src=\"https:\/\/www.hisense-b2b.com\/images\/assets2\/wirelesstrans.png\" alt=\"\" \/><\/div>\n<div>\n<p><strong>Brez\u017ei\u010dni prenos GoBoard<\/strong><\/p>\n<p>GoBoard podpira Webcast, Miracast, DLNA, prenos klju\u010da, Hisenseshare itd. Dvojni WiFi moduli hkrati podpirajo dostopno to\u010dko za skupno rabo zaslona in omre\u017eno povezavo Wi-Fi. Z nizko zakasnitvijo slike boste u\u017eivali v hitrej\u0161i in stabilnej\u0161i povezavi.<\/p>\n<\/div>\n<\/div>\n<\/div>\n<\/div>\n<div>\n<div>\n<div>\n<div><img decoding=\"async\" src=\"https:\/\/www.hisense-b2b.com\/images\/assets2\/dolby.png\" alt=\"\" \/><\/div>\n<div>\n<p><strong>Dolby Atmos<\/strong><\/p>\n<p>Filmi, TV-oddaje, \u0161port, glasba \u2013 zabava, ki jo imate radi, je \u0161e bolj\u0161a, ko jo poslu\u0161ate v Dolby Atmos. Njegova kristalna jasnost, lahko sli\u0161ati dialog, izjemne podrobnosti in realisti\u010dni prostorski zvo\u010dni u\u010dinki se zdru\u017eijo, da pove\u010dajo u\u010dinek va\u0161ih najljub\u0161ih prizorov in dogodkov.<\/p>\n<\/div>\n<\/div>\n<\/div>\n<\/div>\n<div>\n<div>\n<div>\n<div><img decoding=\"async\" src=\"https:\/\/www.hisense-b2b.com\/themes\/HiSense\/Content\/images\/Comfortableviewing.png\" alt=\"\" \/><\/div>\n<div>\n<p><strong>Udobje za o\u010di<\/strong><\/p>\n<p>Hisense GoBoard s certifikatom T\u00dcV Rheinland dokazano u\u010dinkovito \u0161\u010diti va\u0161e o\u010di z zmanj\u0161anjem razmerja modre svetlobe, tudi po dolgotrajnem gledanju v ta zaslon.<\/p>\n<\/div>\n<\/div>\n<\/div>\n<\/div>\n<div>\n<div>\n<div>\n<div><img decoding=\"async\" src=\"https:\/\/www.hisense-b2b.com\/images\/assets2\/integratedcam.jpeg\" alt=\"\" \/><\/div>\n<div>\n<p><strong>Integrirana 4K kamera<\/strong><\/p>\n<p>Vgrajena kamera 4K GOBOARD omogo\u010da videokonference in je zasnovana s fizi\u010dnim pokrovom in delovno lu\u010djo, ki zagotavlja zasebnost udele\u017eencev.<\/p>\n<\/div>\n<\/div>\n<\/div>\n<\/div>\n<div>\n<div>\n<div>\n<div><img decoding=\"async\" src=\"https:\/\/www.hisense-b2b.com\/images\/assets2\/array.jpeg\" alt=\"\" \/><\/div>\n<div>\n<p><strong>Niz mikrofonov<\/strong><\/p>\n<p>8 mikrofonov in tehnologija sledenja zvo\u010dnikom sproti locirajo zvo\u010dni vir, z razdaljo zajemanja 12 m, ki zagotavlja, da je zvo\u010dnik vedno v sredi\u0161\u010du pozornosti.<\/p>\n<\/div>\n<\/div>\n<\/div>\n<\/div>\n<div>\n<div>\n<div>\n<div><img decoding=\"async\" src=\"https:\/\/www.hisense-b2b.com\/images\/assets2\/maint2.png\" alt=\"\" \/><\/div>\n<div>\n<p><strong>Hitra namestitev in enostavno vzdr\u017eevanje<\/strong><\/p>\n<p>Popolna sprednja namestitev, vzdr\u017eevanje, prihranite prostor za namestitev. Podpira tudi ve\u010d instalacij, monta\u017eo na steno, obe\u0161anje, ki lahko ustreza zahtevam razli\u010dnih okolij.<\/p>\n<\/div>\n<\/div>\n<\/div>\n<\/div>\n<\/div>\n<\/div>\n<\/div>\n<\/div>\n<\/div>\n<\/div>\n","protected":false},"featured_media":8863,"template":"","meta":{"_acf_changed":false},"product_cat":[52,51],"product_tag":[],"class_list":["post-8861","product","type-product","status-publish","has-post-thumbnail","hentry","product_cat-interaktivni-zasloni","product_cat-pametni-zasloni"],"acf":[],"yoast_head":"<!-- This site is optimized with the Yoast SEO plugin v22.3 - https:\/\/yoast.com\/wordpress\/plugins\/seo\/ -->\n<title>HISENSE GOBOARD LIVE PRO 75 - Strim plus<\/title>\n<meta name=\"robots\" content=\"index, follow, max-snippet:-1, max-image-preview:large, max-video-preview:-1\" \/>\n<link rel=\"canonical\" href=\"https:\/\/strim.si\/trgovina\/product\/hisense-goboard-live-pro-75\/\" \/>\n<meta property=\"og:locale\" content=\"sl_SI\" \/>\n<meta property=\"og:type\" content=\"article\" \/>\n<meta property=\"og:title\" content=\"HISENSE GOBOARD LIVE PRO 75 - Strim plus\" \/>\n<meta property=\"og:description\" content=\"Pametna mo\u010d  Vgrajeni senzor zunanje svetlobe samodejno prilagodi svetlost zaslona glede na trenutne svetlobne razmere. Ta zaslon ima certifikat Energy Star, ki vam pomaga varovati okolje in prihraniti stro\u0161ke.            Panel 4K Ultra HD \/ uporabni\u0161ki vmesnik 4K  Kakovost slike 4K Ultra HD zagotavlja popolne barve in bogate podrobnosti v vseh mogo\u010dih okoljih. Poleg zaslona 4K, kot vedno, prina\u0161amo uporabni\u0161ki vmesnik 4K za GoBoard. Z uporabni\u0161kim vmesnikom 4K lahko ta jasen in svetel zaslon uporabimo za zagotavljanje najlep\u0161ih slik.            Pametna tabla  GoBoard uporablja dotik na visoki ravni za obnovitev naravnih pisalnih navad, tako da omogo\u010da pisanje s konico peresa, brisanje kapice, premikanje predmetov s prstom in brisanje dlani, hkrati pa u\u010diteljem in u\u010dencem nudi \u0161iroko paleto u\u010dnih orodij, kot so kotomerji, trikotniki in ravnila.            Varnej\u0161a in izbolj\u0161ana izku\u0161nja  Android 13 skrbi za varnost va\u0161ih podatkov. Z Androidom 13 imate ve\u010dji nadzor nad tem, do katerih informacij lahko aplikacije dostopajo in do katerih ne. Naprave, ki bolje delujejo skupaj, izbolj\u0161ajo va\u0161o izku\u0161njo sporo\u010danja, zvoka in ve\u010dopravilnosti.            Googlova integracija  Z Google Education GoBoard uporabnikom omogo\u010da enostaven dostop do Googlovih aplikacij, kot so Google Classroom, Google Chrome, Play Store, Gmail, Google Drive, Google Docs itd. To u\u010diteljem pomaga prihraniti \u010das pri upravljanju svoje u\u010dilnice in nalog.            Brez\u017ei\u010dni prenos GoBoard  GoBoard podpira Webcast, Miracast, DLNA, prenos klju\u010da, Hisenseshare itd. Dvojni WiFi moduli hkrati podpirajo dostopno to\u010dko za skupno rabo zaslona in omre\u017eno povezavo Wi-Fi. Z nizko zakasnitvijo slike boste u\u017eivali v hitrej\u0161i in stabilnej\u0161i povezavi.            Dolby Atmos  Filmi, TV-oddaje, \u0161port, glasba \u2013 zabava, ki jo imate radi, je \u0161e bolj\u0161a, ko jo poslu\u0161ate v Dolby Atmos. Njegova kristalna jasnost, lahko sli\u0161ati dialog, izjemne podrobnosti in realisti\u010dni prostorski zvo\u010dni u\u010dinki se zdru\u017eijo, da pove\u010dajo u\u010dinek va\u0161ih najljub\u0161ih prizorov in dogodkov.            Udobje za o\u010di  Hisense GoBoard s certifikatom T\u00dcV Rheinland dokazano u\u010dinkovito \u0161\u010diti va\u0161e o\u010di z zmanj\u0161anjem razmerja modre svetlobe, tudi po dolgotrajnem gledanju v ta zaslon.            Integrirana 4K kamera  Vgrajena kamera 4K GOBOARD omogo\u010da videokonference in je zasnovana s fizi\u010dnim pokrovom in delovno lu\u010djo, ki zagotavlja zasebnost udele\u017eencev.            Niz mikrofonov  8 mikrofonov in tehnologija sledenja zvo\u010dnikom sproti locirajo zvo\u010dni vir, z razdaljo zajemanja 12 m, ki zagotavlja, da je zvo\u010dnik vedno v sredi\u0161\u010du pozornosti.            Hitra namestitev in enostavno vzdr\u017eevanje  Popolna sprednja namestitev, vzdr\u017eevanje, prihranite prostor za namestitev. Podpira tudi ve\u010d instalacij, monta\u017eo na steno, obe\u0161anje, ki lahko ustreza zahtevam razli\u010dnih okolij.\" \/>\n<meta property=\"og:url\" content=\"https:\/\/strim.si\/trgovina\/product\/hisense-goboard-live-pro-75\/\" \/>\n<meta property=\"og:site_name\" content=\"Strim plus\" \/>\n<meta property=\"article:modified_time\" content=\"2025-12-09T13:06:24+00:00\" \/>\n<meta property=\"og:image\" content=\"https:\/\/strim.si\/trgovina\/wp-content\/uploads\/2025\/12\/HisenseGoBoardLivePro.png\" \/>\n\t<meta property=\"og:image:width\" content=\"747\" \/>\n\t<meta property=\"og:image:height\" content=\"1048\" \/>\n\t<meta property=\"og:image:type\" content=\"image\/png\" \/>\n<meta name=\"twitter:card\" content=\"summary_large_image\" \/>\n<meta name=\"twitter:label1\" content=\"Est. reading time\" \/>\n\t<meta name=\"twitter:data1\" content=\"1 minuta\" \/>\n<script type=\"application\/ld+json\" class=\"yoast-schema-graph\">{\"@context\":\"https:\/\/schema.org\",\"@graph\":[{\"@type\":\"WebPage\",\"@id\":\"https:\/\/strim.si\/trgovina\/product\/hisense-goboard-live-pro-75\/\",\"url\":\"https:\/\/strim.si\/trgovina\/product\/hisense-goboard-live-pro-75\/\",\"name\":\"HISENSE GOBOARD LIVE PRO 75 - Strim plus\",\"isPartOf\":{\"@id\":\"https:\/\/strim.si\/trgovina\/#website\"},\"primaryImageOfPage\":{\"@id\":\"https:\/\/strim.si\/trgovina\/product\/hisense-goboard-live-pro-75\/#primaryimage\"},\"image\":{\"@id\":\"https:\/\/strim.si\/trgovina\/product\/hisense-goboard-live-pro-75\/#primaryimage\"},\"thumbnailUrl\":\"https:\/\/strim.si\/trgovina\/wp-content\/uploads\/2025\/12\/HisenseGoBoardLivePro.png\",\"datePublished\":\"2025-12-08T15:08:31+00:00\",\"dateModified\":\"2025-12-09T13:06:24+00:00\",\"breadcrumb\":{\"@id\":\"https:\/\/strim.si\/trgovina\/product\/hisense-goboard-live-pro-75\/#breadcrumb\"},\"inLanguage\":\"sl-SI\",\"potentialAction\":[{\"@type\":\"ReadAction\",\"target\":[\"https:\/\/strim.si\/trgovina\/product\/hisense-goboard-live-pro-75\/\"]}]},{\"@type\":\"ImageObject\",\"inLanguage\":\"sl-SI\",\"@id\":\"https:\/\/strim.si\/trgovina\/product\/hisense-goboard-live-pro-75\/#primaryimage\",\"url\":\"https:\/\/strim.si\/trgovina\/wp-content\/uploads\/2025\/12\/HisenseGoBoardLivePro.png\",\"contentUrl\":\"https:\/\/strim.si\/trgovina\/wp-content\/uploads\/2025\/12\/HisenseGoBoardLivePro.png\",\"width\":747,\"height\":1048},{\"@type\":\"BreadcrumbList\",\"@id\":\"https:\/\/strim.si\/trgovina\/product\/hisense-goboard-live-pro-75\/#breadcrumb\",\"itemListElement\":[{\"@type\":\"ListItem\",\"position\":1,\"name\":\"Home\",\"item\":\"https:\/\/strim.si\/trgovina\/\"},{\"@type\":\"ListItem\",\"position\":2,\"name\":\"Trgovina\",\"item\":\"https:\/\/strim.si\/trgovina\/trgovina\/\"},{\"@type\":\"ListItem\",\"position\":3,\"name\":\"HISENSE GOBOARD LIVE PRO 75\"}]},{\"@type\":\"WebSite\",\"@id\":\"https:\/\/strim.si\/trgovina\/#website\",\"url\":\"https:\/\/strim.si\/trgovina\/\",\"name\":\"Strim plus\",\"description\":\"spletna trgovina\",\"potentialAction\":[{\"@type\":\"SearchAction\",\"target\":{\"@type\":\"EntryPoint\",\"urlTemplate\":\"https:\/\/strim.si\/trgovina\/?s={search_term_string}\"},\"query-input\":\"required name=search_term_string\"}],\"inLanguage\":\"sl-SI\"}]}<\/script>\n<!-- \/ Yoast SEO plugin. -->","yoast_head_json":{"title":"HISENSE GOBOARD LIVE PRO 75 - Strim plus","robots":{"index":"index","follow":"follow","max-snippet":"max-snippet:-1","max-image-preview":"max-image-preview:large","max-video-preview":"max-video-preview:-1"},"canonical":"https:\/\/strim.si\/trgovina\/product\/hisense-goboard-live-pro-75\/","og_locale":"sl_SI","og_type":"article","og_title":"HISENSE GOBOARD LIVE PRO 75 - Strim plus","og_description":"Pametna mo\u010d  Vgrajeni senzor zunanje svetlobe samodejno prilagodi svetlost zaslona glede na trenutne svetlobne razmere. Ta zaslon ima certifikat Energy Star, ki vam pomaga varovati okolje in prihraniti stro\u0161ke.            Panel 4K Ultra HD \/ uporabni\u0161ki vmesnik 4K  Kakovost slike 4K Ultra HD zagotavlja popolne barve in bogate podrobnosti v vseh mogo\u010dih okoljih. Poleg zaslona 4K, kot vedno, prina\u0161amo uporabni\u0161ki vmesnik 4K za GoBoard. Z uporabni\u0161kim vmesnikom 4K lahko ta jasen in svetel zaslon uporabimo za zagotavljanje najlep\u0161ih slik.            Pametna tabla  GoBoard uporablja dotik na visoki ravni za obnovitev naravnih pisalnih navad, tako da omogo\u010da pisanje s konico peresa, brisanje kapice, premikanje predmetov s prstom in brisanje dlani, hkrati pa u\u010diteljem in u\u010dencem nudi \u0161iroko paleto u\u010dnih orodij, kot so kotomerji, trikotniki in ravnila.            Varnej\u0161a in izbolj\u0161ana izku\u0161nja  Android 13 skrbi za varnost va\u0161ih podatkov. Z Androidom 13 imate ve\u010dji nadzor nad tem, do katerih informacij lahko aplikacije dostopajo in do katerih ne. Naprave, ki bolje delujejo skupaj, izbolj\u0161ajo va\u0161o izku\u0161njo sporo\u010danja, zvoka in ve\u010dopravilnosti.            Googlova integracija  Z Google Education GoBoard uporabnikom omogo\u010da enostaven dostop do Googlovih aplikacij, kot so Google Classroom, Google Chrome, Play Store, Gmail, Google Drive, Google Docs itd. To u\u010diteljem pomaga prihraniti \u010das pri upravljanju svoje u\u010dilnice in nalog.            Brez\u017ei\u010dni prenos GoBoard  GoBoard podpira Webcast, Miracast, DLNA, prenos klju\u010da, Hisenseshare itd. Dvojni WiFi moduli hkrati podpirajo dostopno to\u010dko za skupno rabo zaslona in omre\u017eno povezavo Wi-Fi. Z nizko zakasnitvijo slike boste u\u017eivali v hitrej\u0161i in stabilnej\u0161i povezavi.            Dolby Atmos  Filmi, TV-oddaje, \u0161port, glasba \u2013 zabava, ki jo imate radi, je \u0161e bolj\u0161a, ko jo poslu\u0161ate v Dolby Atmos. Njegova kristalna jasnost, lahko sli\u0161ati dialog, izjemne podrobnosti in realisti\u010dni prostorski zvo\u010dni u\u010dinki se zdru\u017eijo, da pove\u010dajo u\u010dinek va\u0161ih najljub\u0161ih prizorov in dogodkov.            Udobje za o\u010di  Hisense GoBoard s certifikatom T\u00dcV Rheinland dokazano u\u010dinkovito \u0161\u010diti va\u0161e o\u010di z zmanj\u0161anjem razmerja modre svetlobe, tudi po dolgotrajnem gledanju v ta zaslon.            Integrirana 4K kamera  Vgrajena kamera 4K GOBOARD omogo\u010da videokonference in je zasnovana s fizi\u010dnim pokrovom in delovno lu\u010djo, ki zagotavlja zasebnost udele\u017eencev.            Niz mikrofonov  8 mikrofonov in tehnologija sledenja zvo\u010dnikom sproti locirajo zvo\u010dni vir, z razdaljo zajemanja 12 m, ki zagotavlja, da je zvo\u010dnik vedno v sredi\u0161\u010du pozornosti.            Hitra namestitev in enostavno vzdr\u017eevanje  Popolna sprednja namestitev, vzdr\u017eevanje, prihranite prostor za namestitev. Podpira tudi ve\u010d instalacij, monta\u017eo na steno, obe\u0161anje, ki lahko ustreza zahtevam razli\u010dnih okolij.","og_url":"https:\/\/strim.si\/trgovina\/product\/hisense-goboard-live-pro-75\/","og_site_name":"Strim plus","article_modified_time":"2025-12-09T13:06:24+00:00","og_image":[{"width":747,"height":1048,"url":"https:\/\/strim.si\/trgovina\/wp-content\/uploads\/2025\/12\/HisenseGoBoardLivePro.png","type":"image\/png"}],"twitter_card":"summary_large_image","twitter_misc":{"Est. reading time":"1 minuta"},"schema":{"@context":"https:\/\/schema.org","@graph":[{"@type":"WebPage","@id":"https:\/\/strim.si\/trgovina\/product\/hisense-goboard-live-pro-75\/","url":"https:\/\/strim.si\/trgovina\/product\/hisense-goboard-live-pro-75\/","name":"HISENSE GOBOARD LIVE PRO 75 - Strim plus","isPartOf":{"@id":"https:\/\/strim.si\/trgovina\/#website"},"primaryImageOfPage":{"@id":"https:\/\/strim.si\/trgovina\/product\/hisense-goboard-live-pro-75\/#primaryimage"},"image":{"@id":"https:\/\/strim.si\/trgovina\/product\/hisense-goboard-live-pro-75\/#primaryimage"},"thumbnailUrl":"https:\/\/strim.si\/trgovina\/wp-content\/uploads\/2025\/12\/HisenseGoBoardLivePro.png","datePublished":"2025-12-08T15:08:31+00:00","dateModified":"2025-12-09T13:06:24+00:00","breadcrumb":{"@id":"https:\/\/strim.si\/trgovina\/product\/hisense-goboard-live-pro-75\/#breadcrumb"},"inLanguage":"sl-SI","potentialAction":[{"@type":"ReadAction","target":["https:\/\/strim.si\/trgovina\/product\/hisense-goboard-live-pro-75\/"]}]},{"@type":"ImageObject","inLanguage":"sl-SI","@id":"https:\/\/strim.si\/trgovina\/product\/hisense-goboard-live-pro-75\/#primaryimage","url":"https:\/\/strim.si\/trgovina\/wp-content\/uploads\/2025\/12\/HisenseGoBoardLivePro.png","contentUrl":"https:\/\/strim.si\/trgovina\/wp-content\/uploads\/2025\/12\/HisenseGoBoardLivePro.png","width":747,"height":1048},{"@type":"BreadcrumbList","@id":"https:\/\/strim.si\/trgovina\/product\/hisense-goboard-live-pro-75\/#breadcrumb","itemListElement":[{"@type":"ListItem","position":1,"name":"Home","item":"https:\/\/strim.si\/trgovina\/"},{"@type":"ListItem","position":2,"name":"Trgovina","item":"https:\/\/strim.si\/trgovina\/trgovina\/"},{"@type":"ListItem","position":3,"name":"HISENSE GOBOARD LIVE PRO 75"}]},{"@type":"WebSite","@id":"https:\/\/strim.si\/trgovina\/#website","url":"https:\/\/strim.si\/trgovina\/","name":"Strim plus","description":"spletna trgovina","potentialAction":[{"@type":"SearchAction","target":{"@type":"EntryPoint","urlTemplate":"https:\/\/strim.si\/trgovina\/?s={search_term_string}"},"query-input":"required name=search_term_string"}],"inLanguage":"sl-SI"}]}},"_links":{"self":[{"href":"https:\/\/strim.si\/trgovina\/wp-json\/wp\/v2\/product\/8861","targetHints":{"allow":["GET"]}}],"collection":[{"href":"https:\/\/strim.si\/trgovina\/wp-json\/wp\/v2\/product"}],"about":[{"href":"https:\/\/strim.si\/trgovina\/wp-json\/wp\/v2\/types\/product"}],"wp:featuredmedia":[{"embeddable":true,"href":"https:\/\/strim.si\/trgovina\/wp-json\/wp\/v2\/media\/8863"}],"wp:attachment":[{"href":"https:\/\/strim.si\/trgovina\/wp-json\/wp\/v2\/media?parent=8861"}],"wp:term":[{"taxonomy":"product_cat","embeddable":true,"href":"https:\/\/strim.si\/trgovina\/wp-json\/wp\/v2\/product_cat?post=8861"},{"taxonomy":"product_tag","embeddable":true,"href":"https:\/\/strim.si\/trgovina\/wp-json\/wp\/v2\/product_tag?post=8861"}],"curies":[{"name":"wp","href":"https:\/\/api.w.org\/{rel}","templated":true}]}}