{"id":8866,"date":"2026-01-05T10:25:54","date_gmt":"2026-01-05T09:25:54","guid":{"rendered":"https:\/\/strim.si\/trgovina\/?post_type=product&#038;p=8866"},"modified":"2026-01-05T10:37:05","modified_gmt":"2026-01-05T09:37:05","slug":"notranji-p2-5-led-pingvin-pro","status":"publish","type":"product","link":"https:\/\/strim.si\/trgovina\/product\/notranji-p2-5-led-pingvin-pro\/","title":{"rendered":"Notranji P2.5 LED pingvin PRO"},"content":{"rendered":"","protected":false},"excerpt":{"rendered":"<p dir=\"ltr\" data-placeholder=\"Traduzione\">LED digitalni pingvin je novost na slovenskem trgu, je v bistvu LED zaslon v obliki tiskanega roll-upa oziroma t.i. pingvina. Ta model je namenjen notranji uporabi.<\/p>\n<p dir=\"ltr\" data-placeholder=\"Traduzione\">LED digitalni pingvin je ena naprava za vse namene, ki vam pridejo na misel! Podpira povezavo <strong>WIFI, USB, HDMI<\/strong>\u00a0in\u00a0<strong>omre\u017enega kabla<\/strong>\u00a0.\u00a0Uporabniki lahko uporabljajo ra\u010dunalnik ali pametni telefon za upravljanje nalaganja vsebin.\u00a0Ima\u00a0<strong>vgrajen sinhroni in asinhroni multi-mode multimedijski predvajalnik<\/strong>\u00a0za doseganje pove\u010dave\/pomanj\u0161ave v realnem \u010dasu brez video procesorja.<\/p>\n<p dir=\"ltr\" data-placeholder=\"Traduzione\">LED digitalni pingvin ima 8 GB pomnilnika, vendar podpira raz\u0161iritev USB, zato ni omejitve pomnilnika! Ni potrebno predznanje ali posebne naprave: <strong>va\u0161 pametni telefon je vse, kar potrebujete! <\/strong>Preprosto prenesite na\u0161o\u00a0<strong>aplikacijo<\/strong>\u00a0na svoj telefon ali na\u0161o\u00a0<strong>programsko opremo<\/strong>\u00a0na svoj ra\u010dunalnik in v nekaj trenutkih lahko nalo\u017eite svojo digitalno komunikacijo na na\u0161e LED zaslone ali na svoj novi digitalni znak.<\/p>\n<p dir=\"ltr\" data-placeholder=\"Traduzione\">Uporablja se lahko posamezno, glavna prednost je fleksibilnost, lahko se jih <strong>brez\u0161ivno pove\u017ee ve\u010d<\/strong>\u00a0za reprodukcijo videoposnetkov, slik in besedila na enem velikem zaslonu. LED digitalni pingvin je enostaven za prena\u0161anje in premikanje je re\u0161itev, ki ste jo \u010dakali!<\/p>\n<p>Poleg <strong>stoje\u010dega<\/strong> na\u010dina podpira tudi druge <strong>na\u010dine namestitve<\/strong>\u00a0:<\/p>\n<div>\n<ul>\n<li dir=\"ltr\" data-placeholder=\"Traduzione\">zidna<\/li>\n<li dir=\"ltr\" data-placeholder=\"Traduzione\">vise\u010da<\/li>\n<li dir=\"ltr\" data-placeholder=\"Traduzione\">v ustvarjalnih kompozicijah<\/li>\n<\/ul>\n<\/div>\n","protected":false},"featured_media":8850,"template":"","meta":{"_acf_changed":false},"product_cat":[88,51],"product_tag":[],"class_list":["post-8866","product","type-product","status-publish","has-post-thumbnail","hentry","product_cat-digitalni-led-pingvini","product_cat-pametni-zasloni"],"acf":[],"yoast_head":"<!-- This site is optimized with the Yoast SEO plugin v22.3 - https:\/\/yoast.com\/wordpress\/plugins\/seo\/ -->\n<title>Notranji P2.5 LED pingvin PRO - Strim plus<\/title>\n<meta name=\"robots\" content=\"index, follow, max-snippet:-1, max-image-preview:large, max-video-preview:-1\" \/>\n<link rel=\"canonical\" href=\"https:\/\/strim.si\/trgovina\/product\/notranji-p2-5-led-pingvin-pro\/\" \/>\n<meta property=\"og:locale\" content=\"sl_SI\" \/>\n<meta property=\"og:type\" content=\"article\" \/>\n<meta property=\"og:title\" content=\"Notranji P2.5 LED pingvin PRO - Strim plus\" \/>\n<meta property=\"og:description\" content=\"LED digitalni pingvin je novost na slovenskem trgu, je v bistvu LED zaslon v obliki tiskanega roll-upa oziroma t.i. pingvina. Ta model je namenjen notranji uporabi. LED digitalni pingvin je ena naprava za vse namene, ki vam pridejo na misel! Podpira povezavo WIFI, USB, HDMI\u00a0in\u00a0omre\u017enega kabla\u00a0.\u00a0Uporabniki lahko uporabljajo ra\u010dunalnik ali pametni telefon za upravljanje nalaganja vsebin.\u00a0Ima\u00a0vgrajen sinhroni in asinhroni multi-mode multimedijski predvajalnik\u00a0za doseganje pove\u010dave\/pomanj\u0161ave v realnem \u010dasu brez video procesorja. LED digitalni pingvin ima 8 GB pomnilnika, vendar podpira raz\u0161iritev USB, zato ni omejitve pomnilnika! Ni potrebno predznanje ali posebne naprave: va\u0161 pametni telefon je vse, kar potrebujete! Preprosto prenesite na\u0161o\u00a0aplikacijo\u00a0na svoj telefon ali na\u0161o\u00a0programsko opremo\u00a0na svoj ra\u010dunalnik in v nekaj trenutkih lahko nalo\u017eite svojo digitalno komunikacijo na na\u0161e LED zaslone ali na svoj novi digitalni znak. Uporablja se lahko posamezno, glavna prednost je fleksibilnost, lahko se jih brez\u0161ivno pove\u017ee ve\u010d\u00a0za reprodukcijo videoposnetkov, slik in besedila na enem velikem zaslonu. LED digitalni pingvin je enostaven za prena\u0161anje in premikanje je re\u0161itev, ki ste jo \u010dakali! Poleg stoje\u010dega na\u010dina podpira tudi druge na\u010dine namestitve\u00a0:    zidna  vise\u010da  v ustvarjalnih kompozicijah\" \/>\n<meta property=\"og:url\" content=\"https:\/\/strim.si\/trgovina\/product\/notranji-p2-5-led-pingvin-pro\/\" \/>\n<meta property=\"og:site_name\" content=\"Strim plus\" \/>\n<meta property=\"article:modified_time\" content=\"2026-01-05T09:37:05+00:00\" \/>\n<meta property=\"og:image\" content=\"https:\/\/strim.si\/trgovina\/wp-content\/uploads\/2025\/09\/slika3.jpg\" \/>\n\t<meta property=\"og:image:width\" content=\"1280\" \/>\n\t<meta property=\"og:image:height\" content=\"1280\" \/>\n\t<meta property=\"og:image:type\" content=\"image\/jpeg\" \/>\n<meta name=\"twitter:card\" content=\"summary_large_image\" \/>\n<meta name=\"twitter:label1\" content=\"Est. reading time\" \/>\n\t<meta name=\"twitter:data1\" content=\"1 minuta\" \/>\n<script type=\"application\/ld+json\" class=\"yoast-schema-graph\">{\"@context\":\"https:\/\/schema.org\",\"@graph\":[{\"@type\":\"WebPage\",\"@id\":\"https:\/\/strim.si\/trgovina\/product\/notranji-p2-5-led-pingvin-pro\/\",\"url\":\"https:\/\/strim.si\/trgovina\/product\/notranji-p2-5-led-pingvin-pro\/\",\"name\":\"Notranji P2.5 LED pingvin PRO - Strim plus\",\"isPartOf\":{\"@id\":\"https:\/\/strim.si\/trgovina\/#website\"},\"primaryImageOfPage\":{\"@id\":\"https:\/\/strim.si\/trgovina\/product\/notranji-p2-5-led-pingvin-pro\/#primaryimage\"},\"image\":{\"@id\":\"https:\/\/strim.si\/trgovina\/product\/notranji-p2-5-led-pingvin-pro\/#primaryimage\"},\"thumbnailUrl\":\"https:\/\/strim.si\/trgovina\/wp-content\/uploads\/2025\/09\/slika3.jpg\",\"datePublished\":\"2026-01-05T09:25:54+00:00\",\"dateModified\":\"2026-01-05T09:37:05+00:00\",\"breadcrumb\":{\"@id\":\"https:\/\/strim.si\/trgovina\/product\/notranji-p2-5-led-pingvin-pro\/#breadcrumb\"},\"inLanguage\":\"sl-SI\",\"potentialAction\":[{\"@type\":\"ReadAction\",\"target\":[\"https:\/\/strim.si\/trgovina\/product\/notranji-p2-5-led-pingvin-pro\/\"]}]},{\"@type\":\"ImageObject\",\"inLanguage\":\"sl-SI\",\"@id\":\"https:\/\/strim.si\/trgovina\/product\/notranji-p2-5-led-pingvin-pro\/#primaryimage\",\"url\":\"https:\/\/strim.si\/trgovina\/wp-content\/uploads\/2025\/09\/slika3.jpg\",\"contentUrl\":\"https:\/\/strim.si\/trgovina\/wp-content\/uploads\/2025\/09\/slika3.jpg\",\"width\":1280,\"height\":1280},{\"@type\":\"BreadcrumbList\",\"@id\":\"https:\/\/strim.si\/trgovina\/product\/notranji-p2-5-led-pingvin-pro\/#breadcrumb\",\"itemListElement\":[{\"@type\":\"ListItem\",\"position\":1,\"name\":\"Home\",\"item\":\"https:\/\/strim.si\/trgovina\/\"},{\"@type\":\"ListItem\",\"position\":2,\"name\":\"Trgovina\",\"item\":\"https:\/\/strim.si\/trgovina\/trgovina\/\"},{\"@type\":\"ListItem\",\"position\":3,\"name\":\"Notranji P2.5 LED pingvin PRO\"}]},{\"@type\":\"WebSite\",\"@id\":\"https:\/\/strim.si\/trgovina\/#website\",\"url\":\"https:\/\/strim.si\/trgovina\/\",\"name\":\"Strim plus\",\"description\":\"spletna trgovina\",\"potentialAction\":[{\"@type\":\"SearchAction\",\"target\":{\"@type\":\"EntryPoint\",\"urlTemplate\":\"https:\/\/strim.si\/trgovina\/?s={search_term_string}\"},\"query-input\":\"required name=search_term_string\"}],\"inLanguage\":\"sl-SI\"}]}<\/script>\n<!-- \/ Yoast SEO plugin. -->","yoast_head_json":{"title":"Notranji P2.5 LED pingvin PRO - Strim plus","robots":{"index":"index","follow":"follow","max-snippet":"max-snippet:-1","max-image-preview":"max-image-preview:large","max-video-preview":"max-video-preview:-1"},"canonical":"https:\/\/strim.si\/trgovina\/product\/notranji-p2-5-led-pingvin-pro\/","og_locale":"sl_SI","og_type":"article","og_title":"Notranji P2.5 LED pingvin PRO - Strim plus","og_description":"LED digitalni pingvin je novost na slovenskem trgu, je v bistvu LED zaslon v obliki tiskanega roll-upa oziroma t.i. pingvina. Ta model je namenjen notranji uporabi. LED digitalni pingvin je ena naprava za vse namene, ki vam pridejo na misel! Podpira povezavo WIFI, USB, HDMI\u00a0in\u00a0omre\u017enega kabla\u00a0.\u00a0Uporabniki lahko uporabljajo ra\u010dunalnik ali pametni telefon za upravljanje nalaganja vsebin.\u00a0Ima\u00a0vgrajen sinhroni in asinhroni multi-mode multimedijski predvajalnik\u00a0za doseganje pove\u010dave\/pomanj\u0161ave v realnem \u010dasu brez video procesorja. LED digitalni pingvin ima 8 GB pomnilnika, vendar podpira raz\u0161iritev USB, zato ni omejitve pomnilnika! Ni potrebno predznanje ali posebne naprave: va\u0161 pametni telefon je vse, kar potrebujete! Preprosto prenesite na\u0161o\u00a0aplikacijo\u00a0na svoj telefon ali na\u0161o\u00a0programsko opremo\u00a0na svoj ra\u010dunalnik in v nekaj trenutkih lahko nalo\u017eite svojo digitalno komunikacijo na na\u0161e LED zaslone ali na svoj novi digitalni znak. Uporablja se lahko posamezno, glavna prednost je fleksibilnost, lahko se jih brez\u0161ivno pove\u017ee ve\u010d\u00a0za reprodukcijo videoposnetkov, slik in besedila na enem velikem zaslonu. LED digitalni pingvin je enostaven za prena\u0161anje in premikanje je re\u0161itev, ki ste jo \u010dakali! Poleg stoje\u010dega na\u010dina podpira tudi druge na\u010dine namestitve\u00a0:    zidna  vise\u010da  v ustvarjalnih kompozicijah","og_url":"https:\/\/strim.si\/trgovina\/product\/notranji-p2-5-led-pingvin-pro\/","og_site_name":"Strim plus","article_modified_time":"2026-01-05T09:37:05+00:00","og_image":[{"width":1280,"height":1280,"url":"https:\/\/strim.si\/trgovina\/wp-content\/uploads\/2025\/09\/slika3.jpg","type":"image\/jpeg"}],"twitter_card":"summary_large_image","twitter_misc":{"Est. reading time":"1 minuta"},"schema":{"@context":"https:\/\/schema.org","@graph":[{"@type":"WebPage","@id":"https:\/\/strim.si\/trgovina\/product\/notranji-p2-5-led-pingvin-pro\/","url":"https:\/\/strim.si\/trgovina\/product\/notranji-p2-5-led-pingvin-pro\/","name":"Notranji P2.5 LED pingvin PRO - Strim plus","isPartOf":{"@id":"https:\/\/strim.si\/trgovina\/#website"},"primaryImageOfPage":{"@id":"https:\/\/strim.si\/trgovina\/product\/notranji-p2-5-led-pingvin-pro\/#primaryimage"},"image":{"@id":"https:\/\/strim.si\/trgovina\/product\/notranji-p2-5-led-pingvin-pro\/#primaryimage"},"thumbnailUrl":"https:\/\/strim.si\/trgovina\/wp-content\/uploads\/2025\/09\/slika3.jpg","datePublished":"2026-01-05T09:25:54+00:00","dateModified":"2026-01-05T09:37:05+00:00","breadcrumb":{"@id":"https:\/\/strim.si\/trgovina\/product\/notranji-p2-5-led-pingvin-pro\/#breadcrumb"},"inLanguage":"sl-SI","potentialAction":[{"@type":"ReadAction","target":["https:\/\/strim.si\/trgovina\/product\/notranji-p2-5-led-pingvin-pro\/"]}]},{"@type":"ImageObject","inLanguage":"sl-SI","@id":"https:\/\/strim.si\/trgovina\/product\/notranji-p2-5-led-pingvin-pro\/#primaryimage","url":"https:\/\/strim.si\/trgovina\/wp-content\/uploads\/2025\/09\/slika3.jpg","contentUrl":"https:\/\/strim.si\/trgovina\/wp-content\/uploads\/2025\/09\/slika3.jpg","width":1280,"height":1280},{"@type":"BreadcrumbList","@id":"https:\/\/strim.si\/trgovina\/product\/notranji-p2-5-led-pingvin-pro\/#breadcrumb","itemListElement":[{"@type":"ListItem","position":1,"name":"Home","item":"https:\/\/strim.si\/trgovina\/"},{"@type":"ListItem","position":2,"name":"Trgovina","item":"https:\/\/strim.si\/trgovina\/trgovina\/"},{"@type":"ListItem","position":3,"name":"Notranji P2.5 LED pingvin PRO"}]},{"@type":"WebSite","@id":"https:\/\/strim.si\/trgovina\/#website","url":"https:\/\/strim.si\/trgovina\/","name":"Strim plus","description":"spletna trgovina","potentialAction":[{"@type":"SearchAction","target":{"@type":"EntryPoint","urlTemplate":"https:\/\/strim.si\/trgovina\/?s={search_term_string}"},"query-input":"required name=search_term_string"}],"inLanguage":"sl-SI"}]}},"_links":{"self":[{"href":"https:\/\/strim.si\/trgovina\/wp-json\/wp\/v2\/product\/8866","targetHints":{"allow":["GET"]}}],"collection":[{"href":"https:\/\/strim.si\/trgovina\/wp-json\/wp\/v2\/product"}],"about":[{"href":"https:\/\/strim.si\/trgovina\/wp-json\/wp\/v2\/types\/product"}],"wp:featuredmedia":[{"embeddable":true,"href":"https:\/\/strim.si\/trgovina\/wp-json\/wp\/v2\/media\/8850"}],"wp:attachment":[{"href":"https:\/\/strim.si\/trgovina\/wp-json\/wp\/v2\/media?parent=8866"}],"wp:term":[{"taxonomy":"product_cat","embeddable":true,"href":"https:\/\/strim.si\/trgovina\/wp-json\/wp\/v2\/product_cat?post=8866"},{"taxonomy":"product_tag","embeddable":true,"href":"https:\/\/strim.si\/trgovina\/wp-json\/wp\/v2\/product_tag?post=8866"}],"curies":[{"name":"wp","href":"https:\/\/api.w.org\/{rel}","templated":true}]}}