{"id":94,"date":"2022-02-19T12:59:45","date_gmt":"2022-02-19T12:59:45","guid":{"rendered":"https:\/\/strim.si\/trgovina\/?post_type=product&#038;p=94"},"modified":"2025-04-16T11:31:44","modified_gmt":"2025-04-16T10:31:44","slug":"poly-studio-usb","status":"publish","type":"product","link":"https:\/\/strim.si\/trgovina\/product\/poly-studio-usb\/","title":{"rendered":"POLY STUDIO USB"},"content":{"rendered":"<p>Specifikacije<\/p>\n<ul>\n<li>Podpora operacijskih sistemov Microsoft Windows in Apple MacOS<\/li>\n<li>UHD 2160p (4K) kamera, z izjemno \u0161irokim vidnim kotom 120\u00b0 in 5x elektronskim zoomom<\/li>\n<li>Avtomatski zoom z zajemom celotnega omizja<\/li>\n<li>Avtomatski zoom z zajemom aktivnega govornika<\/li>\n<li>6 stereo mikrofonov v obmo\u010dju 20Hz do 16kHz<\/li>\n<li>Zajema govora na razdalji do 3,6 metra<\/li>\n<li>Polycom Acoustic Clarity tehnologija za vrhunsko reprodukcijo zvoka<\/li>\n<li>Polycom NoiseBlock tehnologija<\/li>\n<li>Polycom Acoustic Fence tehnologija<\/li>\n<li>Tipka za izklop mikrofonov (Mute)<\/li>\n<li>Stereo zvo\u010dniki v obmo\u010dju 100Hz do 20kHz<\/li>\n<li>Jakost zvoka 90dB @ 0.5m<\/li>\n<li>USB 3.0 Type-C port priklju\u010dek<\/li>\n<li>3.5mm stereo vhod<\/li>\n<li>Kensington<\/li>\n<li>Bluetooth 4.2 podpora<\/li>\n<li>Mo\u017enost priklop opcijskega namiznega mikrofona<\/li>\n<li>Prilo\u017een daljinski upravljalnik<\/li>\n<li>Podpora poljubnih video konferen\u010dnih aplikacij, kot so: Microsoft Skype for Business, Microsoft Skype, Microsoft Teams, Zoom, LogMeIn GoToMeeting\u00ae, Google Hangouts\u2122, Amazon Chime, Cisco Webex\u00ae, Polycom RealPresence Desktop,\u2026<\/li>\n<li>Prilo\u017een USB 2.0 kabel 5 m (Type-C na Type-A)<\/li>\n<li>Prilo\u017een stenski nosilec<\/li>\n<li>802.11ac Wi-Fi za nadzor in upravljanje<\/li>\n<li>Polycom Companion App za upravljanje<\/li>\n<li>Mo\u017enost nadzora preko Polycom RealPresence Resource Manager stre\u017enika<\/li>\n<li>Zunanji napajalnik @DC 12\/5A @AC 100~240V<\/li>\n<li>Dimenzija enote 570 x 77 x 81mm<\/li>\n<li>Te\u017ea 2,0 kg brez stojala in 2,3 kg s stojalom<\/li>\n<\/ul>\n<p>Podalj\u0161ana \u201cLifetime\u201d garancija<\/p>\n<ul>\n<li>Podalj\u0161anje garancije za video konferen\u010dni sistem Poly Studio USB za obdobje celotne \u017eivljenjske dobe produkta; \u017eivljenjsko dobo dolo\u010di proizvajalec in traja \u0161e tri leta po umiku aparata iz prodaje oziroma proizvodnje<\/li>\n<li>Vklju\u010dena zamenjava opreme v primeru okvare<\/li>\n<\/ul>\n<p>&nbsp;<\/p>\n<p><strong>OPCIJE:<\/strong><\/p>\n<p>&nbsp;<\/p>\n<p><strong>DODATNI MIKROFON ZA POLY STUDIO<\/strong><\/p>\n<ul>\n<li>Namizni vrvi\u010dni mikrofon za Poly Studio USB in Studio X50 s kotom delovanja 120\u00ba<\/li>\n<li>Priklju\u010dna vrvica dol\u017eine 7.6 metra<\/li>\n<\/ul>\n<h2><strong>\u00a0<\/strong><\/h2>\n<p><strong>VESA NOSILEC ZA STUDIO USB<\/strong><\/p>\n<ul>\n<li>VESA nosilec za monta\u017eo video konferen\u010dnega sistema Poly Studio USB nad ali pod zaslonom<\/li>\n<li>Pritrditev na hrbtno stran LED TV zaslona<\/li>\n<\/ul>\n","protected":false},"excerpt":{"rendered":"<p>Specifikacije Podpora operacijskih sistemov Microsoft Windows in Apple MacOS UHD 2160p (4K) kamera, z izjemno \u0161irokim vidnim kotom 120\u00b0 in 5x elektronskim zoomom Avtomatski zoom z zajemom celotnega omizja Avtomatski zoom z zajemom aktivnega govornika 6 stereo mikrofonov v obmo\u010dju 20Hz do 16kHz Zajema govora na razdalji do 3,6 metra Polycom Acoustic Clarity tehnologija za&#8230;<\/p>\n","protected":false},"featured_media":8339,"template":"","meta":{"_acf_changed":false},"product_cat":[78,55],"product_tag":[],"class_list":["post-94","product","type-product","status-publish","has-post-thumbnail","hentry","product_cat-sistemi-vse-v-enem","product_cat-videokonference"],"acf":[],"yoast_head":"<!-- This site is optimized with the Yoast SEO plugin v22.3 - https:\/\/yoast.com\/wordpress\/plugins\/seo\/ -->\n<title>POLY STUDIO USB - Strim plus<\/title>\n<meta name=\"robots\" content=\"index, follow, max-snippet:-1, max-image-preview:large, max-video-preview:-1\" \/>\n<link rel=\"canonical\" href=\"https:\/\/strim.si\/trgovina\/product\/poly-studio-usb\/\" \/>\n<meta property=\"og:locale\" content=\"sl_SI\" \/>\n<meta property=\"og:type\" content=\"article\" \/>\n<meta property=\"og:title\" content=\"POLY STUDIO USB - Strim plus\" \/>\n<meta property=\"og:description\" content=\"Specifikacije Podpora operacijskih sistemov Microsoft Windows in Apple MacOS UHD 2160p (4K) kamera, z izjemno \u0161irokim vidnim kotom 120\u00b0 in 5x elektronskim zoomom Avtomatski zoom z zajemom celotnega omizja Avtomatski zoom z zajemom aktivnega govornika 6 stereo mikrofonov v obmo\u010dju 20Hz do 16kHz Zajema govora na razdalji do 3,6 metra Polycom Acoustic Clarity tehnologija za...\" \/>\n<meta property=\"og:url\" content=\"https:\/\/strim.si\/trgovina\/product\/poly-studio-usb\/\" \/>\n<meta property=\"og:site_name\" content=\"Strim plus\" \/>\n<meta property=\"article:modified_time\" content=\"2025-04-16T10:31:44+00:00\" \/>\n<meta property=\"og:image\" content=\"https:\/\/strim.si\/trgovina\/wp-content\/uploads\/2022\/02\/poly-studio-usb-1.jpg\" \/>\n\t<meta property=\"og:image:width\" content=\"500\" \/>\n\t<meta property=\"og:image:height\" content=\"500\" \/>\n\t<meta property=\"og:image:type\" content=\"image\/jpeg\" \/>\n<meta name=\"twitter:card\" content=\"summary_large_image\" \/>\n<meta name=\"twitter:label1\" content=\"Est. reading time\" \/>\n\t<meta name=\"twitter:data1\" content=\"1 minuta\" \/>\n<script type=\"application\/ld+json\" class=\"yoast-schema-graph\">{\"@context\":\"https:\/\/schema.org\",\"@graph\":[{\"@type\":\"WebPage\",\"@id\":\"https:\/\/strim.si\/trgovina\/product\/poly-studio-usb\/\",\"url\":\"https:\/\/strim.si\/trgovina\/product\/poly-studio-usb\/\",\"name\":\"POLY STUDIO USB - Strim plus\",\"isPartOf\":{\"@id\":\"https:\/\/strim.si\/trgovina\/#website\"},\"primaryImageOfPage\":{\"@id\":\"https:\/\/strim.si\/trgovina\/product\/poly-studio-usb\/#primaryimage\"},\"image\":{\"@id\":\"https:\/\/strim.si\/trgovina\/product\/poly-studio-usb\/#primaryimage\"},\"thumbnailUrl\":\"https:\/\/strim.si\/trgovina\/wp-content\/uploads\/2022\/02\/poly-studio-usb-1.jpg\",\"datePublished\":\"2022-02-19T12:59:45+00:00\",\"dateModified\":\"2025-04-16T10:31:44+00:00\",\"breadcrumb\":{\"@id\":\"https:\/\/strim.si\/trgovina\/product\/poly-studio-usb\/#breadcrumb\"},\"inLanguage\":\"sl-SI\",\"potentialAction\":[{\"@type\":\"ReadAction\",\"target\":[\"https:\/\/strim.si\/trgovina\/product\/poly-studio-usb\/\"]}]},{\"@type\":\"ImageObject\",\"inLanguage\":\"sl-SI\",\"@id\":\"https:\/\/strim.si\/trgovina\/product\/poly-studio-usb\/#primaryimage\",\"url\":\"https:\/\/strim.si\/trgovina\/wp-content\/uploads\/2022\/02\/poly-studio-usb-1.jpg\",\"contentUrl\":\"https:\/\/strim.si\/trgovina\/wp-content\/uploads\/2022\/02\/poly-studio-usb-1.jpg\",\"width\":500,\"height\":500},{\"@type\":\"BreadcrumbList\",\"@id\":\"https:\/\/strim.si\/trgovina\/product\/poly-studio-usb\/#breadcrumb\",\"itemListElement\":[{\"@type\":\"ListItem\",\"position\":1,\"name\":\"Home\",\"item\":\"https:\/\/strim.si\/trgovina\/\"},{\"@type\":\"ListItem\",\"position\":2,\"name\":\"Trgovina\",\"item\":\"https:\/\/strim.si\/trgovina\/trgovina\/\"},{\"@type\":\"ListItem\",\"position\":3,\"name\":\"POLY STUDIO USB\"}]},{\"@type\":\"WebSite\",\"@id\":\"https:\/\/strim.si\/trgovina\/#website\",\"url\":\"https:\/\/strim.si\/trgovina\/\",\"name\":\"Strim plus\",\"description\":\"spletna trgovina\",\"potentialAction\":[{\"@type\":\"SearchAction\",\"target\":{\"@type\":\"EntryPoint\",\"urlTemplate\":\"https:\/\/strim.si\/trgovina\/?s={search_term_string}\"},\"query-input\":\"required name=search_term_string\"}],\"inLanguage\":\"sl-SI\"}]}<\/script>\n<!-- \/ Yoast SEO plugin. -->","yoast_head_json":{"title":"POLY STUDIO USB - Strim plus","robots":{"index":"index","follow":"follow","max-snippet":"max-snippet:-1","max-image-preview":"max-image-preview:large","max-video-preview":"max-video-preview:-1"},"canonical":"https:\/\/strim.si\/trgovina\/product\/poly-studio-usb\/","og_locale":"sl_SI","og_type":"article","og_title":"POLY STUDIO USB - Strim plus","og_description":"Specifikacije Podpora operacijskih sistemov Microsoft Windows in Apple MacOS UHD 2160p (4K) kamera, z izjemno \u0161irokim vidnim kotom 120\u00b0 in 5x elektronskim zoomom Avtomatski zoom z zajemom celotnega omizja Avtomatski zoom z zajemom aktivnega govornika 6 stereo mikrofonov v obmo\u010dju 20Hz do 16kHz Zajema govora na razdalji do 3,6 metra Polycom Acoustic Clarity tehnologija za...","og_url":"https:\/\/strim.si\/trgovina\/product\/poly-studio-usb\/","og_site_name":"Strim plus","article_modified_time":"2025-04-16T10:31:44+00:00","og_image":[{"width":500,"height":500,"url":"https:\/\/strim.si\/trgovina\/wp-content\/uploads\/2022\/02\/poly-studio-usb-1.jpg","type":"image\/jpeg"}],"twitter_card":"summary_large_image","twitter_misc":{"Est. reading time":"1 minuta"},"schema":{"@context":"https:\/\/schema.org","@graph":[{"@type":"WebPage","@id":"https:\/\/strim.si\/trgovina\/product\/poly-studio-usb\/","url":"https:\/\/strim.si\/trgovina\/product\/poly-studio-usb\/","name":"POLY STUDIO USB - Strim plus","isPartOf":{"@id":"https:\/\/strim.si\/trgovina\/#website"},"primaryImageOfPage":{"@id":"https:\/\/strim.si\/trgovina\/product\/poly-studio-usb\/#primaryimage"},"image":{"@id":"https:\/\/strim.si\/trgovina\/product\/poly-studio-usb\/#primaryimage"},"thumbnailUrl":"https:\/\/strim.si\/trgovina\/wp-content\/uploads\/2022\/02\/poly-studio-usb-1.jpg","datePublished":"2022-02-19T12:59:45+00:00","dateModified":"2025-04-16T10:31:44+00:00","breadcrumb":{"@id":"https:\/\/strim.si\/trgovina\/product\/poly-studio-usb\/#breadcrumb"},"inLanguage":"sl-SI","potentialAction":[{"@type":"ReadAction","target":["https:\/\/strim.si\/trgovina\/product\/poly-studio-usb\/"]}]},{"@type":"ImageObject","inLanguage":"sl-SI","@id":"https:\/\/strim.si\/trgovina\/product\/poly-studio-usb\/#primaryimage","url":"https:\/\/strim.si\/trgovina\/wp-content\/uploads\/2022\/02\/poly-studio-usb-1.jpg","contentUrl":"https:\/\/strim.si\/trgovina\/wp-content\/uploads\/2022\/02\/poly-studio-usb-1.jpg","width":500,"height":500},{"@type":"BreadcrumbList","@id":"https:\/\/strim.si\/trgovina\/product\/poly-studio-usb\/#breadcrumb","itemListElement":[{"@type":"ListItem","position":1,"name":"Home","item":"https:\/\/strim.si\/trgovina\/"},{"@type":"ListItem","position":2,"name":"Trgovina","item":"https:\/\/strim.si\/trgovina\/trgovina\/"},{"@type":"ListItem","position":3,"name":"POLY STUDIO USB"}]},{"@type":"WebSite","@id":"https:\/\/strim.si\/trgovina\/#website","url":"https:\/\/strim.si\/trgovina\/","name":"Strim plus","description":"spletna trgovina","potentialAction":[{"@type":"SearchAction","target":{"@type":"EntryPoint","urlTemplate":"https:\/\/strim.si\/trgovina\/?s={search_term_string}"},"query-input":"required name=search_term_string"}],"inLanguage":"sl-SI"}]}},"_links":{"self":[{"href":"https:\/\/strim.si\/trgovina\/wp-json\/wp\/v2\/product\/94","targetHints":{"allow":["GET"]}}],"collection":[{"href":"https:\/\/strim.si\/trgovina\/wp-json\/wp\/v2\/product"}],"about":[{"href":"https:\/\/strim.si\/trgovina\/wp-json\/wp\/v2\/types\/product"}],"wp:featuredmedia":[{"embeddable":true,"href":"https:\/\/strim.si\/trgovina\/wp-json\/wp\/v2\/media\/8339"}],"wp:attachment":[{"href":"https:\/\/strim.si\/trgovina\/wp-json\/wp\/v2\/media?parent=94"}],"wp:term":[{"taxonomy":"product_cat","embeddable":true,"href":"https:\/\/strim.si\/trgovina\/wp-json\/wp\/v2\/product_cat?post=94"},{"taxonomy":"product_tag","embeddable":true,"href":"https:\/\/strim.si\/trgovina\/wp-json\/wp\/v2\/product_tag?post=94"}],"curies":[{"name":"wp","href":"https:\/\/api.w.org\/{rel}","templated":true}]}}