{"id":95,"date":"2022-02-19T12:59:46","date_gmt":"2022-02-19T12:59:46","guid":{"rendered":"https:\/\/strim.si\/trgovina\/?post_type=product&#038;p=95"},"modified":"2022-03-08T07:58:17","modified_gmt":"2022-03-08T07:58:17","slug":"poly-studio-p15","status":"publish","type":"product","link":"https:\/\/strim.si\/trgovina\/product\/poly-studio-p15\/","title":{"rendered":"POLY STUDIO P15"},"content":{"rendered":"<p>Poly\u00a0 Studio\u00a0 P15\u00a0 odlikuje\u00a0 izjemna\u00a0 kvaliteta\u00a0 zajema\u00a0 slike,\u00a0 zahvaljujo\u010d\u00a0 vgrajeni\u00a0 4K\u00a0 kameri,\u00a0 ki\u00a0 omogo\u010da zmogljivo\u00a0 pove\u010danje\u00a0 slike\u00a0 v\u00a0 polni\u00a0 HD\u00a0 lo\u010dljivosti\u00a0 1080p\u00a0 brez\u00a0 izgube\u00a0 kvalitete.\u00a0 Za\u00a0 zagotovitev\u00a0 vrhunskega zajema zvoka ter izlo\u010ditev hrupa okolice so v sistem vklju\u010deni napredni algoritmi za obdelavo zvoka, kot sta Poly Acoustic Fence ter NoiseBlock, s pomo\u010djo katerih se po potrebi odstrani ne\u017eelene zvoke v ozadju.<\/p>\n<p>Specifikacije<\/p>\n<ul>\n<li>UHD 2160p (4K) kamera<\/li>\n<li>Vidno polje 90\u00ba<\/li>\n<li>4x elektronski zoom<\/li>\n<li>Ro\u010dna PTZ kontrola preko Poly Lens<\/li>\n<li>Mehanski zaklop za zagotovitev zasebnosti<\/li>\n<li>Integrirani mikrofon z zajemom zvoka v obmo\u010dju od 50 Hz do 14 kHz<\/li>\n<li>Vgrajeni zvo\u010dnik za reprodukcijo zvoka v obmo\u010dju od 100 Hz do 20 kHz<\/li>\n<li>USB 3.0 Type-C priklju\u010dek (s podporo 4K videa)<\/li>\n<li>Dva (2) USB 2.0 Type-A priklju\u010dka<\/li>\n<li>Poly Acoustic Clarity tehnologija za vrhunsko reprodukcijo zvoka<\/li>\n<li>Poly NoiseBlock tehnologija<\/li>\n<li>Poly Acoustic Fence tehnologija<\/li>\n<li>Kensington<\/li>\n<li>Mo\u017enost nadzora preko Poly Lens aplikacije<\/li>\n<li>LEK za prikaz statusa delovanja<\/li>\n<li>Objemka za postavitev na zaslon<\/li>\n<li>Mo\u017enost postavitev na tripod<\/li>\n<li>Podpora operacijskih sistemov Microsoft Windows in Apple MacOS<\/li>\n<li>Certificiran za okolji Microsoft Teams in Zoom<\/li>\n<li>Dimenzije 4.25 x 7.0 x 7.8 cm<\/li>\n<li>Zunanji napajalnik<\/li>\n<\/ul>\n<p>2 leti garancije<\/p>\n<p><strong>\u00a0<\/strong><\/p>\n","protected":false},"excerpt":{"rendered":"<p>Poly\u00a0 Studio\u00a0 P15\u00a0 odlikuje\u00a0 izjemna\u00a0 kvaliteta\u00a0 zajema\u00a0 slike,\u00a0 zahvaljujo\u010d\u00a0 vgrajeni\u00a0 4K\u00a0 kameri,\u00a0 ki\u00a0 omogo\u010da zmogljivo\u00a0 pove\u010danje\u00a0 slike\u00a0 v\u00a0 polni\u00a0 HD\u00a0 lo\u010dljivosti\u00a0 1080p\u00a0 brez\u00a0 izgube\u00a0 kvalitete.\u00a0 Za\u00a0 zagotovitev\u00a0 vrhunskega zajema zvoka ter izlo\u010ditev hrupa okolice so v sistem vklju\u010deni napredni algoritmi za obdelavo zvoka, kot sta Poly Acoustic Fence ter NoiseBlock, s pomo\u010djo katerih se po&#8230;<\/p>\n","protected":false},"featured_media":8391,"template":"","meta":{"_acf_changed":false},"product_cat":[78,55],"product_tag":[],"class_list":["post-95","product","type-product","status-publish","has-post-thumbnail","hentry","product_cat-sistemi-vse-v-enem","product_cat-videokonference"],"acf":[],"yoast_head":"<!-- This site is optimized with the Yoast SEO plugin v22.3 - https:\/\/yoast.com\/wordpress\/plugins\/seo\/ -->\n<title>POLY STUDIO P15 - Strim plus<\/title>\n<meta name=\"robots\" content=\"index, follow, max-snippet:-1, max-image-preview:large, max-video-preview:-1\" \/>\n<link rel=\"canonical\" href=\"https:\/\/strim.si\/trgovina\/product\/poly-studio-p15\/\" \/>\n<meta property=\"og:locale\" content=\"sl_SI\" \/>\n<meta property=\"og:type\" content=\"article\" \/>\n<meta property=\"og:title\" content=\"POLY STUDIO P15 - Strim plus\" \/>\n<meta property=\"og:description\" content=\"Poly\u00a0 Studio\u00a0 P15\u00a0 odlikuje\u00a0 izjemna\u00a0 kvaliteta\u00a0 zajema\u00a0 slike,\u00a0 zahvaljujo\u010d\u00a0 vgrajeni\u00a0 4K\u00a0 kameri,\u00a0 ki\u00a0 omogo\u010da zmogljivo\u00a0 pove\u010danje\u00a0 slike\u00a0 v\u00a0 polni\u00a0 HD\u00a0 lo\u010dljivosti\u00a0 1080p\u00a0 brez\u00a0 izgube\u00a0 kvalitete.\u00a0 Za\u00a0 zagotovitev\u00a0 vrhunskega zajema zvoka ter izlo\u010ditev hrupa okolice so v sistem vklju\u010deni napredni algoritmi za obdelavo zvoka, kot sta Poly Acoustic Fence ter NoiseBlock, s pomo\u010djo katerih se po...\" \/>\n<meta property=\"og:url\" content=\"https:\/\/strim.si\/trgovina\/product\/poly-studio-p15\/\" \/>\n<meta property=\"og:site_name\" content=\"Strim plus\" \/>\n<meta property=\"article:modified_time\" content=\"2022-03-08T07:58:17+00:00\" \/>\n<meta property=\"og:image\" content=\"https:\/\/strim.si\/trgovina\/wp-content\/uploads\/2022\/02\/poly-studio-p15-1.jpg\" \/>\n\t<meta property=\"og:image:width\" content=\"500\" \/>\n\t<meta property=\"og:image:height\" content=\"500\" \/>\n\t<meta property=\"og:image:type\" content=\"image\/jpeg\" \/>\n<meta name=\"twitter:card\" content=\"summary_large_image\" \/>\n<meta name=\"twitter:label1\" content=\"Est. reading time\" \/>\n\t<meta name=\"twitter:data1\" content=\"1 minuta\" \/>\n<script type=\"application\/ld+json\" class=\"yoast-schema-graph\">{\"@context\":\"https:\/\/schema.org\",\"@graph\":[{\"@type\":\"WebPage\",\"@id\":\"https:\/\/strim.si\/trgovina\/product\/poly-studio-p15\/\",\"url\":\"https:\/\/strim.si\/trgovina\/product\/poly-studio-p15\/\",\"name\":\"POLY STUDIO P15 - Strim plus\",\"isPartOf\":{\"@id\":\"https:\/\/strim.si\/trgovina\/#website\"},\"primaryImageOfPage\":{\"@id\":\"https:\/\/strim.si\/trgovina\/product\/poly-studio-p15\/#primaryimage\"},\"image\":{\"@id\":\"https:\/\/strim.si\/trgovina\/product\/poly-studio-p15\/#primaryimage\"},\"thumbnailUrl\":\"https:\/\/strim.si\/trgovina\/wp-content\/uploads\/2022\/02\/poly-studio-p15-1.jpg\",\"datePublished\":\"2022-02-19T12:59:46+00:00\",\"dateModified\":\"2022-03-08T07:58:17+00:00\",\"breadcrumb\":{\"@id\":\"https:\/\/strim.si\/trgovina\/product\/poly-studio-p15\/#breadcrumb\"},\"inLanguage\":\"sl-SI\",\"potentialAction\":[{\"@type\":\"ReadAction\",\"target\":[\"https:\/\/strim.si\/trgovina\/product\/poly-studio-p15\/\"]}]},{\"@type\":\"ImageObject\",\"inLanguage\":\"sl-SI\",\"@id\":\"https:\/\/strim.si\/trgovina\/product\/poly-studio-p15\/#primaryimage\",\"url\":\"https:\/\/strim.si\/trgovina\/wp-content\/uploads\/2022\/02\/poly-studio-p15-1.jpg\",\"contentUrl\":\"https:\/\/strim.si\/trgovina\/wp-content\/uploads\/2022\/02\/poly-studio-p15-1.jpg\",\"width\":500,\"height\":500},{\"@type\":\"BreadcrumbList\",\"@id\":\"https:\/\/strim.si\/trgovina\/product\/poly-studio-p15\/#breadcrumb\",\"itemListElement\":[{\"@type\":\"ListItem\",\"position\":1,\"name\":\"Home\",\"item\":\"https:\/\/strim.si\/trgovina\/\"},{\"@type\":\"ListItem\",\"position\":2,\"name\":\"Trgovina\",\"item\":\"https:\/\/strim.si\/trgovina\/trgovina\/\"},{\"@type\":\"ListItem\",\"position\":3,\"name\":\"POLY STUDIO P15\"}]},{\"@type\":\"WebSite\",\"@id\":\"https:\/\/strim.si\/trgovina\/#website\",\"url\":\"https:\/\/strim.si\/trgovina\/\",\"name\":\"Strim plus\",\"description\":\"spletna trgovina\",\"potentialAction\":[{\"@type\":\"SearchAction\",\"target\":{\"@type\":\"EntryPoint\",\"urlTemplate\":\"https:\/\/strim.si\/trgovina\/?s={search_term_string}\"},\"query-input\":\"required name=search_term_string\"}],\"inLanguage\":\"sl-SI\"}]}<\/script>\n<!-- \/ Yoast SEO plugin. -->","yoast_head_json":{"title":"POLY STUDIO P15 - Strim plus","robots":{"index":"index","follow":"follow","max-snippet":"max-snippet:-1","max-image-preview":"max-image-preview:large","max-video-preview":"max-video-preview:-1"},"canonical":"https:\/\/strim.si\/trgovina\/product\/poly-studio-p15\/","og_locale":"sl_SI","og_type":"article","og_title":"POLY STUDIO P15 - Strim plus","og_description":"Poly\u00a0 Studio\u00a0 P15\u00a0 odlikuje\u00a0 izjemna\u00a0 kvaliteta\u00a0 zajema\u00a0 slike,\u00a0 zahvaljujo\u010d\u00a0 vgrajeni\u00a0 4K\u00a0 kameri,\u00a0 ki\u00a0 omogo\u010da zmogljivo\u00a0 pove\u010danje\u00a0 slike\u00a0 v\u00a0 polni\u00a0 HD\u00a0 lo\u010dljivosti\u00a0 1080p\u00a0 brez\u00a0 izgube\u00a0 kvalitete.\u00a0 Za\u00a0 zagotovitev\u00a0 vrhunskega zajema zvoka ter izlo\u010ditev hrupa okolice so v sistem vklju\u010deni napredni algoritmi za obdelavo zvoka, kot sta Poly Acoustic Fence ter NoiseBlock, s pomo\u010djo katerih se po...","og_url":"https:\/\/strim.si\/trgovina\/product\/poly-studio-p15\/","og_site_name":"Strim plus","article_modified_time":"2022-03-08T07:58:17+00:00","og_image":[{"width":500,"height":500,"url":"https:\/\/strim.si\/trgovina\/wp-content\/uploads\/2022\/02\/poly-studio-p15-1.jpg","type":"image\/jpeg"}],"twitter_card":"summary_large_image","twitter_misc":{"Est. reading time":"1 minuta"},"schema":{"@context":"https:\/\/schema.org","@graph":[{"@type":"WebPage","@id":"https:\/\/strim.si\/trgovina\/product\/poly-studio-p15\/","url":"https:\/\/strim.si\/trgovina\/product\/poly-studio-p15\/","name":"POLY STUDIO P15 - Strim plus","isPartOf":{"@id":"https:\/\/strim.si\/trgovina\/#website"},"primaryImageOfPage":{"@id":"https:\/\/strim.si\/trgovina\/product\/poly-studio-p15\/#primaryimage"},"image":{"@id":"https:\/\/strim.si\/trgovina\/product\/poly-studio-p15\/#primaryimage"},"thumbnailUrl":"https:\/\/strim.si\/trgovina\/wp-content\/uploads\/2022\/02\/poly-studio-p15-1.jpg","datePublished":"2022-02-19T12:59:46+00:00","dateModified":"2022-03-08T07:58:17+00:00","breadcrumb":{"@id":"https:\/\/strim.si\/trgovina\/product\/poly-studio-p15\/#breadcrumb"},"inLanguage":"sl-SI","potentialAction":[{"@type":"ReadAction","target":["https:\/\/strim.si\/trgovina\/product\/poly-studio-p15\/"]}]},{"@type":"ImageObject","inLanguage":"sl-SI","@id":"https:\/\/strim.si\/trgovina\/product\/poly-studio-p15\/#primaryimage","url":"https:\/\/strim.si\/trgovina\/wp-content\/uploads\/2022\/02\/poly-studio-p15-1.jpg","contentUrl":"https:\/\/strim.si\/trgovina\/wp-content\/uploads\/2022\/02\/poly-studio-p15-1.jpg","width":500,"height":500},{"@type":"BreadcrumbList","@id":"https:\/\/strim.si\/trgovina\/product\/poly-studio-p15\/#breadcrumb","itemListElement":[{"@type":"ListItem","position":1,"name":"Home","item":"https:\/\/strim.si\/trgovina\/"},{"@type":"ListItem","position":2,"name":"Trgovina","item":"https:\/\/strim.si\/trgovina\/trgovina\/"},{"@type":"ListItem","position":3,"name":"POLY STUDIO P15"}]},{"@type":"WebSite","@id":"https:\/\/strim.si\/trgovina\/#website","url":"https:\/\/strim.si\/trgovina\/","name":"Strim plus","description":"spletna trgovina","potentialAction":[{"@type":"SearchAction","target":{"@type":"EntryPoint","urlTemplate":"https:\/\/strim.si\/trgovina\/?s={search_term_string}"},"query-input":"required name=search_term_string"}],"inLanguage":"sl-SI"}]}},"_links":{"self":[{"href":"https:\/\/strim.si\/trgovina\/wp-json\/wp\/v2\/product\/95","targetHints":{"allow":["GET"]}}],"collection":[{"href":"https:\/\/strim.si\/trgovina\/wp-json\/wp\/v2\/product"}],"about":[{"href":"https:\/\/strim.si\/trgovina\/wp-json\/wp\/v2\/types\/product"}],"wp:featuredmedia":[{"embeddable":true,"href":"https:\/\/strim.si\/trgovina\/wp-json\/wp\/v2\/media\/8391"}],"wp:attachment":[{"href":"https:\/\/strim.si\/trgovina\/wp-json\/wp\/v2\/media?parent=95"}],"wp:term":[{"taxonomy":"product_cat","embeddable":true,"href":"https:\/\/strim.si\/trgovina\/wp-json\/wp\/v2\/product_cat?post=95"},{"taxonomy":"product_tag","embeddable":true,"href":"https:\/\/strim.si\/trgovina\/wp-json\/wp\/v2\/product_tag?post=95"}],"curies":[{"name":"wp","href":"https:\/\/api.w.org\/{rel}","templated":true}]}}