{"id":96,"date":"2022-02-19T12:59:46","date_gmt":"2022-02-19T12:59:46","guid":{"rendered":"https:\/\/strim.si\/trgovina\/?post_type=product&#038;p=96"},"modified":"2022-03-08T13:37:11","modified_gmt":"2022-03-08T13:37:11","slug":"uniarch-unear-a50e","status":"publish","type":"product","link":"https:\/\/strim.si\/trgovina\/product\/uniarch-unear-a50e\/","title":{"rendered":"UNIARCH UNEAR A50E"},"content":{"rendered":"<p>Uniarch Unear A50E je avdio\u00a0 in\u00a0 video\u00a0 konferen\u010dni\u00a0 sistem,\u00a0 kateri\u00a0 omogo\u010da\u00a0 delovanje\u00a0 s\u00a0 poljubnimi\u00a0 video\u00a0 konferen\u010dnimi\u00a0 aplikacijami,\u00a0 kot\u00a0 so\u00a0 Microsoft\u00a0 Teams, Skype for Business, Zoom, GoToMeeting, Cisco Webex, Google Hangouts in podobno.<\/p>\n<p>Po zasnovi in funkcionalnosti je podoben Polyjevemu Studiu USB z dodatkom \u2013 mo\u017enostjo \u017ei\u010dne PoE povezave s \u0161e do \u0161tirimi (4) dodatnimi avdio konferen\u010dnimi sistemi (t.i. speakerphoni), ki pove\u010dajo zajem in predvajanje zvoka vse do dol\u017eine 40m.<\/p>\n<p>Sistem odlikuje\u00a0 izjemna\u00a0 kvaliteta\u00a0 zajema\u00a0 slike,\u00a0 zahvaljujo\u010d\u00a0 vgrajeni\u00a0 4K\u00a0 kameri,\u00a0 katera\u00a0 omogo\u010da\u00a0 zmogljivo pove\u010danje\u00a0 slike\u00a0 v\u00a0 polni\u00a0 HD\u00a0 lo\u010dljivosti\u00a0 1080p\u00a0 brez\u00a0 izgube\u00a0 kvalitete\u00a0 ter\u00a0 avtomatsko\u00a0 fokusiranje\u00a0 bodisi celotne skupine oseb za konferen\u010dno mizo ali pa na posameznega aktivnega govornika ter celo sprotnega izreza in sestavljanja slike aktivnih govorcev.<\/p>\n<p>Za zagotovitev vrhunskega zajema zvoka ter izlo\u010ditev hrupa okolice so v sistem vklju\u010deni napredne tehnologije, kot sta Noise Suppression in Echo-cancelling s pomo\u010djo katerih se po potrebi avtomatsko izklaplja mikrofone ter odstrani neza\u017eelene zvoke v ozadju.<\/p>\n<p>&nbsp;<\/p>\n<p>Specifikacije<\/p>\n<ul>\n<li>Podpora operacijskih sistemov Microsoft Windows in Apple MacOS ter Linux<\/li>\n<li>UHD 2160p (4K) kamera, z izjemno \u0161irokim vidnim kotom 118\u00b0 in do 6x elektronskim zoomom<\/li>\n<li>Avtomatski zoom z zajemom celotnega omizja<\/li>\n<li>Avtomatski zoom z zajemom aktivnega govornika<\/li>\n<li>Avtomatski izrez pribli\u017eanih slik<\/li>\n<li>5 stereo MEMS mikrofonov lovi pod kotom 180\u00b0<\/li>\n<li>Zajem govora na razdalji do 5 metrov<\/li>\n<li>Echo Cancellation tehnologija<\/li>\n<li>AI Speaker Detection tehnologija<\/li>\n<li>AI Backgrund Noise Suppression tehnologija<\/li>\n<li>Tipka za izklop mikrofonov (Mute)<\/li>\n<li>Stereo zvo\u010dniki v obmo\u010dju 160Hz do 20kHz<\/li>\n<li>Jakost zvoka 80dB @ 1m<\/li>\n<li>USB 2.0 priklju\u010dek<\/li>\n<li>Mo\u017enost priklopa do 4 dodatnih sistemov M30E (zvo\u010dnikov z mikrofoni) v dol\u017eini do 40m preko PoE<\/li>\n<li>Prilo\u017een daljinski upravljalnik<\/li>\n<li>Podpora poljubnih video konferen\u010dnih aplikacij, kot so: Microsoft Skype for Business, Microsoft Skype, Microsoft Teams, Zoom, LogMeIn GoToMeeting\u00ae, Google Hangouts\u2122, Amazon Chime, Cisco Webex\u00ae, Polycom RealPresence Desktop,\u2026<\/li>\n<li>Prilo\u017een USB 2.0 kabel<\/li>\n<li>Prilo\u017een namizni nosilec<\/li>\n<li>Zunanji napajalnik @DC 48V\/1,35A @AC 100~240V<\/li>\n<li>Dimenzija enote 570 x 77 x 81mm<\/li>\n<li>Te\u017ea 2,0 kg brez stojala in 2,3 kg s stojalom<\/li>\n<\/ul>\n<p>2 leti garancije<\/p>\n","protected":false},"excerpt":{"rendered":"<p>Uniarch Unear A50E je avdio\u00a0 in\u00a0 video\u00a0 konferen\u010dni\u00a0 sistem,\u00a0 kateri\u00a0 omogo\u010da\u00a0 delovanje\u00a0 s\u00a0 poljubnimi\u00a0 video\u00a0 konferen\u010dnimi\u00a0 aplikacijami,\u00a0 kot\u00a0 so\u00a0 Microsoft\u00a0 Teams, Skype for Business, Zoom, GoToMeeting, Cisco Webex, Google Hangouts in podobno. Po zasnovi in funkcionalnosti je podoben Polyjevemu Studiu USB z dodatkom \u2013 mo\u017enostjo \u017ei\u010dne PoE povezave s \u0161e do \u0161tirimi (4) dodatnimi avdio&#8230;<\/p>\n","protected":false},"featured_media":8375,"template":"","meta":{"_acf_changed":false},"product_cat":[78,55],"product_tag":[],"class_list":["post-96","product","type-product","status-publish","has-post-thumbnail","hentry","product_cat-sistemi-vse-v-enem","product_cat-videokonference"],"acf":[],"yoast_head":"<!-- This site is optimized with the Yoast SEO plugin v22.3 - https:\/\/yoast.com\/wordpress\/plugins\/seo\/ -->\n<title>UNIARCH UNEAR A50E - Strim plus<\/title>\n<meta name=\"robots\" content=\"index, follow, max-snippet:-1, max-image-preview:large, max-video-preview:-1\" \/>\n<link rel=\"canonical\" href=\"https:\/\/strim.si\/trgovina\/product\/uniarch-unear-a50e\/\" \/>\n<meta property=\"og:locale\" content=\"sl_SI\" \/>\n<meta property=\"og:type\" content=\"article\" \/>\n<meta property=\"og:title\" content=\"UNIARCH UNEAR A50E - Strim plus\" \/>\n<meta property=\"og:description\" content=\"Uniarch Unear A50E je avdio\u00a0 in\u00a0 video\u00a0 konferen\u010dni\u00a0 sistem,\u00a0 kateri\u00a0 omogo\u010da\u00a0 delovanje\u00a0 s\u00a0 poljubnimi\u00a0 video\u00a0 konferen\u010dnimi\u00a0 aplikacijami,\u00a0 kot\u00a0 so\u00a0 Microsoft\u00a0 Teams, Skype for Business, Zoom, GoToMeeting, Cisco Webex, Google Hangouts in podobno. Po zasnovi in funkcionalnosti je podoben Polyjevemu Studiu USB z dodatkom \u2013 mo\u017enostjo \u017ei\u010dne PoE povezave s \u0161e do \u0161tirimi (4) dodatnimi avdio...\" \/>\n<meta property=\"og:url\" content=\"https:\/\/strim.si\/trgovina\/product\/uniarch-unear-a50e\/\" \/>\n<meta property=\"og:site_name\" content=\"Strim plus\" \/>\n<meta property=\"article:modified_time\" content=\"2022-03-08T13:37:11+00:00\" \/>\n<meta property=\"og:image\" content=\"https:\/\/strim.si\/trgovina\/wp-content\/uploads\/2022\/02\/uniarch-unear-a50e-1.jpg\" \/>\n\t<meta property=\"og:image:width\" content=\"500\" \/>\n\t<meta property=\"og:image:height\" content=\"500\" \/>\n\t<meta property=\"og:image:type\" content=\"image\/jpeg\" \/>\n<meta name=\"twitter:card\" content=\"summary_large_image\" \/>\n<meta name=\"twitter:label1\" content=\"Est. reading time\" \/>\n\t<meta name=\"twitter:data1\" content=\"2 minuti\" \/>\n<script type=\"application\/ld+json\" class=\"yoast-schema-graph\">{\"@context\":\"https:\/\/schema.org\",\"@graph\":[{\"@type\":\"WebPage\",\"@id\":\"https:\/\/strim.si\/trgovina\/product\/uniarch-unear-a50e\/\",\"url\":\"https:\/\/strim.si\/trgovina\/product\/uniarch-unear-a50e\/\",\"name\":\"UNIARCH UNEAR A50E - Strim plus\",\"isPartOf\":{\"@id\":\"https:\/\/strim.si\/trgovina\/#website\"},\"primaryImageOfPage\":{\"@id\":\"https:\/\/strim.si\/trgovina\/product\/uniarch-unear-a50e\/#primaryimage\"},\"image\":{\"@id\":\"https:\/\/strim.si\/trgovina\/product\/uniarch-unear-a50e\/#primaryimage\"},\"thumbnailUrl\":\"https:\/\/strim.si\/trgovina\/wp-content\/uploads\/2022\/02\/uniarch-unear-a50e-1.jpg\",\"datePublished\":\"2022-02-19T12:59:46+00:00\",\"dateModified\":\"2022-03-08T13:37:11+00:00\",\"breadcrumb\":{\"@id\":\"https:\/\/strim.si\/trgovina\/product\/uniarch-unear-a50e\/#breadcrumb\"},\"inLanguage\":\"sl-SI\",\"potentialAction\":[{\"@type\":\"ReadAction\",\"target\":[\"https:\/\/strim.si\/trgovina\/product\/uniarch-unear-a50e\/\"]}]},{\"@type\":\"ImageObject\",\"inLanguage\":\"sl-SI\",\"@id\":\"https:\/\/strim.si\/trgovina\/product\/uniarch-unear-a50e\/#primaryimage\",\"url\":\"https:\/\/strim.si\/trgovina\/wp-content\/uploads\/2022\/02\/uniarch-unear-a50e-1.jpg\",\"contentUrl\":\"https:\/\/strim.si\/trgovina\/wp-content\/uploads\/2022\/02\/uniarch-unear-a50e-1.jpg\",\"width\":500,\"height\":500},{\"@type\":\"BreadcrumbList\",\"@id\":\"https:\/\/strim.si\/trgovina\/product\/uniarch-unear-a50e\/#breadcrumb\",\"itemListElement\":[{\"@type\":\"ListItem\",\"position\":1,\"name\":\"Home\",\"item\":\"https:\/\/strim.si\/trgovina\/\"},{\"@type\":\"ListItem\",\"position\":2,\"name\":\"Trgovina\",\"item\":\"https:\/\/strim.si\/trgovina\/trgovina\/\"},{\"@type\":\"ListItem\",\"position\":3,\"name\":\"UNIARCH UNEAR A50E\"}]},{\"@type\":\"WebSite\",\"@id\":\"https:\/\/strim.si\/trgovina\/#website\",\"url\":\"https:\/\/strim.si\/trgovina\/\",\"name\":\"Strim plus\",\"description\":\"spletna trgovina\",\"potentialAction\":[{\"@type\":\"SearchAction\",\"target\":{\"@type\":\"EntryPoint\",\"urlTemplate\":\"https:\/\/strim.si\/trgovina\/?s={search_term_string}\"},\"query-input\":\"required name=search_term_string\"}],\"inLanguage\":\"sl-SI\"}]}<\/script>\n<!-- \/ Yoast SEO plugin. -->","yoast_head_json":{"title":"UNIARCH UNEAR A50E - Strim plus","robots":{"index":"index","follow":"follow","max-snippet":"max-snippet:-1","max-image-preview":"max-image-preview:large","max-video-preview":"max-video-preview:-1"},"canonical":"https:\/\/strim.si\/trgovina\/product\/uniarch-unear-a50e\/","og_locale":"sl_SI","og_type":"article","og_title":"UNIARCH UNEAR A50E - Strim plus","og_description":"Uniarch Unear A50E je avdio\u00a0 in\u00a0 video\u00a0 konferen\u010dni\u00a0 sistem,\u00a0 kateri\u00a0 omogo\u010da\u00a0 delovanje\u00a0 s\u00a0 poljubnimi\u00a0 video\u00a0 konferen\u010dnimi\u00a0 aplikacijami,\u00a0 kot\u00a0 so\u00a0 Microsoft\u00a0 Teams, Skype for Business, Zoom, GoToMeeting, Cisco Webex, Google Hangouts in podobno. Po zasnovi in funkcionalnosti je podoben Polyjevemu Studiu USB z dodatkom \u2013 mo\u017enostjo \u017ei\u010dne PoE povezave s \u0161e do \u0161tirimi (4) dodatnimi avdio...","og_url":"https:\/\/strim.si\/trgovina\/product\/uniarch-unear-a50e\/","og_site_name":"Strim plus","article_modified_time":"2022-03-08T13:37:11+00:00","og_image":[{"width":500,"height":500,"url":"https:\/\/strim.si\/trgovina\/wp-content\/uploads\/2022\/02\/uniarch-unear-a50e-1.jpg","type":"image\/jpeg"}],"twitter_card":"summary_large_image","twitter_misc":{"Est. reading time":"2 minuti"},"schema":{"@context":"https:\/\/schema.org","@graph":[{"@type":"WebPage","@id":"https:\/\/strim.si\/trgovina\/product\/uniarch-unear-a50e\/","url":"https:\/\/strim.si\/trgovina\/product\/uniarch-unear-a50e\/","name":"UNIARCH UNEAR A50E - Strim plus","isPartOf":{"@id":"https:\/\/strim.si\/trgovina\/#website"},"primaryImageOfPage":{"@id":"https:\/\/strim.si\/trgovina\/product\/uniarch-unear-a50e\/#primaryimage"},"image":{"@id":"https:\/\/strim.si\/trgovina\/product\/uniarch-unear-a50e\/#primaryimage"},"thumbnailUrl":"https:\/\/strim.si\/trgovina\/wp-content\/uploads\/2022\/02\/uniarch-unear-a50e-1.jpg","datePublished":"2022-02-19T12:59:46+00:00","dateModified":"2022-03-08T13:37:11+00:00","breadcrumb":{"@id":"https:\/\/strim.si\/trgovina\/product\/uniarch-unear-a50e\/#breadcrumb"},"inLanguage":"sl-SI","potentialAction":[{"@type":"ReadAction","target":["https:\/\/strim.si\/trgovina\/product\/uniarch-unear-a50e\/"]}]},{"@type":"ImageObject","inLanguage":"sl-SI","@id":"https:\/\/strim.si\/trgovina\/product\/uniarch-unear-a50e\/#primaryimage","url":"https:\/\/strim.si\/trgovina\/wp-content\/uploads\/2022\/02\/uniarch-unear-a50e-1.jpg","contentUrl":"https:\/\/strim.si\/trgovina\/wp-content\/uploads\/2022\/02\/uniarch-unear-a50e-1.jpg","width":500,"height":500},{"@type":"BreadcrumbList","@id":"https:\/\/strim.si\/trgovina\/product\/uniarch-unear-a50e\/#breadcrumb","itemListElement":[{"@type":"ListItem","position":1,"name":"Home","item":"https:\/\/strim.si\/trgovina\/"},{"@type":"ListItem","position":2,"name":"Trgovina","item":"https:\/\/strim.si\/trgovina\/trgovina\/"},{"@type":"ListItem","position":3,"name":"UNIARCH UNEAR A50E"}]},{"@type":"WebSite","@id":"https:\/\/strim.si\/trgovina\/#website","url":"https:\/\/strim.si\/trgovina\/","name":"Strim plus","description":"spletna trgovina","potentialAction":[{"@type":"SearchAction","target":{"@type":"EntryPoint","urlTemplate":"https:\/\/strim.si\/trgovina\/?s={search_term_string}"},"query-input":"required name=search_term_string"}],"inLanguage":"sl-SI"}]}},"_links":{"self":[{"href":"https:\/\/strim.si\/trgovina\/wp-json\/wp\/v2\/product\/96","targetHints":{"allow":["GET"]}}],"collection":[{"href":"https:\/\/strim.si\/trgovina\/wp-json\/wp\/v2\/product"}],"about":[{"href":"https:\/\/strim.si\/trgovina\/wp-json\/wp\/v2\/types\/product"}],"wp:featuredmedia":[{"embeddable":true,"href":"https:\/\/strim.si\/trgovina\/wp-json\/wp\/v2\/media\/8375"}],"wp:attachment":[{"href":"https:\/\/strim.si\/trgovina\/wp-json\/wp\/v2\/media?parent=96"}],"wp:term":[{"taxonomy":"product_cat","embeddable":true,"href":"https:\/\/strim.si\/trgovina\/wp-json\/wp\/v2\/product_cat?post=96"},{"taxonomy":"product_tag","embeddable":true,"href":"https:\/\/strim.si\/trgovina\/wp-json\/wp\/v2\/product_tag?post=96"}],"curies":[{"name":"wp","href":"https:\/\/api.w.org\/{rel}","templated":true}]}}