{"id":97,"date":"2022-02-19T12:59:46","date_gmt":"2022-02-19T12:59:46","guid":{"rendered":"https:\/\/strim.si\/trgovina\/?post_type=product&#038;p=97"},"modified":"2024-03-01T19:00:23","modified_gmt":"2024-03-01T18:00:23","slug":"uniarch-unear-a30","status":"publish","type":"product","link":"https:\/\/strim.si\/trgovina\/product\/uniarch-unear-a30\/","title":{"rendered":"UNIARCH UNEAR A30"},"content":{"rendered":"<p>Unear A30 je namizna USB videokonferen\u010dni vse-v-enem sistem za majhne do srednje velike skupine. Kamera ima ultra \u0161iroki kot 115\u00b0, vodoravni pogled in podpira video klice QHD. Vgrajen 4-elementni niz vsesmernih mikrofonov prilagojen \u010dlove\u0161kemu glasu ter optimiziran \u0161irokopasovni zvo\u010dnik omogo\u010data 5-metrsko polno-dupleksno dvosmerno komunikacijo in stabilno HD avdio in video konferenco.<\/p>\n<p>Unear A30 zdru\u017euje kamero, mikrofone in zvo\u010dnik v eno samo napravo.<\/p>\n<p>Funkcije, kot so USB plug &amp; play ter splo\u0161na zdru\u017eljivost z vodilnimi spletnimi konferen\u010dnimi platformami postavlja Unear A30 kot odli\u010dno izbiro za konferen\u010dne sobe do 8 oseb ter u\u010dinkovitej\u0161e spletno sodelovanje za vse poslovne ekipe.<\/p>\n<p>&nbsp;<\/p>\n<p>Specifikacije<\/p>\n<ul>\n<li>4MP senzor, 2k slika, vidno polje kamere 115\u00ba<\/li>\n<li>\u0160tirje vgrajeni vsesmerni MEMS mikrofoni s 360\u00ba pobiranjem zvoka<\/li>\n<li>Zajem govora na razdalji do 5 metrov<\/li>\n<li>Echo Cancellation tehnologija<\/li>\n<li>AI Speaker Detection tehnologija<\/li>\n<li>AI Backgrund Noise Suppression tehnologija<\/li>\n<li>Tipka za izklop mikrofonov (Mute)<\/li>\n<li>Namizna postavitev<\/li>\n<li>\u010crna barva<\/li>\n<li>Jakost zvoka 90dB @ 0,5m<\/li>\n<li>Stereo zvo\u010dniki v obmo\u010dju 20Hz do 20kHz<\/li>\n<li>Enostavni priklop z USB kablom na ra\u010dunalnik<\/li>\n<li>Podpora operacijskih sistemov Microsoft Windows in Apple MacOS ter Linux<\/li>\n<li>Prilo\u017een USB Type C kabel dol\u017eine 1.5m<\/li>\n<\/ul>\n<p>2 leti garancije<\/p>\n","protected":false},"excerpt":{"rendered":"<p>Unear A30 je namizna USB videokonferen\u010dni vse-v-enem sistem za majhne do srednje velike skupine. Kamera ima ultra \u0161iroki kot 115\u00b0, vodoravni pogled in podpira video klice QHD. Vgrajen 4-elementni niz vsesmernih mikrofonov prilagojen \u010dlove\u0161kemu glasu ter optimiziran \u0161irokopasovni zvo\u010dnik omogo\u010data 5-metrsko polno-dupleksno dvosmerno komunikacijo in stabilno HD avdio in video konferenco. Unear A30 zdru\u017euje kamero,&#8230;<\/p>\n","protected":false},"featured_media":73,"template":"","meta":{"_acf_changed":false},"product_cat":[78,55],"product_tag":[],"class_list":["post-97","product","type-product","status-publish","has-post-thumbnail","hentry","product_cat-sistemi-vse-v-enem","product_cat-videokonference"],"acf":[],"yoast_head":"<!-- This site is optimized with the Yoast SEO plugin v22.3 - https:\/\/yoast.com\/wordpress\/plugins\/seo\/ -->\n<title>UNIARCH UNEAR A30 - Strim plus<\/title>\n<meta name=\"robots\" content=\"index, follow, max-snippet:-1, max-image-preview:large, max-video-preview:-1\" \/>\n<link rel=\"canonical\" href=\"https:\/\/strim.si\/trgovina\/product\/uniarch-unear-a30\/\" \/>\n<meta property=\"og:locale\" content=\"sl_SI\" \/>\n<meta property=\"og:type\" content=\"article\" \/>\n<meta property=\"og:title\" content=\"UNIARCH UNEAR A30 - Strim plus\" \/>\n<meta property=\"og:description\" content=\"Unear A30 je namizna USB videokonferen\u010dni vse-v-enem sistem za majhne do srednje velike skupine. Kamera ima ultra \u0161iroki kot 115\u00b0, vodoravni pogled in podpira video klice QHD. Vgrajen 4-elementni niz vsesmernih mikrofonov prilagojen \u010dlove\u0161kemu glasu ter optimiziran \u0161irokopasovni zvo\u010dnik omogo\u010data 5-metrsko polno-dupleksno dvosmerno komunikacijo in stabilno HD avdio in video konferenco. Unear A30 zdru\u017euje kamero,...\" \/>\n<meta property=\"og:url\" content=\"https:\/\/strim.si\/trgovina\/product\/uniarch-unear-a30\/\" \/>\n<meta property=\"og:site_name\" content=\"Strim plus\" \/>\n<meta property=\"article:modified_time\" content=\"2024-03-01T18:00:23+00:00\" \/>\n<meta property=\"og:image\" content=\"https:\/\/strim.si\/trgovina\/wp-content\/uploads\/2022\/02\/UNIARCH20UNEAR20A30.jpg\" \/>\n\t<meta property=\"og:image:width\" content=\"450\" \/>\n\t<meta property=\"og:image:height\" content=\"450\" \/>\n\t<meta property=\"og:image:type\" content=\"image\/jpeg\" \/>\n<meta name=\"twitter:card\" content=\"summary_large_image\" \/>\n<meta name=\"twitter:label1\" content=\"Est. reading time\" \/>\n\t<meta name=\"twitter:data1\" content=\"1 minuta\" \/>\n<script type=\"application\/ld+json\" class=\"yoast-schema-graph\">{\"@context\":\"https:\/\/schema.org\",\"@graph\":[{\"@type\":\"WebPage\",\"@id\":\"https:\/\/strim.si\/trgovina\/product\/uniarch-unear-a30\/\",\"url\":\"https:\/\/strim.si\/trgovina\/product\/uniarch-unear-a30\/\",\"name\":\"UNIARCH UNEAR A30 - Strim plus\",\"isPartOf\":{\"@id\":\"https:\/\/strim.si\/trgovina\/#website\"},\"primaryImageOfPage\":{\"@id\":\"https:\/\/strim.si\/trgovina\/product\/uniarch-unear-a30\/#primaryimage\"},\"image\":{\"@id\":\"https:\/\/strim.si\/trgovina\/product\/uniarch-unear-a30\/#primaryimage\"},\"thumbnailUrl\":\"https:\/\/strim.si\/trgovina\/wp-content\/uploads\/2022\/02\/UNIARCH20UNEAR20A30.jpg\",\"datePublished\":\"2022-02-19T12:59:46+00:00\",\"dateModified\":\"2024-03-01T18:00:23+00:00\",\"breadcrumb\":{\"@id\":\"https:\/\/strim.si\/trgovina\/product\/uniarch-unear-a30\/#breadcrumb\"},\"inLanguage\":\"sl-SI\",\"potentialAction\":[{\"@type\":\"ReadAction\",\"target\":[\"https:\/\/strim.si\/trgovina\/product\/uniarch-unear-a30\/\"]}]},{\"@type\":\"ImageObject\",\"inLanguage\":\"sl-SI\",\"@id\":\"https:\/\/strim.si\/trgovina\/product\/uniarch-unear-a30\/#primaryimage\",\"url\":\"https:\/\/strim.si\/trgovina\/wp-content\/uploads\/2022\/02\/UNIARCH20UNEAR20A30.jpg\",\"contentUrl\":\"https:\/\/strim.si\/trgovina\/wp-content\/uploads\/2022\/02\/UNIARCH20UNEAR20A30.jpg\",\"width\":450,\"height\":450},{\"@type\":\"BreadcrumbList\",\"@id\":\"https:\/\/strim.si\/trgovina\/product\/uniarch-unear-a30\/#breadcrumb\",\"itemListElement\":[{\"@type\":\"ListItem\",\"position\":1,\"name\":\"Home\",\"item\":\"https:\/\/strim.si\/trgovina\/\"},{\"@type\":\"ListItem\",\"position\":2,\"name\":\"Trgovina\",\"item\":\"https:\/\/strim.si\/trgovina\/trgovina\/\"},{\"@type\":\"ListItem\",\"position\":3,\"name\":\"UNIARCH UNEAR A30\"}]},{\"@type\":\"WebSite\",\"@id\":\"https:\/\/strim.si\/trgovina\/#website\",\"url\":\"https:\/\/strim.si\/trgovina\/\",\"name\":\"Strim plus\",\"description\":\"spletna trgovina\",\"potentialAction\":[{\"@type\":\"SearchAction\",\"target\":{\"@type\":\"EntryPoint\",\"urlTemplate\":\"https:\/\/strim.si\/trgovina\/?s={search_term_string}\"},\"query-input\":\"required name=search_term_string\"}],\"inLanguage\":\"sl-SI\"}]}<\/script>\n<!-- \/ Yoast SEO plugin. -->","yoast_head_json":{"title":"UNIARCH UNEAR A30 - Strim plus","robots":{"index":"index","follow":"follow","max-snippet":"max-snippet:-1","max-image-preview":"max-image-preview:large","max-video-preview":"max-video-preview:-1"},"canonical":"https:\/\/strim.si\/trgovina\/product\/uniarch-unear-a30\/","og_locale":"sl_SI","og_type":"article","og_title":"UNIARCH UNEAR A30 - Strim plus","og_description":"Unear A30 je namizna USB videokonferen\u010dni vse-v-enem sistem za majhne do srednje velike skupine. Kamera ima ultra \u0161iroki kot 115\u00b0, vodoravni pogled in podpira video klice QHD. Vgrajen 4-elementni niz vsesmernih mikrofonov prilagojen \u010dlove\u0161kemu glasu ter optimiziran \u0161irokopasovni zvo\u010dnik omogo\u010data 5-metrsko polno-dupleksno dvosmerno komunikacijo in stabilno HD avdio in video konferenco. Unear A30 zdru\u017euje kamero,...","og_url":"https:\/\/strim.si\/trgovina\/product\/uniarch-unear-a30\/","og_site_name":"Strim plus","article_modified_time":"2024-03-01T18:00:23+00:00","og_image":[{"width":450,"height":450,"url":"https:\/\/strim.si\/trgovina\/wp-content\/uploads\/2022\/02\/UNIARCH20UNEAR20A30.jpg","type":"image\/jpeg"}],"twitter_card":"summary_large_image","twitter_misc":{"Est. reading time":"1 minuta"},"schema":{"@context":"https:\/\/schema.org","@graph":[{"@type":"WebPage","@id":"https:\/\/strim.si\/trgovina\/product\/uniarch-unear-a30\/","url":"https:\/\/strim.si\/trgovina\/product\/uniarch-unear-a30\/","name":"UNIARCH UNEAR A30 - Strim plus","isPartOf":{"@id":"https:\/\/strim.si\/trgovina\/#website"},"primaryImageOfPage":{"@id":"https:\/\/strim.si\/trgovina\/product\/uniarch-unear-a30\/#primaryimage"},"image":{"@id":"https:\/\/strim.si\/trgovina\/product\/uniarch-unear-a30\/#primaryimage"},"thumbnailUrl":"https:\/\/strim.si\/trgovina\/wp-content\/uploads\/2022\/02\/UNIARCH20UNEAR20A30.jpg","datePublished":"2022-02-19T12:59:46+00:00","dateModified":"2024-03-01T18:00:23+00:00","breadcrumb":{"@id":"https:\/\/strim.si\/trgovina\/product\/uniarch-unear-a30\/#breadcrumb"},"inLanguage":"sl-SI","potentialAction":[{"@type":"ReadAction","target":["https:\/\/strim.si\/trgovina\/product\/uniarch-unear-a30\/"]}]},{"@type":"ImageObject","inLanguage":"sl-SI","@id":"https:\/\/strim.si\/trgovina\/product\/uniarch-unear-a30\/#primaryimage","url":"https:\/\/strim.si\/trgovina\/wp-content\/uploads\/2022\/02\/UNIARCH20UNEAR20A30.jpg","contentUrl":"https:\/\/strim.si\/trgovina\/wp-content\/uploads\/2022\/02\/UNIARCH20UNEAR20A30.jpg","width":450,"height":450},{"@type":"BreadcrumbList","@id":"https:\/\/strim.si\/trgovina\/product\/uniarch-unear-a30\/#breadcrumb","itemListElement":[{"@type":"ListItem","position":1,"name":"Home","item":"https:\/\/strim.si\/trgovina\/"},{"@type":"ListItem","position":2,"name":"Trgovina","item":"https:\/\/strim.si\/trgovina\/trgovina\/"},{"@type":"ListItem","position":3,"name":"UNIARCH UNEAR A30"}]},{"@type":"WebSite","@id":"https:\/\/strim.si\/trgovina\/#website","url":"https:\/\/strim.si\/trgovina\/","name":"Strim plus","description":"spletna trgovina","potentialAction":[{"@type":"SearchAction","target":{"@type":"EntryPoint","urlTemplate":"https:\/\/strim.si\/trgovina\/?s={search_term_string}"},"query-input":"required name=search_term_string"}],"inLanguage":"sl-SI"}]}},"_links":{"self":[{"href":"https:\/\/strim.si\/trgovina\/wp-json\/wp\/v2\/product\/97","targetHints":{"allow":["GET"]}}],"collection":[{"href":"https:\/\/strim.si\/trgovina\/wp-json\/wp\/v2\/product"}],"about":[{"href":"https:\/\/strim.si\/trgovina\/wp-json\/wp\/v2\/types\/product"}],"wp:featuredmedia":[{"embeddable":true,"href":"https:\/\/strim.si\/trgovina\/wp-json\/wp\/v2\/media\/73"}],"wp:attachment":[{"href":"https:\/\/strim.si\/trgovina\/wp-json\/wp\/v2\/media?parent=97"}],"wp:term":[{"taxonomy":"product_cat","embeddable":true,"href":"https:\/\/strim.si\/trgovina\/wp-json\/wp\/v2\/product_cat?post=97"},{"taxonomy":"product_tag","embeddable":true,"href":"https:\/\/strim.si\/trgovina\/wp-json\/wp\/v2\/product_tag?post=97"}],"curies":[{"name":"wp","href":"https:\/\/api.w.org\/{rel}","templated":true}]}}